{"id":202,"date":"2022-09-07T19:46:37","date_gmt":"2022-09-07T10:46:37","guid":{"rendered":"https:\/\/hansemvietnam.com\/?page_id=202"},"modified":"2024-07-30T08:40:35","modified_gmt":"2024-07-29T23:40:35","slug":"contact-us","status":"publish","type":"page","link":"https:\/\/hansemvietnam.com\/vi\/contact-us\/","title":{"rendered":"Li\u00ean h\u1ec7"},"content":{"rendered":"<div class=\"wp-block-group wrap\"><div class=\"wp-block-group__inner-container is-layout-flow wp-block-group-is-layout-flow\">\n<div class=\"wp-block-columns contactus_map is-layout-flex wp-container-core-columns-is-layout-9d6595d7 wp-block-columns-is-layout-flex\">\n<div class=\"wp-block-column is-layout-flow wp-block-column-is-layout-flow\" style=\"flex-basis:30%\">\n<div class=\"wp-block-group contact_box\"><div class=\"wp-block-group__inner-container is-layout-flow wp-block-group-is-layout-flow\">\n<h3 class=\"wp-block-heading\">V\u0103n ph\u00f2ng<\/h3>\n\n\n\n<p><strong>\u0110\u1ecaA CH\u1ec8<\/strong><\/p>\n\n\n\n<p>6<sup>th<\/sup> T\u1ea7ng 6, T\u00f2a nh\u00e0 129 \u0110i\u1ec7n Bi\u00ean Ph\u1ee7, Ph\u01b0\u1eddng 15,\nQu\u1eadn B\u00ecnh Th\u1ea1nh, Th\u00e0nh ph\u1ed1 H\u1ed3 Ch\u00ed Minh, Vi\u1ec7t Nam<\/p>\n\n\n\n<p><strong>\u0110T<\/strong><\/p>\n\n\n\n<p class=\"tel\">\nTel: (+84) 28 3925 1201\n<\/p>\n<p class=\"tel\">\nDi \u0111\u1ed9ng: (+84) 9099 22 530\n<\/p>\n\n\n\n<p><strong>TH\u01af<\/strong><\/p>\n\n\n\n<p class=\"mail\"><a href=\"mailto:cs_hsvn@hansem.com\">cs_hsvn@hansem.com<\/a><\/p>\n\n\n\n<div class=\"sns\">\n<a href=\"https:\/\/www.facebook.com\/hsvnhansemvietnam\" target=\"_blank\" rel=\"noopener\"><img decoding=\"async\" src=\"https:\/\/hansemvietnam.com\/wp-content\/uploads\/2022\/09\/footer_sns_facebook.png\" alt=\"facebook\"><\/a>\n                <a href=\"http:\/\/linkedin.com\/company\/hansemvietnam\" target=\"_blank\" rel=\"noopener\"><img decoding=\"async\" src=\"https:\/\/hansemvietnam.com\/wp-content\/uploads\/2022\/09\/footer_sns_in.png\" alt=\"in\"><\/a>\n<\/div>\n<\/div><\/div>\n<\/div>\n\n\n\n<div class=\"wp-block-column is-layout-flow wp-block-column-is-layout-flow\" style=\"flex-basis:70%\">\n<iframe class=\"engView\" src=\"https:\/\/www.google.com\/maps\/embed?pb=!1m18!1m12!1m3!1d15677.212652469936!2d106.68703010236057!3d10.788076748206537!2m3!1f0!2f0!3f0!3m2!1i1024!2i768!4f13.1!3m3!1m2!1s0x31752f0bc562f4e1%3A0xfdb3cf38c8b0db90!2zVk5PIEJVSUxESU5HIDEyNCDEkEnhu4ZOIEJJw4pOIFBI4bum!5e0!3m2!1sko!2skr!4v1722296319289!5m2!1sko!2skr\" width=\"600\" height=\"450\" style=\"border:0;\" allowfullscreen=\"\" loading=\"lazy\" referrerpolicy=\"no-referrer-when-downgrade\"><\/iframe>\n\n\n\n<iframe class=\"vieView\" src=\"https:\/\/www.google.com\/maps\/embed?pb=!1m18!1m12!1m3!1d15677.212652469936!2d106.68703010236057!3d10.788076748206537!2m3!1f0!2f0!3f0!3m2!1i1024!2i768!4f13.1!3m3!1m2!1s0x31752f0bc562f4e1%3A0xfdb3cf38c8b0db90!2zVk5PIEJVSUxESU5HIDEyNCDEkEnhu4ZOIEJJw4pOIFBI4bum!5e0!3m2!1sko!2skr!4v1722296319289!5m2!1sko!2skr\" width=\"600\" height=\"450\" style=\"border:0;\" allowfullscreen=\"\" loading=\"lazy\" referrerpolicy=\"no-referrer-when-downgrade\"><\/iframe>\n<\/div>\n<\/div>\n\n\n\n<div class=\"wp-block-columns office_box blind_none is-layout-flex wp-container-core-columns-is-layout-9d6595d7 wp-block-columns-is-layout-flex\">\n<div class=\"wp-block-column office_box_left is-layout-flow wp-block-column-is-layout-flow\" style=\"flex-basis:30%\">\n<h3 class=\"wp-block-heading\">Offices<\/h3>\n<\/div>\n\n\n\n<div class=\"wp-block-column office_box_right is-layout-flow wp-block-column-is-layout-flow\" style=\"flex-basis:70%\">\n<div class=\"wp-block-group\"><div class=\"wp-block-group__inner-container is-layout-flow wp-block-group-is-layout-flow\">\n<div class=\"wp-block-group office animated blind_none\"><div class=\"wp-block-group__inner-container is-layout-flow wp-block-group-is-layout-flow\">\n<h4 class=\"wp-block-heading\">USA<\/h4>\n\n\n\n<!--iframe src=\"http:\/\/free.timeanddate.com\/clock\/i7sl468t\/n840\/ahr\/th2\/ts1\/ta1\" frameborder=\"0\"><\/iframe-->\n<p class=\"time\">1:49 am PDT<\/p>\n\n\n\n<figure class=\"wp-block-image size-full moView\"><img decoding=\"async\" src=\"https:\/\/hansemvietnam.com\/wp-content\/uploads\/2022\/08\/offices_img1_mo.png\" alt=\"\" class=\"wp-image-310\"><\/figure>\n<figure class=\"wp-block-image size-full pcView\"><img decoding=\"async\" src=\"https:\/\/hansemvietnam.com\/wp-content\/uploads\/2022\/08\/offices_img1_pc.png\" alt=\"\" class=\"wp-image-310\"><\/figure>\n\n\n\n<p>300 Spectrum Center Dr. Suite 400, Irvine, CA 92618<\/p>\n\n\n\n<p><a href=\"mailto:USA@hansem.com\">USA@hansem.com<\/a><\/p>\n<\/div><\/div>\n\n\n\n<div class=\"wp-block-group office animated blind_none\"><div class=\"wp-block-group__inner-container is-layout-flow wp-block-group-is-layout-flow\">\n<h4 class=\"wp-block-heading\">Korea HQ<\/h4>\n\n\n\n<!--iframe src=\"http:\/\/free.timeanddate.com\/clock\/i7sl468t\/n5099\/ahr\/th2\/ts1\/ta1\" frameborder=\"0\"><\/iframe-->\n<p class=\"time\">5:49 pm KST<\/p>\n\n\n\n<figure class=\"wp-block-image size-full moView\"><img decoding=\"async\" src=\"https:\/\/hansemvietnam.com\/wp-content\/uploads\/2022\/08\/offices_img2_mo.png\" alt=\"\" class=\"wp-image-311\"><\/figure>\n<figure class=\"wp-block-image size-full pcView\"><img decoding=\"async\" src=\"https:\/\/hansemvietnam.com\/wp-content\/uploads\/2022\/08\/offices_img2_pc.png\" alt=\"\" class=\"wp-image-311\"><\/figure>\n\n\n\n<p>24, Gwongwang-ro 142 beongil, Paldal-gu, Suwon-si, Gyeonggi-do, 16491, Republic of Korea<\/p>\n\n\n\n<p><a href=\"mailto:Korea@hansem.com\">Korea@hansem.com<\/a><\/p>\n<\/div><\/div>\n\n\n\n<div class=\"wp-block-group office animated blind_none\"><div class=\"wp-block-group__inner-container is-layout-flow wp-block-group-is-layout-flow\">\n<h4 class=\"wp-block-heading\">China<\/h4>\n\n\n\n<!--iframe src=\"http:\/\/free.timeanddate.com\/clock\/i7sl4zwf\/n665\/ahr\/th2\/ts1\/ta1\" frameborder=\"0\"><\/iframe-->\n<p class=\"time\">4:49 pm CST<\/p>\n\n\n\n<figure class=\"wp-block-image size-full moView\"><img decoding=\"async\" src=\"https:\/\/hansemvietnam.com\/wp-content\/uploads\/2022\/08\/offices_img3_mo.png\" alt=\"\" class=\"wp-image-312\"><\/figure>\n<figure class=\"wp-block-image size-full pcView\"><img decoding=\"async\" src=\"https:\/\/hansemvietnam.com\/wp-content\/uploads\/2022\/08\/offices_img3_pc.png\" alt=\"\" class=\"wp-image-312\"><\/figure>\n\n\n\n<p>7F, Ploly International Center, No.330, Guanshan Avenue, Hongshan District, Wuhan City, Hubei Province<\/p>\n\n\n\n<p><a href=\"mailto:China@hansem.com\">China@hansem.com<\/a><\/p>\n<\/div><\/div>\n\n\n\n<div class=\"wp-block-group office animated\"><div class=\"wp-block-group__inner-container is-layout-flow wp-block-group-is-layout-flow\">\n<h4 class=\"wp-block-heading\">Vietnam<\/h4>\n\n\n\n<!--iframe src=\"http:\/\/free.timeanddate.com\/clock\/i7sl4zwf\/n5061\/ahr\/th2\/ts1\/ta1\" frameborder=\"0\"><\/iframe-->\n<p class=\"time\">3:50 pm ICT<\/p>\n\n\n\n<figure class=\"wp-block-image size-full moView\"><img decoding=\"async\" src=\"https:\/\/hansemvietnam.com\/wp-content\/uploads\/2022\/08\/offices_img4_mo.png\" alt=\"\" class=\"wp-image-313\"><\/figure>\n<figure class=\"wp-block-image size-full pcView\"><img decoding=\"async\" src=\"https:\/\/hansemvietnam.com\/wp-content\/uploads\/2022\/08\/offices_img4_pc.png\" alt=\"\" class=\"wp-image-313\"><\/figure>\n\n\n\n<p>Unit 802, 8th Floor, Ha Phan Building, 17-17A-19 Ton That Tung Street, Pham Ngu Lao Ward, District 1, HCMC<\/p>\n\n\n\n<p><a href=\"mailto:Vietnam@hansem.com\">Vietnam@hansem.com<\/a><\/p>\n<\/div><\/div>\n\n\n\n<div class=\"wp-block-group office animated blind_none\"><div class=\"wp-block-group__inner-container is-layout-flow wp-block-group-is-layout-flow\">\n<h4 class=\"wp-block-heading\">Ti\u1ebfng Myanmar<\/h4>\n\n\n\n<!--iframe src=\"http:\/\/free.timeanddate.com\/clock\/i7sl4zwf\/n208\/ahr\/th2\/ts1\/ta1\" frameborder=\"0\"><\/iframe-->\n<p class=\"time\">3:20 pm MMT<\/p>\n\n\n\n<figure class=\"wp-block-image size-full moView\"><img decoding=\"async\" src=\"https:\/\/hansemvietnam.com\/wp-content\/uploads\/2022\/08\/offices_img5_mo.png\" alt=\"\" class=\"wp-image-314\"><\/figure>\n<figure class=\"wp-block-image size-full pcView\"><img decoding=\"async\" src=\"https:\/\/hansemvietnam.com\/wp-content\/uploads\/2022\/08\/offices_img5_pc.png\" alt=\"\" class=\"wp-image-314\"><\/figure>\n\n\n\n<p>No.658, Anawmar 15 street, 1 Quarter, Tharketa Township, Yangon, Myanmar<\/p>\n\n\n\n<p><a href=\"mailto:Myanmar@hansem.com\">Myanmar@hansem.com<\/a><\/p>\n<\/div><\/div>\n\n\n\n<div class=\"wp-block-group office animated blind_none\"><div class=\"wp-block-group__inner-container is-layout-flow wp-block-group-is-layout-flow\">\n<h4 class=\"wp-block-heading\">Ti\u1ebfng Th\u00e1i<\/h4>\n\n\n\n<!--iframe src=\"http:\/\/free.timeanddate.com\/clock\/i7sl4zwf\/n2486\/ahr\/th2\/ts1\/ta1\" frameborder=\"0\"><\/iframe-->\n<p class=\"time\">3:50 pm ICT<\/p>\n\n\n\n<figure class=\"wp-block-image size-full moView\"><img decoding=\"async\" src=\"https:\/\/hansemvietnam.com\/wp-content\/uploads\/2022\/08\/offices_img6_mo.png\" alt=\"\" class=\"wp-image-315\"><\/figure>\n<figure class=\"wp-block-image size-full pcView\"><img decoding=\"async\" src=\"https:\/\/hansemvietnam.com\/wp-content\/uploads\/2022\/08\/offices_img6_pc.png\" alt=\"\" class=\"wp-image-315\"><\/figure>\n\n\n\n<p>85\/197 SINTAWEE VILLAGE, Banklongsuan, Prasamutchedi, Samutprakan 10290 Thailand<\/p>\n\n\n\n<p><a href=\"http:\/\/@mailto:Thai@hansem.com\" data-type=\"mailto\" data-id=\"@mailto:Thai@hansem.com\">Thai@hansem<\/a><\/p>\n<\/div><\/div>\n\n\n\n<div class=\"wp-block-group office animated blind_none\"><div class=\"wp-block-group__inner-container is-layout-flow wp-block-group-is-layout-flow\">\n<h4 class=\"wp-block-heading\">Japan<\/h4>\n\n\n\n<!--iframe src=\"http:\/\/free.timeanddate.com\/clock\/i7sl4zwf\/n248\/ahr\/th2\/ts1\/ta1\" frameborder=\"0\"><\/iframe-->\n<p class=\"time\">5:50 pm JST<\/p>\n\n\n\n<figure class=\"wp-block-image size-full moView\"><img decoding=\"async\" src=\"https:\/\/hansemvietnam.com\/wp-content\/uploads\/2022\/08\/offices_img7_mo.png\" alt=\"\" class=\"wp-image-317\"><\/figure>\n<figure class=\"wp-block-image size-full pcView\"><img decoding=\"async\" src=\"https:\/\/hansemvietnam.com\/wp-content\/uploads\/2022\/08\/offices_img7_pc.png\" alt=\"\" class=\"wp-image-317\"><\/figure>\n\n\n\n<p>3-6-9, Okudo, Katsushika-ku, Tokyo, Japan 124-0022<\/p>\n\n\n\n<p><a href=\"mailto:japan@hansem.com\">japan@hansem.com<\/a><\/p>\n<\/div><\/div>\n<\/div><\/div>\n<\/div>\n<\/div>\n<\/div><\/div>","protected":false},"excerpt":{"rendered":"<p>Office ADDRESS 6th Floor, VNO Building \u2013 129 Dien Bien Phu Stresst, Ward 15, Binh Thanh District, Ho Chi Minh City, Vietnam TEL Tel: (+84) 28 3925 1201 Mobile: (+84) 9099 22 530 MAIL cs_hsvn@hansem.com Offices USA 1:49 am PDT 300 Spectrum Center Dr. Suite&#8230;<\/p>","protected":false},"author":1,"featured_media":0,"parent":0,"menu_order":0,"comment_status":"closed","ping_status":"closed","template":"","meta":{"footnotes":""},"class_list":["post-202","page","type-page","status-publish","hentry"],"yoast_head":"<!-- This site is optimized with the Yoast SEO plugin v25.6 - https:\/\/yoast.com\/wordpress\/plugins\/seo\/ -->\n<title>Contact us - hansemvietnam<\/title>\n<meta name=\"robots\" content=\"index, follow, max-snippet:-1, max-image-preview:large, max-video-preview:-1\" \/>\n<link rel=\"canonical\" href=\"https:\/\/hansemvietnam.com\/vi\/contact-us\/\" \/>\n<meta property=\"og:locale\" content=\"vi_VN\" \/>\n<meta property=\"og:type\" content=\"article\" \/>\n<meta property=\"og:title\" content=\"Contact us - hansemvietnam\" \/>\n<meta property=\"og:description\" content=\"Office ADDRESS 6th Floor, VNO Building \u2013 129 Dien Bien Phu Stresst, Ward 15, Binh Thanh District, Ho Chi Minh City, Vietnam TEL Tel: (+84) 28 3925 1201 Mobile: (+84) 9099 22 530 MAIL cs_hsvn@hansem.com Offices USA 1:49 am PDT 300 Spectrum Center Dr. Suite...\" \/>\n<meta property=\"og:url\" content=\"https:\/\/hansemvietnam.com\/vi\/contact-us\/\" \/>\n<meta property=\"og:site_name\" content=\"hansemvietnam\" \/>\n<meta property=\"article:modified_time\" content=\"2024-07-29T23:40:35+00:00\" \/>\n<meta property=\"og:image\" content=\"https:\/\/hansemvietnam.com\/wp-content\/uploads\/2022\/09\/footer_sns_facebook.png\" \/>\n<meta name=\"twitter:card\" content=\"summary_large_image\" \/>\n<meta name=\"twitter:label1\" content=\"\u01af\u1edbc t\u00ednh th\u1eddi gian \u0111\u1ecdc\" \/>\n\t<meta name=\"twitter:data1\" content=\"5 ph\u00fat\" \/>\n<script type=\"application\/ld+json\" class=\"yoast-schema-graph\">{\"@context\":\"https:\/\/schema.org\",\"@graph\":[{\"@type\":\"WebPage\",\"@id\":\"https:\/\/hansemvietnam.com\/contact-us\/\",\"url\":\"https:\/\/hansemvietnam.com\/contact-us\/\",\"name\":\"Contact us - hansemvietnam\",\"isPartOf\":{\"@id\":\"https:\/\/hansemvietnam.com\/#website\"},\"primaryImageOfPage\":{\"@id\":\"https:\/\/hansemvietnam.com\/contact-us\/#primaryimage\"},\"image\":{\"@id\":\"https:\/\/hansemvietnam.com\/contact-us\/#primaryimage\"},\"thumbnailUrl\":\"https:\/\/hansemvietnam.com\/wp-content\/uploads\/2022\/09\/footer_sns_facebook.png\",\"datePublished\":\"2022-09-07T10:46:37+00:00\",\"dateModified\":\"2024-07-29T23:40:35+00:00\",\"breadcrumb\":{\"@id\":\"https:\/\/hansemvietnam.com\/contact-us\/#breadcrumb\"},\"inLanguage\":\"vi\",\"potentialAction\":[{\"@type\":\"ReadAction\",\"target\":[\"https:\/\/hansemvietnam.com\/contact-us\/\"]}]},{\"@type\":\"ImageObject\",\"inLanguage\":\"vi\",\"@id\":\"https:\/\/hansemvietnam.com\/contact-us\/#primaryimage\",\"url\":\"https:\/\/hansemvietnam.com\/wp-content\/uploads\/2022\/09\/footer_sns_facebook.png\",\"contentUrl\":\"https:\/\/hansemvietnam.com\/wp-content\/uploads\/2022\/09\/footer_sns_facebook.png\"},{\"@type\":\"BreadcrumbList\",\"@id\":\"https:\/\/hansemvietnam.com\/contact-us\/#breadcrumb\",\"itemListElement\":[{\"@type\":\"ListItem\",\"position\":1,\"name\":\"\ud648\",\"item\":\"https:\/\/hansemvietnam.com\/\"},{\"@type\":\"ListItem\",\"position\":2,\"name\":\"Contact us\"}]},{\"@type\":\"WebSite\",\"@id\":\"https:\/\/hansemvietnam.com\/#website\",\"url\":\"https:\/\/hansemvietnam.com\/\",\"name\":\"hansemvietnam\",\"description\":\"\ub610 \ud558\ub098\uc758 \uc6cc\ub4dc\ud504\ub808\uc2a4 \uc0ac\uc774\ud2b8\",\"potentialAction\":[{\"@type\":\"SearchAction\",\"target\":{\"@type\":\"EntryPoint\",\"urlTemplate\":\"https:\/\/hansemvietnam.com\/?s={search_term_string}\"},\"query-input\":{\"@type\":\"PropertyValueSpecification\",\"valueRequired\":true,\"valueName\":\"search_term_string\"}}],\"inLanguage\":\"vi\"}]}<\/script>\n<!-- \/ Yoast SEO plugin. -->","yoast_head_json":{"title":"Contact us - hansemvietnam","robots":{"index":"index","follow":"follow","max-snippet":"max-snippet:-1","max-image-preview":"max-image-preview:large","max-video-preview":"max-video-preview:-1"},"canonical":"https:\/\/hansemvietnam.com\/vi\/contact-us\/","og_locale":"vi_VN","og_type":"article","og_title":"Contact us - hansemvietnam","og_description":"Office ADDRESS 6th Floor, VNO Building \u2013 129 Dien Bien Phu Stresst, Ward 15, Binh Thanh District, Ho Chi Minh City, Vietnam TEL Tel: (+84) 28 3925 1201 Mobile: (+84) 9099 22 530 MAIL cs_hsvn@hansem.com Offices USA 1:49 am PDT 300 Spectrum Center Dr. Suite...","og_url":"https:\/\/hansemvietnam.com\/vi\/contact-us\/","og_site_name":"hansemvietnam","article_modified_time":"2024-07-29T23:40:35+00:00","og_image":[{"url":"https:\/\/hansemvietnam.com\/wp-content\/uploads\/2022\/09\/footer_sns_facebook.png","type":"","width":"","height":""}],"twitter_card":"summary_large_image","twitter_misc":{"\u01af\u1edbc t\u00ednh th\u1eddi gian \u0111\u1ecdc":"5 ph\u00fat"},"schema":{"@context":"https:\/\/schema.org","@graph":[{"@type":"WebPage","@id":"https:\/\/hansemvietnam.com\/contact-us\/","url":"https:\/\/hansemvietnam.com\/contact-us\/","name":"Contact us - hansemvietnam","isPartOf":{"@id":"https:\/\/hansemvietnam.com\/#website"},"primaryImageOfPage":{"@id":"https:\/\/hansemvietnam.com\/contact-us\/#primaryimage"},"image":{"@id":"https:\/\/hansemvietnam.com\/contact-us\/#primaryimage"},"thumbnailUrl":"https:\/\/hansemvietnam.com\/wp-content\/uploads\/2022\/09\/footer_sns_facebook.png","datePublished":"2022-09-07T10:46:37+00:00","dateModified":"2024-07-29T23:40:35+00:00","breadcrumb":{"@id":"https:\/\/hansemvietnam.com\/contact-us\/#breadcrumb"},"inLanguage":"vi","potentialAction":[{"@type":"ReadAction","target":["https:\/\/hansemvietnam.com\/contact-us\/"]}]},{"@type":"ImageObject","inLanguage":"vi","@id":"https:\/\/hansemvietnam.com\/contact-us\/#primaryimage","url":"https:\/\/hansemvietnam.com\/wp-content\/uploads\/2022\/09\/footer_sns_facebook.png","contentUrl":"https:\/\/hansemvietnam.com\/wp-content\/uploads\/2022\/09\/footer_sns_facebook.png"},{"@type":"BreadcrumbList","@id":"https:\/\/hansemvietnam.com\/contact-us\/#breadcrumb","itemListElement":[{"@type":"ListItem","position":1,"name":"\ud648","item":"https:\/\/hansemvietnam.com\/"},{"@type":"ListItem","position":2,"name":"Contact us"}]},{"@type":"WebSite","@id":"https:\/\/hansemvietnam.com\/#website","url":"https:\/\/hansemvietnam.com\/","name":"hansemvietnam","description":"\ub610 \ud558\ub098\uc758 \uc6cc\ub4dc\ud504\ub808\uc2a4 \uc0ac\uc774\ud2b8","potentialAction":[{"@type":"SearchAction","target":{"@type":"EntryPoint","urlTemplate":"https:\/\/hansemvietnam.com\/?s={search_term_string}"},"query-input":{"@type":"PropertyValueSpecification","valueRequired":true,"valueName":"search_term_string"}}],"inLanguage":"vi"}]}},"_links":{"self":[{"href":"https:\/\/hansemvietnam.com\/vi\/wp-json\/wp\/v2\/pages\/202","targetHints":{"allow":["GET"]}}],"collection":[{"href":"https:\/\/hansemvietnam.com\/vi\/wp-json\/wp\/v2\/pages"}],"about":[{"href":"https:\/\/hansemvietnam.com\/vi\/wp-json\/wp\/v2\/types\/page"}],"author":[{"embeddable":true,"href":"https:\/\/hansemvietnam.com\/vi\/wp-json\/wp\/v2\/users\/1"}],"replies":[{"embeddable":true,"href":"https:\/\/hansemvietnam.com\/vi\/wp-json\/wp\/v2\/comments?post=202"}],"version-history":[{"count":0,"href":"https:\/\/hansemvietnam.com\/vi\/wp-json\/wp\/v2\/pages\/202\/revisions"}],"wp:attachment":[{"href":"https:\/\/hansemvietnam.com\/vi\/wp-json\/wp\/v2\/media?parent=202"}],"curies":[{"name":"wp","href":"https:\/\/api.w.org\/{rel}","templated":true}]}}