{"id":206,"date":"2022-09-07T19:49:32","date_gmt":"2022-09-07T10:49:32","guid":{"rendered":"https:\/\/hansemvietnam.com\/?page_id=206"},"modified":"2022-09-15T10:45:12","modified_gmt":"2022-09-15T01:45:12","slug":"faq","status":"publish","type":"page","link":"https:\/\/hansemvietnam.com\/vi\/faq\/","title":{"rendered":"C\u00e2u h\u1ecfi th\u01b0\u1eddng g\u1eb7p"},"content":{"rendered":"<div class=\"wp-block-group wrap\"><div class=\"wp-block-group__inner-container is-layout-flow wp-block-group-is-layout-flow\">\n<div class=\"wp-block-buttons tabBox is-content-justification-center is-layout-flex wp-container-core-buttons-is-layout-16018d1d wp-block-buttons-is-layout-flex\">\n<div class=\"wp-block-button has-custom-width wp-block-button__width-50 is-style-outline is-style-outline--1\"><a class=\"wp-block-button__link\" href=\"https:\/\/hansemvietnam.com\/vi\/faq\/\" style=\"border-radius:0px\">C\u00e2u h\u1ecfi th\u01b0\u1eddng g\u1eb7p c\u1ee7a Kh\u00e1ch h\u00e0ng<\/a><\/div>\n\n\n\n<div class=\"wp-block-button has-custom-width wp-block-button__width-50 is-style-outline is-style-outline--2\"><a class=\"wp-block-button__link has-text-color\" href=\"https:\/\/hansemvietnam.com\/vi\/faq\/2\/\" style=\"border-radius:0px;color:#c8c8c8\">C\u00e2u h\u1ecfi th\u01b0\u1eddng g\u1eb7p c\u1ee7a C\u1ed9ng t\u00e1c vi\u00ean<\/a><\/div>\n<\/div>\n\n\n\n<div class=\"wp-block-group faq_list\"><div class=\"wp-block-group__inner-container is-layout-flow wp-block-group-is-layout-flow\">\n<div class=\"wp-block-group\"><div class=\"wp-block-group__inner-container is-layout-flow wp-block-group-is-layout-flow\">\n<p class=\"question\">V\u0103n ph\u00f2ng \u1edf \u0111\u00e2u v\u1eady?<\/p>\n\n\n\n<p class=\"answer\">Hansem Vi\u1ec7t Nam c\u00f3 tr\u1ee5 s\u1edf t\u1ea1i Th\u00e0nh ph\u1ed1 H\u1ed3 Ch\u00ed Minh, Vi\u1ec7t Nam.<br>Ch\u00fang t\u00f4i c\u0169ng c\u00f3 v\u0103n ph\u00f2ng t\u1ea1i H\u00e0n Qu\u1ed1c (Tr\u1ee5 s\u1edf ch\u00ednh), M\u1ef9, Nh\u1eadt B\u1ea3n, Myanmar v\u00e0 Th\u00e1i Lan.<\/p>\n<\/div><\/div>\n\n\n\n<div class=\"wp-block-group\"><div class=\"wp-block-group__inner-container is-layout-flow wp-block-group-is-layout-flow\">\n<p class=\"question\">M\u1ea5y gi\u1edd m\u1edf c\u1eeda v\u1eady?<\/p>\n\n\n\n<p class=\"answer\">V\u00ec ch\u00fang t\u00f4i c\u00f3 m\u1eb7t t\u1ea1i nhi\u1ec1u qu\u1ed1c gia, n\u00ean c\u00f3 th\u1ec3 ho\u1ea1t \u0111\u1ed9ng tr\u00ean nhi\u1ec1u m\u00fai gi\u1edd. 24\/6<\/p>\n<\/div><\/div>\n\n\n\n<div class=\"wp-block-group\"><div class=\"wp-block-group__inner-container is-layout-flow wp-block-group-is-layout-flow\">\n<p class=\"question\">C\u00f3 l\u00e0m cu\u1ed1i tu\u1ea7n kh\u00f4ng?<\/p>\n\n\n\n<p class=\"answer\">C\u00f4ng vi\u1ec7c cu\u1ed1i tu\u1ea7n c\u00f3 th\u1ec3 thu x\u1ebfp tr\u01b0\u1edbc.<br>Nh\u00e2n l\u1ef1c c\u1ee7a ch\u00fang t\u00f4i lu\u00f4n s\u1eb5n s\u00e0ng ph\u1ee5c v\u1ee5 b\u1ea1n b\u1ea5t c\u1ee9 l\u00fac n\u00e0o.<\/p>\n<\/div><\/div>\n\n\n\n<div class=\"wp-block-group\"><div class=\"wp-block-group__inner-container is-layout-flow wp-block-group-is-layout-flow\">\n<p class=\"question\">Hansem Global hay Hansem Vi\u1ec7t Nam c\u00f3 ch\u1ee9ng nh\u1eadn ISO kh\u00f4ng?<\/p>\n\n\n\n<p class=\"answer\">C\u00f3, ch\u00fang t\u00f4i c\u00f3 \u0111\u1ea7y \u0111\u1ee7 ch\u1ee9ng nh\u1eadn ISO 9001, 27001, 17100 v\u00e0 18587<\/p>\n<\/div><\/div>\n\n\n\n<div class=\"wp-block-group\"><div class=\"wp-block-group__inner-container is-layout-flow wp-block-group-is-layout-flow\">\n<p class=\"question\">C\u00f4ng ty ch\u1ecdn bi\u00ean d\u1ecbch vi\u00ean b\u1eb1ng c\u00e1ch n\u00e0o?<\/p>\n\n\n\n<p class=\"answer\">Ch\u00fang t\u00f4i c\u1ea9n th\u1eadn l\u1ef1a ch\u1ecdn bi\u00ean d\u1ecbch vi\u00ean d\u1ef1a tr\u00ean y\u00eau c\u1ea7u c\u1ee7a ISO17100. N\u1ebfu bi\u00ean d\u1ecbch vi\u00ean tu\u00e2n th\u1ee7 c\u00e1c y\u00eau c\u1ea7u c\u1ee7a ISO17100, ch\u00fang t\u00f4i s\u1ebd \u0111\u00e1nh gi\u00e1 b\u00e0i d\u1ecbch th\u1eed c\u1ee7a bi\u00ean d\u1ecbch vi\u00ean v\u00e0 ki\u1ec3m tra tr\u00ecnh \u0111\u1ed9 ng\u00f4n ng\u1eef c\u1ee7a h\u1ecd. Ch\u1ec9 ti\u00eau \u0111\u00e1nh gi\u00e1 \u0111\u00f3 l\u00e0 m\u1ee9c \u0111\u1ed9 tr\u00f4i ch\u1ea3y, ch\u00ednh x\u00e1c, n\u1ed9p b\u00e0i \u0111\u00fang gi\u1edd, m\u1ee9c \u0111\u1ed9 ph\u1ea3n h\u1ed3i, th\u00e0nh th\u1ea1o c\u00f4ng c\u1ee5 CAT, v.v.<\/p>\n<\/div><\/div>\n\n\n\n<div class=\"wp-block-group\"><div class=\"wp-block-group__inner-container is-layout-flow wp-block-group-is-layout-flow\">\n<p class=\"question\">C\u00f4ng ty cung c\u1ea5p nh\u1eefng ng\u00f4n ng\u1eef n\u00e0o kh\u00e1c ngo\u00e0i c\u00e1c ng\u00f4n ng\u1eef ch\u00e2u \u00c1?<\/p>\n\n\n\n<p class=\"answer translation-block\">Hansem Vi\u1ec7t Nam cung c\u1ea5p d\u1ecbch v\u1ee5 cho h\u01a1n 70 ng\u00f4n ng\u1eef v\u1edbi h\u1ea7u h\u1ebft c\u00e1c ng\u00f4n ng\u1eef tr\u00ean th\u1ebf gi\u1edbi. Ch\u00fang t\u00f4i chuy\u00ean v\u1ec1 c\u00e1c ng\u00f4n ng\u1eef \u0110\u00f4ng Nam \u00c1 nh\u01b0ng c\u0169ng c\u00f3 kh\u1ea3 n\u0103ng x\u1eed l\u00fd c\u00e1c ng\u00f4n ng\u1eef kh\u00f4ng ph\u1ea3i ch\u00e2u \u00c1. Vui l\u00f2ng truy c\u1eadp li\u00ean k\u1ebft b\u00ean d\u01b0\u1edbi v\u00e0 \u0111i\u1ec1n v\u00e0o <a href=\"https:\/\/hansemvietnam.com\/vi\/business-inquiry\/\" data-type=\"URL\" data-id=\"https:\/\/hansemvietnam.com\/vi\/business-inquiry\/\" target=\"_self\">y\u00eau c\u1ea7u<\/a> c\u1ee7a b\u1ea1n.<\/p>\n<\/div><\/div>\n\n\n\n<div class=\"wp-block-group\"><div class=\"wp-block-group__inner-container is-layout-flow wp-block-group-is-layout-flow\">\n<p class=\"question\">L\u00e0m sao \u0111\u1ec3 b\u1ea3o \u0111\u1ea3m ch\u1ea5t l\u01b0\u1ee3ng?<\/p>\n\n\n\n<p class=\"answer\">Ngo\u00e0i quy tr\u00ecnh TEP \u0111\u1ea7y \u0111\u1ee7 theo ti\u00eau chu\u1ea9n ISO17100, Hansem Vi\u1ec7t Nam c\u00f2n tri\u1ec3n khai th\u00eam b\u01b0\u1edbc LQA \u0111\u1ec3 \u0111\u1ea3m b\u1ea3o ch\u1ea5t l\u01b0\u1ee3ng b\u1ea3n d\u1ecbch. Sau khi ch\u1ea1y c\u00e1c ch\u1ee9c n\u0103ng ki\u1ec3m tra ch\u00ednh t\u1ea3 v\u00e0 \u0111\u1ea3m b\u1ea3o ch\u1ea5t l\u01b0\u1ee3ng tr\u00ean c\u00f4ng c\u1ee5 CAT, ch\u00fang t\u00f4i c\u00f3 th\u1ec3 th\u1ef1c hi\u1ec7n th\u00eam b\u01b0\u1edbc ki\u1ec3m tra \u0111\u1ea3m b\u1ea3o ch\u1ea5t l\u01b0\u1ee3ng tr\u00ean xBench ho\u1eb7c QA Distiller \u0111\u1ec3 \u0111\u1ea3m b\u1ea3o b\u1ea3n d\u1ecbch kh\u00f4ng c\u00f2n l\u1ed7i.<\/p>\n<\/div><\/div>\n\n\n\n<div class=\"wp-block-group\"><div class=\"wp-block-group__inner-container is-layout-flow wp-block-group-is-layout-flow\">\n<p class=\"question\">L\u00e0m sao \u0111\u1ec3 nh\u1eadn \u0111\u01b0\u1ee3c b\u00e1o gi\u00e1 cho b\u1ea3n d\u1ecbch?<\/p>\n\n\n\n<div class=\"wp-block-group answer\"><div class=\"wp-block-group__inner-container is-layout-flow wp-block-group-is-layout-flow\">\n<p>N\u1ebfu b\u1ea1n quan t\u00e2m \u0111\u1ebfn b\u00e1o gi\u00e1 b\u1ea3n d\u1ecbch, b\u1ea1n c\u00f3 th\u1ec3:<\/p>\n\n\n\n<ul class=\"answerInList wp-block-list\"><li class=\"translation-block\">Truy c\u1eadp li\u00ean k\u1ebft b\u00ean d\u01b0\u1edbi v\u00e0 \u0111i\u1ec1n <a href=\"https:\/\/hansemvietnam.com\/vi\/business-inquiry\/\" data-type=\"URL\" data-id=\"https:\/\/hansemvietnam.com\/vi\/business-inquiry\/\" target=\"_self\">y\u00eau c\u1ea7u<\/a> c\u1ee7a m\u00ecnh v\u00e0o.<\/li><li>G\u1eedi email tr\u1ef1c ti\u1ebfp \u0111\u1ebfn <a href=\"mailto:cs_hsvn@hansem.com\" data-type=\"mailto\" data-id=\"mailto:cs_hsvn@hansem.com\">cs_hsvn@hansem.com<\/a> k\u00e8m d\u1ecbch v\u1ee5 b\u1ea1n y\u00eau c\u1ea7u.<\/li><\/ul>\n\n\n\n<p>\u0110i\u1ec1u ph\u1ed1i vi\u00ean d\u1ef1 \u00e1n c\u1ee7a ch\u00fang t\u00f4i s\u1ebd li\u00ean h\u1ec7 v\u1edbi b\u1ea1n trong th\u1eddi gian s\u1edbm nh\u1ea5t.<\/p>\n<\/div><\/div>\n<\/div><\/div>\n<\/div><\/div>\n<\/div><\/div>\n\n\n\n<!--nextpage-->\n\n\n\n<div class=\"wp-block-group wrap\"><div class=\"wp-block-group__inner-container is-layout-flow wp-block-group-is-layout-flow\">\n<div class=\"wp-block-buttons tabBox is-horizontal is-content-justification-center is-layout-flex wp-container-core-buttons-is-layout-499968f5 wp-block-buttons-is-layout-flex\">\n<div class=\"wp-block-button has-custom-width wp-block-button__width-50 is-style-outline is-style-outline--3\"><a class=\"wp-block-button__link has-text-color\" href=\"https:\/\/hansemvietnam.com\/vi\/faq\/\" style=\"border-radius:0px;color:#c8c8c8\">C\u00e2u h\u1ecfi th\u01b0\u1eddng g\u1eb7p c\u1ee7a Kh\u00e1ch h\u00e0ng<\/a><\/div>\n\n\n\n<div class=\"wp-block-button has-custom-width wp-block-button__width-50 is-style-outline is-style-outline--4\"><a class=\"wp-block-button__link\" href=\"https:\/\/hansemvietnam.com\/vi\/faq\/2\/\" style=\"border-radius:0px\">C\u00e2u h\u1ecfi th\u01b0\u1eddng g\u1eb7p c\u1ee7a C\u1ed9ng t\u00e1c vi\u00ean<\/a><\/div>\n<\/div>\n\n\n\n<div class=\"wp-block-group faq_list\"><div class=\"wp-block-group__inner-container is-layout-flow wp-block-group-is-layout-flow\">\n<div class=\"wp-block-group\"><div class=\"wp-block-group__inner-container is-layout-flow wp-block-group-is-layout-flow\">\n<p class=\"question\">L\u00e0m c\u00e1ch n\u00e0o \u0111\u1ec3 \u0111\u0103ng k\u00fd l\u00e0m c\u1ed9ng t\u00e1c vi\u00ean cho HSVN?<\/p>\n\n\n\n<div class=\"wp-block-group answer\"><div class=\"wp-block-group__inner-container is-layout-flow wp-block-group-is-layout-flow\">\n<p>N\u1ebfu b\u1ea1n quan t\u00e2m \u0111\u1ebfn v\u1ecb tr\u00ed c\u1ed9ng t\u00e1c vi\u00ean, b\u1ea1n c\u00f3 th\u1ec3:<\/p>\n\n\n\n<ul class=\"answerInList wp-block-list\"><li class=\"translation-block\">Truy c\u1eadp li\u00ean k\u1ebft b\u00ean d\u01b0\u1edbi v\u00e0 \u0111i\u1ec1n <a href=\"https:\/\/hansemvietnam.com\/vi\/business-inquiry\/2\/\" data-type=\"URL\" data-id=\"https:\/\/hansemvietnam.com\/vi\/business-inquiry\/2\/\" target=\"_self\">y\u00eau c\u1ea7u<\/a> c\u1ee7a m\u00ecnh v\u00e0o.<\/li><li>Send your CV to <a href=\"mailto:cs_hsvn@hansem.com\" data-type=\"mailto\" data-id=\"mailto:cs_hsvn@hansem.com\">cs_hsvn@hansem.com<\/a> with your language of interest and proposed service fee.<\/li><\/ul>\n\n\n\n<p>\u0110i\u1ec1u ph\u1ed1i vi\u00ean nh\u00e2n l\u1ef1c c\u1ee7a ch\u00fang t\u00f4i s\u1ebd li\u00ean h\u1ec7 v\u1edbi b\u1ea1n \u0111\u1ec3 h\u01b0\u1edbng d\u1eabn c\u00e1c b\u01b0\u1edbc ti\u1ebfp theo.<\/p>\n<\/div><\/div>\n<\/div><\/div>\n\n\n\n<div class=\"wp-block-group\"><div class=\"wp-block-group__inner-container is-layout-flow wp-block-group-is-layout-flow\">\n<p class=\"question\">T\u00f4i c\u00f3 c\u1ea7n h\u1ed9 chi\u1ebfu \u0111\u1ec3 \u0111\u0103ng k\u00fd l\u00e0m c\u1ed9ng t\u00e1c vi\u00ean kh\u00f4ng?<\/p>\n\n\n\n<p class=\"answer\">C\u00f3, n\u1ebfu b\u1ea1n kh\u00f4ng \u0111\u1ebfn t\u1eeb Vi\u1ec7t Nam, ch\u00fang t\u00f4i c\u1ea7n ID h\u1ed9 chi\u1ebfu c\u1ee7a b\u1ea1n \u0111\u1ec3 \u0111i\u1ec1n v\u00e0o H\u1ee3p \u0111\u1ed3ng cung c\u1ea5p d\u1ecbch v\u1ee5 ng\u00f4n ng\u1eef v\u00e0 ti\u1ebfn h\u00e0nh thanh to\u00e1n.<\/p>\n<\/div><\/div>\n\n\n\n<div class=\"wp-block-group\"><div class=\"wp-block-group__inner-container is-layout-flow wp-block-group-is-layout-flow\">\n<p class=\"question\">T\u00f4i c\u00f3 \u0111\u01b0\u1ee3c tr\u1ea3 ti\u1ec1n khi l\u00e0m b\u00e0i d\u1ecbch th\u1eed kh\u00f4ng? L\u00e0m b\u00e0i d\u1ecbch th\u1eed c\u00f3 m\u1ea5t nhi\u1ec1u th\u1eddi gian kh\u00f4ng?<\/p>\n\n\n\n<p class=\"answer\">B\u00e0i ki\u1ec3m tra kh\u00f4ng \u0111\u01b0\u1ee3c tr\u1ea3 ph\u00ed v\u00e0 s\u1ebd c\u00f3 kho\u1ea3ng 350 t\u1eeb.<\/p>\n<\/div><\/div>\n\n\n\n<div class=\"wp-block-group\"><div class=\"wp-block-group__inner-container is-layout-flow wp-block-group-is-layout-flow\">\n<p class=\"question\">Bao l\u00e2u th\u00ec t\u00f4i nh\u1eadn \u0111\u01b0\u1ee3c k\u1ebft qu\u1ea3 \u0111\u00e1nh gi\u00e1 b\u00e0i d\u1ecbch th\u1eed?<\/p>\n\n\n\n<p class=\"answer\">Th\u00f4ng th\u01b0\u1eddng, ch\u00fang t\u00f4i s\u1ebd c\u1ea7n m\u1ed9t tu\u1ea7n \u0111\u1ec3 x\u1eed l\u00fd v\u00e0 \u0111\u00e1nh gi\u00e1 b\u00e0i ki\u1ec3m tra c\u1ee7a b\u1ea1n.<\/p>\n<\/div><\/div>\n\n\n\n<div class=\"wp-block-group\"><div class=\"wp-block-group__inner-container is-layout-flow wp-block-group-is-layout-flow\">\n<p class=\"question\">C\u00f4ng ty ch\u1ecdn bi\u00ean d\u1ecbch vi\u00ean b\u1eb1ng c\u00e1ch n\u00e0o?<\/p>\n\n\n\n<p class=\"answer\">Ch\u00fang t\u00f4i c\u1ea9n th\u1eadn l\u1ef1a ch\u1ecdn bi\u00ean d\u1ecbch vi\u00ean d\u1ef1a tr\u00ean y\u00eau c\u1ea7u c\u1ee7a ISO17100. N\u1ebfu bi\u00ean d\u1ecbch vi\u00ean tu\u00e2n th\u1ee7 c\u00e1c y\u00eau c\u1ea7u c\u1ee7a ISO17100, ch\u00fang t\u00f4i s\u1ebd \u0111\u00e1nh gi\u00e1 b\u00e0i d\u1ecbch th\u1eed c\u1ee7a bi\u00ean d\u1ecbch vi\u00ean v\u00e0 ki\u1ec3m tra tr\u00ecnh \u0111\u1ed9 ng\u00f4n ng\u1eef c\u1ee7a h\u1ecd. Ch\u1ec9 ti\u00eau \u0111\u00e1nh gi\u00e1 \u0111\u00f3 l\u00e0 m\u1ee9c \u0111\u1ed9 tr\u00f4i ch\u1ea3y, ch\u00ednh x\u00e1c, n\u1ed9p b\u00e0i \u0111\u00fang gi\u1edd, m\u1ee9c \u0111\u1ed9 ph\u1ea3n h\u1ed3i, th\u00e0nh th\u1ea1o c\u00f4ng c\u1ee5 CAT, v.v.<\/p>\n<\/div><\/div>\n\n\n\n<div class=\"wp-block-group\"><div class=\"wp-block-group__inner-container is-layout-flow wp-block-group-is-layout-flow\">\n<p class=\"question\">C\u01a1 h\u1ed9i nh\u1eadn d\u1ef1 \u00e1n c\u1ee7a t\u00f4i l\u00e0 bao nhi\u00eau n\u1ebfu ng\u00f4n ng\u1eef \u0111\u00edch c\u1ee7a t\u00f4i kh\u00f4ng ph\u1ed5 bi\u1ebfn?<\/p>\n\n\n\n<p class=\"answer\">B\u1ea5t k\u1ec3 ng\u00f4n ng\u1eef \u0111\u00edch c\u1ee7a b\u1ea1n l\u00e0 g\u00ec, ch\u00fang t\u00f4i khuy\u1ebfn kh\u00edch b\u1ea1n \u0111\u0103ng k\u00fd l\u00e0m vi\u1ec7c v\u1edbi ch\u00fang t\u00f4i. Hansem Vi\u1ec7t Nam cung c\u1ea5p d\u1ecbch v\u1ee5 cho h\u01a1n 70 ng\u00f4n ng\u1eef m\u1ed7i n\u0103m.<\/p>\n<\/div><\/div>\n\n\n\n<div class=\"wp-block-group\"><div class=\"wp-block-group__inner-container is-layout-flow wp-block-group-is-layout-flow\">\n<p class=\"question\">N\u1ebfu t\u00f4i l\u00e0m nhi\u1ec1u h\u01a1n m\u1ed9t ng\u00f4n ng\u1eef \u0111\u00edch, t\u00f4i c\u00f3 c\u1ea7n \u0111\u01b0\u1ee3c \u0111\u00e1nh gi\u00e1 hai l\u1ea7n kh\u00f4ng?<\/p>\n\n\n\n<p class=\"answer\">C\u00f3, b\u00e0i ki\u1ec3m tra c\u1ee7a ch\u00fang t\u00f4i ch\u1ec9 d\u00e0nh cho m\u1ed9t c\u1eb7p ng\u00f4n ng\u1eef m\u00e0 th\u00f4i. V\u00ec v\u1eady, n\u1ebfu mu\u1ed1n l\u00e0m nhi\u1ec1u c\u1eb7p ng\u00f4n ng\u1eef, b\u1ea1n s\u1ebd ph\u1ea3i l\u00e0m nhi\u1ec1u b\u00e0i ki\u1ec3m tra n\u1ebfu \u0111\u01b0\u1ee3c y\u00eau c\u1ea7u.<\/p>\n<\/div><\/div>\n<\/div><\/div>\n<\/div><\/div>","protected":false},"excerpt":{"rendered":"<p>Where are your office? Hansem Vietnam is based in Ho Chi Minh city of Vietnam.We also have offices in South Korea (Headquarter), USA, Japan, Myanmar, and Thailand. What are your office hours? Since we are in multi-countries, we can cover multi-time zones, 24\/6. Do you&#8230;<\/p>","protected":false},"author":1,"featured_media":0,"parent":0,"menu_order":0,"comment_status":"closed","ping_status":"closed","template":"","meta":{"footnotes":""},"class_list":["post-206","page","type-page","status-publish","hentry"],"yoast_head":"<!-- This site is optimized with the Yoast SEO plugin v25.6 - https:\/\/yoast.com\/wordpress\/plugins\/seo\/ -->\n<title>FAQ - hansemvietnam<\/title>\n<meta name=\"robots\" content=\"index, follow, max-snippet:-1, max-image-preview:large, max-video-preview:-1\" \/>\n<link rel=\"canonical\" href=\"https:\/\/hansemvietnam.com\/vi\/faq\/\" \/>\n<link rel=\"next\" href=\"https:\/\/hansemvietnam.com\/faq\/2\/\" \/>\n<meta property=\"og:locale\" content=\"vi_VN\" \/>\n<meta property=\"og:type\" content=\"article\" \/>\n<meta property=\"og:title\" content=\"FAQ - hansemvietnam\" \/>\n<meta property=\"og:description\" content=\"Where are your office? Hansem Vietnam is based in Ho Chi Minh city of Vietnam.We also have offices in South Korea (Headquarter), USA, Japan, Myanmar, and Thailand. What are your office hours? Since we are in multi-countries, we can cover multi-time zones, 24\/6. Do you...\" \/>\n<meta property=\"og:url\" content=\"https:\/\/hansemvietnam.com\/vi\/faq\/\" \/>\n<meta property=\"og:site_name\" content=\"hansemvietnam\" \/>\n<meta property=\"article:modified_time\" content=\"2022-09-15T01:45:12+00:00\" \/>\n<meta name=\"twitter:card\" content=\"summary_large_image\" \/>\n<meta name=\"twitter:label1\" content=\"\u01af\u1edbc t\u00ednh th\u1eddi gian \u0111\u1ecdc\" \/>\n\t<meta name=\"twitter:data1\" content=\"3 ph\u00fat\" \/>\n<script type=\"application\/ld+json\" class=\"yoast-schema-graph\">{\"@context\":\"https:\/\/schema.org\",\"@graph\":[{\"@type\":\"WebPage\",\"@id\":\"https:\/\/hansemvietnam.com\/faq\/\",\"url\":\"https:\/\/hansemvietnam.com\/faq\/\",\"name\":\"FAQ - hansemvietnam\",\"isPartOf\":{\"@id\":\"https:\/\/hansemvietnam.com\/#website\"},\"datePublished\":\"2022-09-07T10:49:32+00:00\",\"dateModified\":\"2022-09-15T01:45:12+00:00\",\"inLanguage\":\"vi\",\"potentialAction\":[{\"@type\":\"ReadAction\",\"target\":[\"https:\/\/hansemvietnam.com\/faq\/\"]}]},{\"@type\":\"WebSite\",\"@id\":\"https:\/\/hansemvietnam.com\/#website\",\"url\":\"https:\/\/hansemvietnam.com\/\",\"name\":\"hansemvietnam\",\"description\":\"\ub610 \ud558\ub098\uc758 \uc6cc\ub4dc\ud504\ub808\uc2a4 \uc0ac\uc774\ud2b8\",\"potentialAction\":[{\"@type\":\"SearchAction\",\"target\":{\"@type\":\"EntryPoint\",\"urlTemplate\":\"https:\/\/hansemvietnam.com\/?s={search_term_string}\"},\"query-input\":{\"@type\":\"PropertyValueSpecification\",\"valueRequired\":true,\"valueName\":\"search_term_string\"}}],\"inLanguage\":\"vi\"}]}<\/script>\n<!-- \/ Yoast SEO plugin. -->","yoast_head_json":{"title":"FAQ - hansemvietnam","robots":{"index":"index","follow":"follow","max-snippet":"max-snippet:-1","max-image-preview":"max-image-preview:large","max-video-preview":"max-video-preview:-1"},"canonical":"https:\/\/hansemvietnam.com\/vi\/faq\/","next":"https:\/\/hansemvietnam.com\/faq\/2\/","og_locale":"vi_VN","og_type":"article","og_title":"FAQ - hansemvietnam","og_description":"Where are your office? Hansem Vietnam is based in Ho Chi Minh city of Vietnam.We also have offices in South Korea (Headquarter), USA, Japan, Myanmar, and Thailand. What are your office hours? Since we are in multi-countries, we can cover multi-time zones, 24\/6. Do you...","og_url":"https:\/\/hansemvietnam.com\/vi\/faq\/","og_site_name":"hansemvietnam","article_modified_time":"2022-09-15T01:45:12+00:00","twitter_card":"summary_large_image","twitter_misc":{"\u01af\u1edbc t\u00ednh th\u1eddi gian \u0111\u1ecdc":"3 ph\u00fat"},"schema":{"@context":"https:\/\/schema.org","@graph":[{"@type":"WebPage","@id":"https:\/\/hansemvietnam.com\/faq\/","url":"https:\/\/hansemvietnam.com\/faq\/","name":"FAQ - hansemvietnam","isPartOf":{"@id":"https:\/\/hansemvietnam.com\/#website"},"datePublished":"2022-09-07T10:49:32+00:00","dateModified":"2022-09-15T01:45:12+00:00","inLanguage":"vi","potentialAction":[{"@type":"ReadAction","target":["https:\/\/hansemvietnam.com\/faq\/"]}]},{"@type":"WebSite","@id":"https:\/\/hansemvietnam.com\/#website","url":"https:\/\/hansemvietnam.com\/","name":"hansemvietnam","description":"\ub610 \ud558\ub098\uc758 \uc6cc\ub4dc\ud504\ub808\uc2a4 \uc0ac\uc774\ud2b8","potentialAction":[{"@type":"SearchAction","target":{"@type":"EntryPoint","urlTemplate":"https:\/\/hansemvietnam.com\/?s={search_term_string}"},"query-input":{"@type":"PropertyValueSpecification","valueRequired":true,"valueName":"search_term_string"}}],"inLanguage":"vi"}]}},"_links":{"self":[{"href":"https:\/\/hansemvietnam.com\/vi\/wp-json\/wp\/v2\/pages\/206","targetHints":{"allow":["GET"]}}],"collection":[{"href":"https:\/\/hansemvietnam.com\/vi\/wp-json\/wp\/v2\/pages"}],"about":[{"href":"https:\/\/hansemvietnam.com\/vi\/wp-json\/wp\/v2\/types\/page"}],"author":[{"embeddable":true,"href":"https:\/\/hansemvietnam.com\/vi\/wp-json\/wp\/v2\/users\/1"}],"replies":[{"embeddable":true,"href":"https:\/\/hansemvietnam.com\/vi\/wp-json\/wp\/v2\/comments?post=206"}],"version-history":[{"count":0,"href":"https:\/\/hansemvietnam.com\/vi\/wp-json\/wp\/v2\/pages\/206\/revisions"}],"wp:attachment":[{"href":"https:\/\/hansemvietnam.com\/vi\/wp-json\/wp\/v2\/media?parent=206"}],"curies":[{"name":"wp","href":"https:\/\/api.w.org\/{rel}","templated":true}]}}