{"id":208,"date":"2022-09-07T19:50:22","date_gmt":"2022-09-07T10:50:22","guid":{"rendered":"https:\/\/hansemvietnam.com\/?page_id=208"},"modified":"2022-09-27T09:33:41","modified_gmt":"2022-09-27T00:33:41","slug":"history","status":"publish","type":"page","link":"https:\/\/hansemvietnam.com\/vi\/history\/","title":{"rendered":"L\u1ecbch s\u1eed"},"content":{"rendered":"<div class=\"year_area\"><\/div>\n\n\n\n<div class=\"wp-block-group wrap\"><div class=\"wp-block-group__inner-container is-layout-flow wp-block-group-is-layout-flow\">\n<div class=\"wp-block-group history_year history_year_view_2021\"><div class=\"wp-block-group__inner-container is-layout-flow wp-block-group-is-layout-flow\">\n<div class=\"wp-block-group history_month\"><div class=\"wp-block-group__inner-container is-layout-flow wp-block-group-is-layout-flow\">\n<p class=\"month\">Th\u00e1ng 3<\/p>\n\n\n\n<p class=\"txt\">Ch\u00ednh th\u1ee9c b\u1ed5 sung H\u1ec7 th\u1ed1ng MemoQ v\u00e0o quy tr\u00ecnh l\u00e0m vi\u1ec7c<\/p>\n<\/div><\/div>\n\n\n\n<figure class=\"wp-block-image size-large history_img\"><img decoding=\"async\" src=\"https:\/\/hansemvietnam.com\/wp-content\/uploads\/2022\/09\/history_image1.png\" alt=\"\" class=\"wp-image-446\"><!--<figcaption>2021<\/figcaption>--><\/figure>\n<\/div><\/div>\n\n\n\n<div class=\"wp-block-group history_year history_year_view_2020\"><div class=\"wp-block-group__inner-container is-layout-flow wp-block-group-is-layout-flow\">\n<div class=\"wp-block-group history_month\"><div class=\"wp-block-group__inner-container is-layout-flow wp-block-group-is-layout-flow\">\n<p class=\"month\">Th\u00e1ng 1<\/p>\n\n\n\n<p class=\"txt\">HansemEUG c\u00f3 t\u00ean m\u1edbi - Hansem global.<\/p>\n<\/div><\/div>\n\n\n\n<figure class=\"wp-block-image size-large history_img\"><img decoding=\"async\" src=\"https:\/\/hansemvietnam.com\/wp-content\/uploads\/2022\/09\/history_image2.png\" alt=\"\" class=\"wp-image-446\"><!--<figcaption>2021<\/figcaption>--><\/figure>\n<\/div><\/div>\n\n\n\n<div class=\"wp-block-group history_year history_year_view_2020\"><div class=\"wp-block-group__inner-container is-layout-flow wp-block-group-is-layout-flow\">\n<div class=\"wp-block-group history_month\"><div class=\"wp-block-group__inner-container is-layout-flow wp-block-group-is-layout-flow\">\n<p class=\"month\">Th\u00e1ng 7<\/p>\n\n\n\n<p class=\"txt\">\u0110\u1ea1t \u0111\u01b0\u1ee3c th\u00eam m\u1ed9t c\u1ed9t m\u1ed1c quan tr\u1ecdng - 5.000 d\u1ef1 \u00e1n<\/p>\n<\/div><\/div>\n<\/div><\/div>\n\n\n\n<div class=\"wp-block-group history_year history_year_view_2019\"><div class=\"wp-block-group__inner-container is-layout-flow wp-block-group-is-layout-flow\">\n<div class=\"wp-block-group history_month\"><div class=\"wp-block-group__inner-container is-layout-flow wp-block-group-is-layout-flow\">\n<p class=\"month\">Th\u00e1ng 1<\/p>\n\n\n\n<p class=\"txt\">Tr\u1edf th\u00e0nh Nh\u00e0 cung c\u1ea5p d\u1ecbch v\u1ee5 ng\u00f4n ng\u1eef \u0111\u1ed9c l\u1eadp cho Alibaba v\u00e0 Alibaba Language Group.<\/p>\n\n\n\n<p class=\"txt\">X\u1eed l\u00fd c\u00e1c d\u1ef1 \u00e1n d\u00e0i h\u1ea1n, quy m\u00f4 l\u1edbn c\u1ee7a Mobis t\u1eeb Hyundai v\u00e0 HansemEUG.<\/p>\n<\/div><\/div>\n\n\n\n<figure class=\"wp-block-image size-large history_img\"><img decoding=\"async\" src=\"https:\/\/hansemvietnam.com\/wp-content\/uploads\/2022\/09\/history_image3.png\" alt=\"\" class=\"wp-image-448\"><!--<figcaption>2019<\/figcaption>--><\/figure>\n<\/div><\/div>\n\n\n\n<div class=\"wp-block-group history_year history_year_view_2019\"><div class=\"wp-block-group__inner-container is-layout-flow wp-block-group-is-layout-flow\">\n<div class=\"wp-block-group history_month\"><div class=\"wp-block-group__inner-container is-layout-flow wp-block-group-is-layout-flow\">\n<p class=\"month\">T\u1eeb th\u00e1ng 5 \u0111\u1ebfn th\u00e1ng 11<\/p>\n\n\n\n<p class=\"txt\">X\u1eed l\u00fd m\u1ed9t d\u1ef1 \u00e1n EN-VI quy m\u00f4 l\u1edbn kh\u00e1c (1.850.000 ch\u1eef) t\u1eeb kh\u00e1ch h\u00e0ng cu\u1ed1i - Naver.<\/p>\n<\/div><\/div>\n<\/div><\/div>\n\n\n\n<div class=\"wp-block-group history_year history_year_view_2018\"><div class=\"wp-block-group__inner-container is-layout-flow wp-block-group-is-layout-flow\">\n<div class=\"wp-block-group history_month\"><div class=\"wp-block-group__inner-container is-layout-flow wp-block-group-is-layout-flow\">\n<p class=\"month\">Th\u00e1ng 1<\/p>\n\n\n\n<p class=\"txt\">Ch\u00ednh th\u1ee9c tr\u1edf th\u00e0nh nh\u00e0 cung c\u1ea5p x\u1eed l\u00fd c\u00e1c d\u1ef1 \u00e1n t\u1eeb Alibaba sau khi h\u1ee3p t\u00e1c v\u1edbi Hansem Trung Qu\u1ed1c.<\/p>\n<\/div><\/div>\n\n\n\n<figure class=\"wp-block-image size-large history_img\"><img decoding=\"async\" src=\"https:\/\/hansemvietnam.com\/wp-content\/uploads\/2022\/09\/history_image4.png\" alt=\"\" class=\"wp-image-448\"><!--<figcaption>2019<\/figcaption>--><\/figure>\n<\/div><\/div>\n\n\n\n<div class=\"wp-block-group history_year history_year_view_2018\"><div class=\"wp-block-group__inner-container is-layout-flow wp-block-group-is-layout-flow\">\n<div class=\"wp-block-group history_month\"><div class=\"wp-block-group__inner-container is-layout-flow wp-block-group-is-layout-flow\">\n<p class=\"month\">Th\u00e1ng 10<\/p>\n\n\n\n<p class=\"txt\">K\u00fd h\u1ee3p \u0111\u1ed3ng ch\u00ednh th\u1ee9c tr\u1edf th\u00e0nh \u0111\u1ed1i t\u00e1c v\u1edbi Hansem M\u1ef9, h\u01b0\u1edbng t\u1edbi th\u1ecb tr\u01b0\u1eddng M\u1ef9.<\/p>\n<\/div><\/div>\n<\/div><\/div>\n\n\n\n<div class=\"wp-block-group history_year history_year_view_2017\"><div class=\"wp-block-group__inner-container is-layout-flow wp-block-group-is-layout-flow\">\n<div class=\"wp-block-group history_month\"><div class=\"wp-block-group__inner-container is-layout-flow wp-block-group-is-layout-flow\">\n<p class=\"month\">Th\u00e1ng 1<\/p>\n\n\n\n<p class=\"txt\">\u0110\u0103ng k\u00fd tr\u1edf th\u00e0nh nh\u00e0 cung c\u1ea5p PTSGI v\u00e0 th\u1ef1c hi\u1ec7n d\u1ecbch thu\u1eadt cho c\u00e1c ng\u00f4n ng\u1eef \u0110\u00f4ng Nam \u00c1 (VI, MY)<\/p>\n<\/div><\/div>\n\n\n\n<figure class=\"wp-block-image size-large history_img\"><img decoding=\"async\" src=\"https:\/\/hansemvietnam.com\/wp-content\/uploads\/2022\/09\/history_image5.png\" alt=\"\" class=\"wp-image-448\"><!--<figcaption>2019<\/figcaption>--><\/figure>\n<\/div><\/div>\n\n\n\n<div class=\"wp-block-group history_year history_year_view_2016\"><div class=\"wp-block-group__inner-container is-layout-flow wp-block-group-is-layout-flow\">\n<div class=\"wp-block-group history_month\"><div class=\"wp-block-group__inner-container is-layout-flow wp-block-group-is-layout-flow\">\n<p class=\"month\">Th\u00e1ng 1<\/p>\n\n\n\n<p class=\"txt\">Thi\u1ebft l\u1eadp quy tr\u00ecnh tuy\u1ec3n d\u1ee5ng chuy\u00ean nghi\u1ec7p theo khu v\u1ef1c, t\u1eadp trung v\u00e0o c\u00e1c ng\u00f4n ng\u1eef \u0110\u00f4ng Nam \u00c1.<\/p>\n\n\n\n<p class=\"txt\">Thi\u1ebft l\u1eadp xong quy tr\u00ecnh l\u00e0m vi\u1ec7c L10N li\u1ec1n m\u1ea1ch cho c\u00e1c d\u1ef1 \u00e1n s\u1eafp t\u1edbi.<\/p>\n<\/div><\/div>\n<\/div><\/div>\n\n\n\n<div class=\"wp-block-group history_year history_year_view_2016\"><div class=\"wp-block-group__inner-container is-layout-flow wp-block-group-is-layout-flow\">\n<div class=\"wp-block-group history_month\"><div class=\"wp-block-group__inner-container is-layout-flow wp-block-group-is-layout-flow\">\n<p class=\"month\">Th\u00e1ng 4 - Th\u00e1ng 6<\/p>\n\n\n\n<p class=\"txt\">Ti\u1ebfp nh\u1eadn d\u1ef1 \u00e1n Corpus v\u1edbi c\u1eb7p ng\u00f4n ng\u1eef EN-MY quy m\u00f4 l\u1edbn \u0111\u1ea7u ti\u00ean (3.000.000 ch\u1eef) t\u1eeb kh\u00e1ch h\u00e0ng cu\u1ed1i - Naver.<\/p>\n<\/div><\/div>\n\n\n\n<figure class=\"wp-block-image size-large history_img\"><img decoding=\"async\" src=\"https:\/\/hansemvietnam.com\/wp-content\/uploads\/2022\/09\/history_image6.png\" alt=\"\" class=\"wp-image-448\"><!--<figcaption>2019<\/figcaption>--><\/figure>\n<\/div><\/div>\n\n\n\n<div class=\"wp-block-group history_year history_year_view_2016\"><div class=\"wp-block-group__inner-container is-layout-flow wp-block-group-is-layout-flow\">\n<div class=\"wp-block-group history_month\"><div class=\"wp-block-group__inner-container is-layout-flow wp-block-group-is-layout-flow\">\n<p class=\"month\">Th\u00e1ng 6<\/p>\n\n\n\n<p class=\"txt\">Ch\u00ednh th\u1ee9c ti\u1ebfp qu\u1ea3n c\u00e1c d\u1ef1 \u00e1n d\u1ecbch thu\u1eadt \u0111a ng\u00f4n ng\u1eef c\u1ee7a HansemEUG li\u00ean quan \u0111\u1ebfn Samsung Mobile.<\/p>\n<\/div><\/div>\n<\/div><\/div>\n\n\n\n<div class=\"wp-block-group history_year history_year_view_2016\"><div class=\"wp-block-group__inner-container is-layout-flow wp-block-group-is-layout-flow\">\n<div class=\"wp-block-group history_month\"><div class=\"wp-block-group__inner-container is-layout-flow wp-block-group-is-layout-flow\">\n<p class=\"month\">Th\u00e1ng 10<\/p>\n\n\n\n<p class=\"txt\">Ch\u00ednh th\u1ee9c ho\u1ea1t \u0111\u1ed9ng \"tr\u1ef1c tuy\u1ebfn v\u00e0 t\u1ef1 \u0111\u1ed9ng\" trong t\u1ea5t c\u1ea3 quy tr\u00ecnh b\u1eb1ng c\u00e1ch \u0111\u01b0a v\u00e0o \u00e1p d\u1ee5ng h\u1ec7 th\u1ed1ng qu\u1ea3n l\u00fd d\u1ef1 \u00e1n t\u1ef1 \u0111\u1ed9ng (H\u1ec7 th\u1ed1ng Plunet BM)<\/p>\n<\/div><\/div>\n<\/div><\/div>\n\n\n\n<div class=\"wp-block-group history_year history_year_view_2015\"><div class=\"wp-block-group__inner-container is-layout-flow wp-block-group-is-layout-flow\">\n<div class=\"wp-block-group history_month\"><div class=\"wp-block-group__inner-container is-layout-flow wp-block-group-is-layout-flow\">\n<p class=\"month\">Th\u00e1ng 10<\/p>\n\n\n\n<p class=\"txt\">Hansem Vi\u1ec7t Nam \u0111\u01b0\u1ee3c th\u00e0nh l\u1eadp t\u1ea1i Th\u00e0nh ph\u1ed1 H\u1ed3 Ch\u00ed Minh v\u1edbi t\u01b0 c\u00e1ch l\u00e0 v\u0103n ph\u00f2ng chi nh\u00e1nh c\u1ee7a HansemEUG.<\/p>\n<\/div><\/div>\n\n\n\n<figure class=\"wp-block-image size-large history_img\"><img decoding=\"async\" src=\"https:\/\/hansemvietnam.com\/wp-content\/uploads\/2022\/09\/history_image7.png\" alt=\"\" class=\"wp-image-452\"><!--<figcaption>2015<\/figcaption>--><\/figure>\n<\/div><\/div>\n\n\n\n<div class=\"progress_bar\"><span><\/span><\/div>\n<\/div><\/div>","protected":false},"excerpt":{"rendered":"<p>March Offcially integrated MemoQ System into our workflow January HansemEUG has a new name &#8211; Hansem global. July Achieved another milestone &#8211; 5,000 projects January Become an independent Language Service Provider for Alibaba and Alibaba Language Group. Handled Mobis long-term, large scale projects from Hyundai&#8230;<\/p>","protected":false},"author":1,"featured_media":0,"parent":0,"menu_order":0,"comment_status":"closed","ping_status":"closed","template":"","meta":{"footnotes":""},"class_list":["post-208","page","type-page","status-publish","hentry"],"yoast_head":"<!-- This site is optimized with the Yoast SEO plugin v25.6 - https:\/\/yoast.com\/wordpress\/plugins\/seo\/ -->\n<title>History - hansemvietnam<\/title>\n<meta name=\"robots\" content=\"index, follow, max-snippet:-1, max-image-preview:large, max-video-preview:-1\" \/>\n<link rel=\"canonical\" href=\"https:\/\/hansemvietnam.com\/vi\/history\/\" \/>\n<meta property=\"og:locale\" content=\"vi_VN\" \/>\n<meta property=\"og:type\" content=\"article\" \/>\n<meta property=\"og:title\" content=\"History - hansemvietnam\" \/>\n<meta property=\"og:description\" content=\"March Offcially integrated MemoQ System into our workflow January HansemEUG has a new name &#8211; Hansem global. July Achieved another milestone &#8211; 5,000 projects January Become an independent Language Service Provider for Alibaba and Alibaba Language Group. Handled Mobis long-term, large scale projects from Hyundai...\" \/>\n<meta property=\"og:url\" content=\"https:\/\/hansemvietnam.com\/vi\/history\/\" \/>\n<meta property=\"og:site_name\" content=\"hansemvietnam\" \/>\n<meta property=\"article:modified_time\" content=\"2022-09-27T00:33:41+00:00\" \/>\n<meta property=\"og:image\" content=\"https:\/\/hansemvietnam.com\/wp-content\/uploads\/2022\/09\/history_image1.png\" \/>\n<meta name=\"twitter:card\" content=\"summary_large_image\" \/>\n<meta name=\"twitter:label1\" content=\"\u01af\u1edbc t\u00ednh th\u1eddi gian \u0111\u1ecdc\" \/>\n\t<meta name=\"twitter:data1\" content=\"1 ph\u00fat\" \/>\n<script type=\"application\/ld+json\" class=\"yoast-schema-graph\">{\"@context\":\"https:\/\/schema.org\",\"@graph\":[{\"@type\":\"WebPage\",\"@id\":\"https:\/\/hansemvietnam.com\/history\/\",\"url\":\"https:\/\/hansemvietnam.com\/history\/\",\"name\":\"History - hansemvietnam\",\"isPartOf\":{\"@id\":\"https:\/\/hansemvietnam.com\/#website\"},\"primaryImageOfPage\":{\"@id\":\"https:\/\/hansemvietnam.com\/history\/#primaryimage\"},\"image\":{\"@id\":\"https:\/\/hansemvietnam.com\/history\/#primaryimage\"},\"thumbnailUrl\":\"https:\/\/hansemvietnam.com\/wp-content\/uploads\/2022\/09\/history_image1.png\",\"datePublished\":\"2022-09-07T10:50:22+00:00\",\"dateModified\":\"2022-09-27T00:33:41+00:00\",\"breadcrumb\":{\"@id\":\"https:\/\/hansemvietnam.com\/history\/#breadcrumb\"},\"inLanguage\":\"vi\",\"potentialAction\":[{\"@type\":\"ReadAction\",\"target\":[\"https:\/\/hansemvietnam.com\/history\/\"]}]},{\"@type\":\"ImageObject\",\"inLanguage\":\"vi\",\"@id\":\"https:\/\/hansemvietnam.com\/history\/#primaryimage\",\"url\":\"https:\/\/hansemvietnam.com\/wp-content\/uploads\/2022\/09\/history_image1.png\",\"contentUrl\":\"https:\/\/hansemvietnam.com\/wp-content\/uploads\/2022\/09\/history_image1.png\"},{\"@type\":\"BreadcrumbList\",\"@id\":\"https:\/\/hansemvietnam.com\/history\/#breadcrumb\",\"itemListElement\":[{\"@type\":\"ListItem\",\"position\":1,\"name\":\"\ud648\",\"item\":\"https:\/\/hansemvietnam.com\/\"},{\"@type\":\"ListItem\",\"position\":2,\"name\":\"History\"}]},{\"@type\":\"WebSite\",\"@id\":\"https:\/\/hansemvietnam.com\/#website\",\"url\":\"https:\/\/hansemvietnam.com\/\",\"name\":\"hansemvietnam\",\"description\":\"\ub610 \ud558\ub098\uc758 \uc6cc\ub4dc\ud504\ub808\uc2a4 \uc0ac\uc774\ud2b8\",\"potentialAction\":[{\"@type\":\"SearchAction\",\"target\":{\"@type\":\"EntryPoint\",\"urlTemplate\":\"https:\/\/hansemvietnam.com\/?s={search_term_string}\"},\"query-input\":{\"@type\":\"PropertyValueSpecification\",\"valueRequired\":true,\"valueName\":\"search_term_string\"}}],\"inLanguage\":\"vi\"}]}<\/script>\n<!-- \/ Yoast SEO plugin. -->","yoast_head_json":{"title":"History - hansemvietnam","robots":{"index":"index","follow":"follow","max-snippet":"max-snippet:-1","max-image-preview":"max-image-preview:large","max-video-preview":"max-video-preview:-1"},"canonical":"https:\/\/hansemvietnam.com\/vi\/history\/","og_locale":"vi_VN","og_type":"article","og_title":"History - hansemvietnam","og_description":"March Offcially integrated MemoQ System into our workflow January HansemEUG has a new name &#8211; Hansem global. July Achieved another milestone &#8211; 5,000 projects January Become an independent Language Service Provider for Alibaba and Alibaba Language Group. Handled Mobis long-term, large scale projects from Hyundai...","og_url":"https:\/\/hansemvietnam.com\/vi\/history\/","og_site_name":"hansemvietnam","article_modified_time":"2022-09-27T00:33:41+00:00","og_image":[{"url":"https:\/\/hansemvietnam.com\/wp-content\/uploads\/2022\/09\/history_image1.png","type":"","width":"","height":""}],"twitter_card":"summary_large_image","twitter_misc":{"\u01af\u1edbc t\u00ednh th\u1eddi gian \u0111\u1ecdc":"1 ph\u00fat"},"schema":{"@context":"https:\/\/schema.org","@graph":[{"@type":"WebPage","@id":"https:\/\/hansemvietnam.com\/history\/","url":"https:\/\/hansemvietnam.com\/history\/","name":"History - hansemvietnam","isPartOf":{"@id":"https:\/\/hansemvietnam.com\/#website"},"primaryImageOfPage":{"@id":"https:\/\/hansemvietnam.com\/history\/#primaryimage"},"image":{"@id":"https:\/\/hansemvietnam.com\/history\/#primaryimage"},"thumbnailUrl":"https:\/\/hansemvietnam.com\/wp-content\/uploads\/2022\/09\/history_image1.png","datePublished":"2022-09-07T10:50:22+00:00","dateModified":"2022-09-27T00:33:41+00:00","breadcrumb":{"@id":"https:\/\/hansemvietnam.com\/history\/#breadcrumb"},"inLanguage":"vi","potentialAction":[{"@type":"ReadAction","target":["https:\/\/hansemvietnam.com\/history\/"]}]},{"@type":"ImageObject","inLanguage":"vi","@id":"https:\/\/hansemvietnam.com\/history\/#primaryimage","url":"https:\/\/hansemvietnam.com\/wp-content\/uploads\/2022\/09\/history_image1.png","contentUrl":"https:\/\/hansemvietnam.com\/wp-content\/uploads\/2022\/09\/history_image1.png"},{"@type":"BreadcrumbList","@id":"https:\/\/hansemvietnam.com\/history\/#breadcrumb","itemListElement":[{"@type":"ListItem","position":1,"name":"\ud648","item":"https:\/\/hansemvietnam.com\/"},{"@type":"ListItem","position":2,"name":"History"}]},{"@type":"WebSite","@id":"https:\/\/hansemvietnam.com\/#website","url":"https:\/\/hansemvietnam.com\/","name":"hansemvietnam","description":"\ub610 \ud558\ub098\uc758 \uc6cc\ub4dc\ud504\ub808\uc2a4 \uc0ac\uc774\ud2b8","potentialAction":[{"@type":"SearchAction","target":{"@type":"EntryPoint","urlTemplate":"https:\/\/hansemvietnam.com\/?s={search_term_string}"},"query-input":{"@type":"PropertyValueSpecification","valueRequired":true,"valueName":"search_term_string"}}],"inLanguage":"vi"}]}},"_links":{"self":[{"href":"https:\/\/hansemvietnam.com\/vi\/wp-json\/wp\/v2\/pages\/208","targetHints":{"allow":["GET"]}}],"collection":[{"href":"https:\/\/hansemvietnam.com\/vi\/wp-json\/wp\/v2\/pages"}],"about":[{"href":"https:\/\/hansemvietnam.com\/vi\/wp-json\/wp\/v2\/types\/page"}],"author":[{"embeddable":true,"href":"https:\/\/hansemvietnam.com\/vi\/wp-json\/wp\/v2\/users\/1"}],"replies":[{"embeddable":true,"href":"https:\/\/hansemvietnam.com\/vi\/wp-json\/wp\/v2\/comments?post=208"}],"version-history":[{"count":0,"href":"https:\/\/hansemvietnam.com\/vi\/wp-json\/wp\/v2\/pages\/208\/revisions"}],"wp:attachment":[{"href":"https:\/\/hansemvietnam.com\/vi\/wp-json\/wp\/v2\/media?parent=208"}],"curies":[{"name":"wp","href":"https:\/\/api.w.org\/{rel}","templated":true}]}}