{"id":212,"date":"2022-09-07T19:52:01","date_gmt":"2022-09-07T10:52:01","guid":{"rendered":"https:\/\/hansemvietnam.com\/?page_id=212"},"modified":"2022-09-15T10:59:37","modified_gmt":"2022-09-15T01:59:37","slug":"subjects","status":"publish","type":"page","link":"https:\/\/hansemvietnam.com\/vi\/subjects\/","title":{"rendered":"L\u0129nh v\u1ef1c"},"content":{"rendered":"<div id=\"tab01\" class=\"wp-block-group\"><div class=\"wp-block-group__inner-container is-layout-flow wp-block-group-is-layout-flow\">\n<div class=\"wp-block-columns wrap is-layout-flex wp-container-core-columns-is-layout-9d6595d7 wp-block-columns-is-layout-flex\">\n<div class=\"wp-block-column subject_title is-layout-flow wp-block-column-is-layout-flow\" style=\"flex-basis:17%\"><\/div>\n\n\n\n<div class=\"wp-block-column subject_visual is-layout-flow wp-block-column-is-layout-flow\" style=\"flex-basis:83%\">\n<figure class=\"wp-block-image size-full moView\"><img loading=\"lazy\" decoding=\"async\" width=\"640\" height=\"640\" src=\"https:\/\/hansemvietnam.com\/wp-content\/uploads\/2022\/09\/subject_tech_mb-1.jpg\" alt=\"\" class=\"wp-image-430\" srcset=\"https:\/\/hansemvietnam.com\/wp-content\/uploads\/2022\/09\/subject_tech_mb-1.jpg 640w, https:\/\/hansemvietnam.com\/wp-content\/uploads\/2022\/09\/subject_tech_mb-1-300x300.jpg 300w, https:\/\/hansemvietnam.com\/wp-content\/uploads\/2022\/09\/subject_tech_mb-1-150x150.jpg 150w\" sizes=\"auto, (max-width: 640px) 100vw, 640px\" \/><\/figure>\n\n\n\n<figure class=\"wp-block-image size-full pcView\"><img loading=\"lazy\" decoding=\"async\" width=\"1024\" height=\"309\" src=\"https:\/\/hansemvietnam.com\/wp-content\/uploads\/2022\/09\/subject_tech_web-1.jpg\" alt=\"\" class=\"wp-image-429\" srcset=\"https:\/\/hansemvietnam.com\/wp-content\/uploads\/2022\/09\/subject_tech_web-1.jpg 1024w, https:\/\/hansemvietnam.com\/wp-content\/uploads\/2022\/09\/subject_tech_web-1-300x91.jpg 300w, https:\/\/hansemvietnam.com\/wp-content\/uploads\/2022\/09\/subject_tech_web-1-768x232.jpg 768w\" sizes=\"auto, (max-width: 1024px) 100vw, 1024px\" \/><\/figure>\n\n\n\n<h3 class=\"wp-block-heading\">C\u00f4ng ngh\u1ec7 th\u00f4ng tin<\/h3>\n\n\n\n<p>Hansem Vi\u1ec7t Nam l\u00e0 chuy\u00ean gia cung c\u1ea5p d\u1ecbch v\u1ee5 ng\u00f4n ng\u1eef, chuy\u00ean v\u1ec1 b\u1ea3n \u0111\u1ecba h\u00f3a ph\u1ea7n m\u1ec1m, t\u00e0i li\u1ec7u v\u00e0 giao di\u1ec7n ng\u01b0\u1eddi d\u00f9ng. \u0110\u1ed9i ng\u0169 chuy\u00ean gia c\u1ee7a ch\u00fang t\u00f4i c\u00f3 nhi\u1ec1u n\u0103m kinh nghi\u1ec7m t\u00edch h\u1ee3p c\u00f4ng ngh\u1ec7 v\u00e0o ng\u00f4n ng\u1eef, v\u0103n h\u00f3a, quy ch\u1ebf \u0111\u1ecba ph\u01b0\u01a1ng. Ch\u00fang t\u00f4i bi\u1ebfn h\u00f3a t\u1ea5t c\u1ea3 c\u00e1c n\u1ec1n t\u1ea3ng v\u00e0 \u1ee9ng d\u1ee5ng tr\u1edf n\u00ean g\u1ea7n g\u0169i v\u1edbi ng\u01b0\u1eddi d\u00f9ng v\u00e0 c\u00f3 kh\u1ea3 n\u0103ng c\u1ea1nh tranh cao tr\u00ean th\u1ecb tr\u01b0\u1eddng.<\/p>\n\n\n\n<p>Hi\u1ec3u bi\u1ebft v\u1ec1 CNTT k\u1ebft h\u1ee3p v\u1edbi chuy\u00ean m\u00f4n ng\u00f4n ng\u1eef khi\u1ebfn Hansem tr\u1edf th\u00e0nh l\u1ef1a ch\u1ecdn x\u1ee9ng \u0111\u00e1ng nh\u1ea5t cho nhu c\u1ea7u b\u1ea3n \u0111\u1ecba h\u00f3a t\u00e0i li\u1ec7u, ph\u1ea7n m\u1ec1m v\u00e0 giao di\u1ec7n ng\u01b0\u1eddi d\u00f9ng c\u1ee7a b\u1ea1n. Ch\u00ednh nh\u1edd c\u00e1c d\u1ecbch v\u1ee5 ng\u00f4n ng\u1eef chu\u1ea9n m\u1ef1c c\u1ee7a m\u00ecnh, ch\u00fang t\u00f4i \u0111\u00e3 thu h\u00fat \u0111\u01b0\u1ee3c m\u1ed9t c\u01a1 s\u1edf kh\u00e1ch h\u00e0ng r\u1ed9ng l\u1edbn v\u00e0 \u1ed5n \u0111\u1ecbnh g\u1ed3m c\u00e1c th\u01b0\u01a1ng hi\u1ec7u c\u00f3 t\u00ean tu\u1ed5i. Ch\u00fang t\u00f4i nh\u1ea5t \u0111\u1ecbnh s\u1ebd kh\u00f4ng l\u00e0m b\u1ea1n th\u1ea5t v\u1ecdng v\u1edbi t\u01b0 c\u00e1ch l\u00e0 \u0111\u1ed1i t\u00e1c cung c\u1ea5p d\u1ecbch v\u1ee5 b\u1ea3n \u0111\u1ecba h\u00f3a l\u0129nh v\u1ef1c CNTT hi\u1ec7u qu\u1ea3 nh\u1ea5t.<\/p>\n\n\n\n<div class=\"wp-block-group our_experience\"><div class=\"wp-block-group__inner-container is-layout-flow wp-block-group-is-layout-flow\">\n<h4 class=\"wp-block-heading\">Kinh nghi\u1ec7m d\u1ecbch thu\u1eadt c\u1ee7a ch\u00fang t\u00f4i:<\/h4>\n\n\n\n<div class=\"wp-block-columns is-layout-flex wp-container-core-columns-is-layout-9d6595d7 wp-block-columns-is-layout-flex\">\n<div class=\"wp-block-column is-layout-flow wp-block-column-is-layout-flow\">\n<ul class=\"wp-block-list\"><li>Ph\u1ea7n m\u1ec1m<\/li><li>L\u01b0u tr\u1eef<\/li><li>B\u1ea3o m\u1eadt d\u1eef li\u1ec7u<\/li><li>\u1ee8ng d\u1ee5ng di \u0111\u1ed9ng<\/li><li>Qu\u1ea3n l\u00fd d\u1eef li\u1ec7u<\/li><\/ul>\n<\/div>\n\n\n\n<div class=\"wp-block-column is-layout-flow wp-block-column-is-layout-flow\">\n<ul class=\"wp-block-list\"><li>\u0110\u00e0o t\u1ea1o tr\u1ef1c tuy\u1ebfn<\/li><li>N\u1ec1n t\u1ea3ng qu\u1ea3ng c\u00e1o tr\u1ef1c tuy\u1ebfn<\/li><li>Giao di\u1ec7n Ng\u01b0\u1eddi v\u1edbi M\u00e1y (MMI)<\/li><li>C\u1ed5ng th\u00f4ng tin web<\/li><li>MTPE<\/li><\/ul>\n<\/div>\n<\/div>\n<\/div><\/div>\n<\/div>\n<\/div>\n<\/div><\/div>\n\n\n\n<div id=\"tab02\" class=\"wp-block-group\"><div class=\"wp-block-group__inner-container is-layout-flow wp-block-group-is-layout-flow\">\n<div class=\"wp-block-columns wrap is-layout-flex wp-container-core-columns-is-layout-9d6595d7 wp-block-columns-is-layout-flex\">\n<div class=\"wp-block-column subject_title is-layout-flow wp-block-column-is-layout-flow\" style=\"flex-basis:17%\"><\/div>\n\n\n\n<div class=\"wp-block-column subject_visual is-layout-flow wp-block-column-is-layout-flow\" style=\"flex-basis:83%\">\n<figure class=\"wp-block-image size-full moView\"><img loading=\"lazy\" decoding=\"async\" width=\"640\" height=\"641\" src=\"https:\/\/hansemvietnam.com\/wp-content\/uploads\/2022\/09\/subject_med_mb-1.jpg\" alt=\"\" class=\"wp-image-431\" srcset=\"https:\/\/hansemvietnam.com\/wp-content\/uploads\/2022\/09\/subject_med_mb-1.jpg 640w, https:\/\/hansemvietnam.com\/wp-content\/uploads\/2022\/09\/subject_med_mb-1-300x300.jpg 300w, https:\/\/hansemvietnam.com\/wp-content\/uploads\/2022\/09\/subject_med_mb-1-150x150.jpg 150w\" sizes=\"auto, (max-width: 640px) 100vw, 640px\" \/><\/figure>\n\n\n\n<figure class=\"wp-block-image size-full pcView\"><img loading=\"lazy\" decoding=\"async\" width=\"1024\" height=\"310\" src=\"https:\/\/hansemvietnam.com\/wp-content\/uploads\/2022\/09\/subject_med_web-1.jpg\" alt=\"\" class=\"wp-image-432\" srcset=\"https:\/\/hansemvietnam.com\/wp-content\/uploads\/2022\/09\/subject_med_web-1.jpg 1024w, https:\/\/hansemvietnam.com\/wp-content\/uploads\/2022\/09\/subject_med_web-1-300x91.jpg 300w, https:\/\/hansemvietnam.com\/wp-content\/uploads\/2022\/09\/subject_med_web-1-768x233.jpg 768w\" sizes=\"auto, (max-width: 1024px) 100vw, 1024px\" \/><\/figure>\n\n\n\n<h3 class=\"wp-block-heading\">Khoa h\u1ecdc \u0111\u1eddi s\u1ed1ng &amp; Y t\u1ebf<\/h3>\n\n\n\n<p>Gi\u1ea5y t\u1edd y t\u1ebf th\u01b0\u1eddng r\u1ea5t ph\u1ee9c t\u1ea1p v\u1edbi r\u1ea5t nhi\u1ec1u thu\u1eadt ng\u1eef, bi\u1ec7t ng\u1eef v\u00e0 c\u00e1c quy tr\u00ecnh c\u1ee5 th\u1ec3 c\u1ee7a ng\u00e0nh. B\u1ea3n \u0111\u1ecba h\u00f3a c\u00e1c t\u00e0i li\u1ec7u n\u00e0y \u0111\u1ebfn m\u1ed9t chu\u1ea9n d\u1ec5 hi\u1ec3u nh\u1ea5t s\u1ebd \u0111\u1ea3m b\u1ea3o kh\u00f4ng b\u1ecb m\u1ea5t th\u00f4ng tin c\u0169ng nh\u01b0 th\u1eddi gian c\u1ee7a b\u1ec7nh nh\u00e2n v\u00e0 kh\u00e1ch h\u00e0ng. C\u00e1c chuy\u00ean gia am hi\u1ec3u l\u0129nh v\u1ef1c ch\u0103m s\u00f3c s\u1ee9c kh\u1ecfe hi\u1ec3u r\u1eb1ng t\u00e0i li\u1ec7u l\u00e0 n\u1ec1n t\u1ea3ng cho s\u1ef1 ph\u00e1t tri\u1ec3n v\u00e0 s\u1ef1 tin t\u01b0\u1edfng c\u1ee7a b\u1ec7nh nh\u00e2n. Hansem Vi\u1ec7t Nam \u0111\u00e3 th\u1ef1c hi\u1ec7n b\u1ea3n \u0111\u1ecba h\u00f3a n\u1ed9i dung c\u1ee7a nhi\u1ec1u t\u1ed5 ch\u1ee9c y t\u1ebf sang c\u00e1c ng\u00f4n ng\u1eef \u0111\u00edch kh\u00e1c nhau. C\u00e1c chuy\u00ean gia c\u1ee7a ch\u00fang t\u00f4i c\u1ef1c k\u1ef3 th\u00e0nh th\u1ea1o c\u00e1c th\u1ee7 t\u1ee5c gi\u1ea5y t\u1edd nh\u01b0 Phi\u1ebfu th\u00f4ng tin b\u1ec7nh nh\u00e2n, Quy\u1ec1n v\u00e0 tr\u00e1ch nhi\u1ec7m, Phi\u1ebfu \u0111\u1ed3ng thu\u1eadn v\u00e0 nhi\u1ec1u gi\u1ea5y t\u1edd kh\u00e1c. Ch\u00fang t\u00f4i c\u00f3 th\u1ec3 gi\u00fap cho b\u1ec7nh nh\u00e2n c\u1ee7a b\u1ea1n \u0111\u1ebfn kh\u00e1m b\u1ec7nh th\u1eadt su\u00f4n s\u1ebb.<\/p>\n\n\n\n<p>\u0110\u1ed1i v\u1edbi n\u1ed9i dung thu\u1ed9c l\u0129nh v\u1ef1c y t\u1ebf ho\u1eb7c khoa h\u1ecdc \u0111\u1eddi s\u1ed1ng, c\u00e1c d\u1ecbch v\u1ee5 c\u1ee7a ch\u00fang t\u00f4i \u0111\u01b0\u1ee3c ch\u1ee9ng nh\u1eadn theo ti\u00eau chu\u1ea9n d\u1ecbch thu\u1eadt qu\u1ed1c t\u1ebf ISO 17100 v\u00e0 ISO 9001. Ngo\u00e0i ra, ch\u00fang t\u00f4i c\u00f2n c\u00f3 m\u1ed9t \u0111\u1ed9i d\u1ecbch thu\u1eadt chuy\u00ean v\u1ec1 khoa h\u1ecdc \u0111\u1eddi s\u1ed1ng bao g\u1ed3m qu\u1ea3n l\u00fd d\u1ef1 \u00e1n, chuy\u00ean gia trong ng\u00e0nh, chuy\u00ean vi\u00ean \u0111\u1ea3m b\u1ea3o ch\u1ea5t l\u01b0\u1ee3ng ng\u00f4n ng\u1eef c\u00f9ng \u0111\u1ed9i ng\u0169 tu\u00e2n th\u1ee7 ch\u00ednh s\u00e1ch s\u1ebd \u0111\u1ea3m b\u1ea3o tu\u00e2n th\u1ee7 c\u00e1c y\u00eau c\u1ea7u nghi\u00eam ng\u1eb7t v\u00e0 c\u00e1c ch\u00ednh s\u00e1ch c\u1ea7n tu\u00e2n th\u1ee7, cho d\u00f9 l\u00e0 d\u1ecbch ng\u01b0\u1ee3c hay d\u1ecbch xu\u00f4i.<\/p>\n\n\n\n<div class=\"wp-block-group our_experience\"><div class=\"wp-block-group__inner-container is-layout-flow wp-block-group-is-layout-flow\">\n<h4 class=\"wp-block-heading\">Kinh nghi\u1ec7m d\u1ecbch thu\u1eadt c\u1ee7a ch\u00fang t\u00f4i:<\/h4>\n\n\n\n<div class=\"wp-block-columns is-layout-flex wp-container-core-columns-is-layout-9d6595d7 wp-block-columns-is-layout-flex\">\n<div class=\"wp-block-column is-layout-flow wp-block-column-is-layout-flow\">\n<ul class=\"wp-block-list\"><li>Phi\u1ebfu \u0111\u1ed3ng thu\u1eadn tr\u00ean c\u01a1 s\u1edf \u0111\u01b0\u1ee3c th\u00f4ng tin<\/li><li>H\u01b0\u1edbng d\u1eabn v\u00e0 Ch\u00ednh s\u00e1ch d\u00e0nh cho b\u1ec7nh nh\u00e2n<\/li><li>Th\u1ee7 t\u1ee5c v\u00e0 t\u00e0i li\u1ec7u y t\u1ebf\/ph\u00f2ng th\u00ed nghi\u1ec7m\/k\u1ef9 thu\u1eadt<\/li><li>T\u00e0i li\u1ec7u v\u1ec1 Robot ph\u1eabu thu\u1eadt<\/li><li>Th\u1eed nghi\u1ec7m l\u00e2m s\u00e0ng<\/li><li>H\u01b0\u1edbng d\u1eabn s\u1eed d\u1ee5ng thi\u1ebft b\u1ecb y t\u1ebf<\/li><\/ul>\n<\/div>\n<\/div>\n<\/div><\/div>\n<\/div>\n<\/div>\n<\/div><\/div>\n\n\n\n<div id=\"tab03\" class=\"wp-block-group\"><div class=\"wp-block-group__inner-container is-layout-flow wp-block-group-is-layout-flow\">\n<div class=\"wp-block-columns wrap is-layout-flex wp-container-core-columns-is-layout-9d6595d7 wp-block-columns-is-layout-flex\">\n<div class=\"wp-block-column subject_title is-layout-flow wp-block-column-is-layout-flow\" style=\"flex-basis:17%\"><\/div>\n\n\n\n<div class=\"wp-block-column subject_visual is-layout-flow wp-block-column-is-layout-flow\" style=\"flex-basis:83%\">\n<figure class=\"wp-block-image size-full moView\"><img loading=\"lazy\" decoding=\"async\" width=\"640\" height=\"641\" src=\"https:\/\/hansemvietnam.com\/wp-content\/uploads\/2022\/09\/subject_mkt_mb-1.jpg\" alt=\"\" class=\"wp-image-433\" srcset=\"https:\/\/hansemvietnam.com\/wp-content\/uploads\/2022\/09\/subject_mkt_mb-1.jpg 640w, https:\/\/hansemvietnam.com\/wp-content\/uploads\/2022\/09\/subject_mkt_mb-1-300x300.jpg 300w, https:\/\/hansemvietnam.com\/wp-content\/uploads\/2022\/09\/subject_mkt_mb-1-150x150.jpg 150w\" sizes=\"auto, (max-width: 640px) 100vw, 640px\" \/><\/figure>\n\n\n\n<figure class=\"wp-block-image size-full pcView\"><img loading=\"lazy\" decoding=\"async\" width=\"1024\" height=\"310\" src=\"https:\/\/hansemvietnam.com\/wp-content\/uploads\/2022\/09\/subject_mkt_web-1.jpg\" alt=\"\" class=\"wp-image-434\" srcset=\"https:\/\/hansemvietnam.com\/wp-content\/uploads\/2022\/09\/subject_mkt_web-1.jpg 1024w, https:\/\/hansemvietnam.com\/wp-content\/uploads\/2022\/09\/subject_mkt_web-1-300x91.jpg 300w, https:\/\/hansemvietnam.com\/wp-content\/uploads\/2022\/09\/subject_mkt_web-1-768x233.jpg 768w\" sizes=\"auto, (max-width: 1024px) 100vw, 1024px\" \/><\/figure>\n\n\n\n<h3 class=\"wp-block-heading\">Ti\u1ebfp th\u1ecb<\/h3>\n\n\n\n<p>N\u1ed9i dung ti\u1ebfp th\u1ecb c\u1ea7n ph\u1ea3i thu h\u00fat \u0111\u01b0\u1ee3c s\u1ef1 ch\u00fa \u00fd c\u1ee7a ng\u01b0\u1eddi \u0111\u1ecdc ngay l\u1eadp t\u1ee9c \u0111\u1ec3 thuy\u1ebft ph\u1ee5c h\u1ecd mua h\u00e0ng. Ti\u00eau \u0111\u1ec1 c\u1ea7n ph\u1ea3i d\u1ec5 nh\u1edb v\u00e0 c\u00f3 t\u00e1c \u0111\u1ed9ng m\u1ea1nh \u0111\u1ebfn c\u1ea3m x\u00fac. N\u1ed9i dung ph\u1ea3i ng\u1eafn g\u1ecdn, n\u00eau ra c\u00e1c \u0111i\u1ec3m ch\u00ednh m\u1ed9t c\u00e1ch h\u1ea5p d\u1eabn v\u00e0 d\u1ec5 ti\u1ebfp c\u1eadn. N\u1eafm ch\u1eafc \u0111\u01b0\u1ee3c nh\u1eefng \u0111i\u1ec3m n\u00e0y, Hansem Vi\u1ec7t Nam \u0111\u00e3 v\u00e0 \u0111ang th\u1ef1c hi\u1ec7n c\u00e1c d\u1ef1 \u00e1n d\u1ecbch thu\u1eadt s\u00e1ng t\u1ea1o cho nhi\u1ec1u t\u1eadp \u0111o\u00e0n to\u00e0n c\u1ea7u nh\u1eb1m \u0111\u1ea3m b\u1ea3o th\u00f4ng \u0111i\u1ec7p c\u1ee7a h\u1ecd ph\u00f9 h\u1ee3p v\u1edbi th\u1ecb tr\u01b0\u1eddng ch\u00e2u \u00c1 v\u1ec1 m\u1eb7t v\u0103n h\u00f3a.<\/p>\n\n\n\n<p>N\u1ebfu b\u1ea1n mu\u1ed1n th\u00f4ng \u0111i\u1ec7p c\u1ee7a m\u00ecnh g\u00e2y \u0111\u01b0\u1ee3c ti\u1ebfng vang v\u1edbi kh\u00e1n gi\u1ea3 c\u1ee7a th\u1ecb tr\u01b0\u1eddng c\u1ea7n ti\u1ebfp c\u1eadn th\u00ec d\u1ecbch thu\u1eadt s\u00e1ng t\u1ea1o ch\u00ednh l\u00e0 l\u1ef1a ch\u1ecdn ph\u00f9 h\u1ee3p. D\u1ecbch thu\u1eadt s\u00e1ng t\u1ea1o \u0111\u00f2i h\u1ecfi bi\u00ean d\u1ecbch vi\u00ean c\u00f3 kh\u1ea3 n\u0103ng ng\u00f4n ng\u1eef chuy\u00ean s\u00e2u h\u01a1n so v\u1edbi d\u1ecbch thu\u1eadt th\u00f4ng th\u01b0\u1eddng. \u0110\u1ed9i ng\u0169 bi\u00ean d\u1ecbch vi\u00ean n\u1ed9i b\u1ed9 \u0111\u01b0\u1ee3c \u0111\u00e0o t\u1ea1o chuy\u00ean nghi\u1ec7p v\u00e0 gi\u00e0u kinh nghi\u1ec7m t\u1ea1i Hansem Vi\u1ec7t Nam s\u1ebd \u0111\u1ea3m b\u1ea3o n\u1ed9i dung c\u1ee7a b\u1ea1n \u0111\u01b0\u1ee3c chuy\u1ec3n ng\u1eef m\u00e0 kh\u00f4ng m\u1ea5t \u0111i \u00fd ngh\u0129a ban \u0111\u1ea7u, \u0111\u1ed3ng th\u1eddi v\u1eabn gi\u1eef \u0111\u01b0\u1ee3c gi\u1ecdng \u0111i\u1ec7u v\u00e0 phong c\u00e1ch c\u1ee7a doanh nghi\u1ec7p.<\/p>\n\n\n\n<div class=\"wp-block-group our_experience\"><div class=\"wp-block-group__inner-container is-layout-flow wp-block-group-is-layout-flow\">\n<h4 class=\"wp-block-heading\">Kinh nghi\u1ec7m d\u1ecbch thu\u1eadt c\u1ee7a ch\u00fang t\u00f4i:<\/h4>\n\n\n\n<div class=\"wp-block-columns is-layout-flex wp-container-core-columns-is-layout-9d6595d7 wp-block-columns-is-layout-flex\">\n<div class=\"wp-block-column is-layout-flow wp-block-column-is-layout-flow\">\n<ul class=\"wp-block-list\"><li>T\u1edd g\u1ea5p<\/li><li>Th\u00f4ng c\u00e1o b\u00e1o ch\u00ed<\/li><li>B\u00e0i vi\u1ebft tr\u00ean blog<\/li><li>B\u1ea3n tin<\/li><li>S\u00e1ch \u0111i\u1ec7n t\u1eed<\/li><\/ul>\n<\/div>\n\n\n\n<div class=\"wp-block-column is-layout-flow wp-block-column-is-layout-flow\">\n<ul class=\"wp-block-list\"><li>S\u00e1ch tr\u1eafng<\/li><li>Qu\u1ea3ng c\u00e1o v\u00e0 Khuy\u1ebfn m\u1ea1i<\/li><li>Trang web th\u01b0\u01a1ng m\u1ea1i \u0111i\u1ec7n t\u1eed<\/li><li>Ph\u1ee5 \u0111\u1ec1<\/li><\/ul>\n<\/div>\n<\/div>\n<\/div><\/div>\n<\/div>\n<\/div>\n<\/div><\/div>\n\n\n\n<div id=\"tab04\" class=\"wp-block-group\"><div class=\"wp-block-group__inner-container is-layout-flow wp-block-group-is-layout-flow\">\n<div class=\"wp-block-columns wrap is-layout-flex wp-container-core-columns-is-layout-9d6595d7 wp-block-columns-is-layout-flex\">\n<div class=\"wp-block-column subject_title is-layout-flow wp-block-column-is-layout-flow\" style=\"flex-basis:17%\"><\/div>\n\n\n\n<div class=\"wp-block-column subject_visual is-layout-flow wp-block-column-is-layout-flow\" style=\"flex-basis:83%\">\n<figure class=\"wp-block-image size-full moView\"><img loading=\"lazy\" decoding=\"async\" width=\"640\" height=\"641\" src=\"https:\/\/hansemvietnam.com\/wp-content\/uploads\/2022\/09\/subject_legal_mb-1.jpg\" alt=\"\" class=\"wp-image-435\" srcset=\"https:\/\/hansemvietnam.com\/wp-content\/uploads\/2022\/09\/subject_legal_mb-1.jpg 640w, https:\/\/hansemvietnam.com\/wp-content\/uploads\/2022\/09\/subject_legal_mb-1-300x300.jpg 300w, https:\/\/hansemvietnam.com\/wp-content\/uploads\/2022\/09\/subject_legal_mb-1-150x150.jpg 150w\" sizes=\"auto, (max-width: 640px) 100vw, 640px\" \/><\/figure>\n\n\n\n<figure class=\"wp-block-image size-full pcView\"><img loading=\"lazy\" decoding=\"async\" width=\"1024\" height=\"310\" src=\"https:\/\/hansemvietnam.com\/wp-content\/uploads\/2022\/09\/subject_legal_web-1.jpg\" alt=\"\" class=\"wp-image-436\" srcset=\"https:\/\/hansemvietnam.com\/wp-content\/uploads\/2022\/09\/subject_legal_web-1.jpg 1024w, https:\/\/hansemvietnam.com\/wp-content\/uploads\/2022\/09\/subject_legal_web-1-300x91.jpg 300w, https:\/\/hansemvietnam.com\/wp-content\/uploads\/2022\/09\/subject_legal_web-1-768x233.jpg 768w\" sizes=\"auto, (max-width: 1024px) 100vw, 1024px\" \/><\/figure>\n\n\n\n<h3 class=\"wp-block-heading\">Ph\u00e1p l\u00fd &amp; Kinh doanh<\/h3>\n\n\n\n<p>C\u00e1c t\u00e0i li\u1ec7u ph\u00e1p l\u00fd v\u00e0 gi\u1ea5y t\u1edd \u0111\u01b0\u1ee3c ch\u1ee9ng nh\u1eadn c\u1ea7n \u01b0u ti\u00ean s\u1ef1 ch\u00ednh x\u00e1c v\u00e0 chuy\u00ean nghi\u1ec7p. C\u1ea7n ph\u1ea3i n\u1ed9p b\u1ea3n d\u1ecbch c\u1ee7a nh\u1eefng t\u00e0i li\u1ec7u n\u00e0y cho c\u00e1c v\u0103n ph\u00f2ng Nh\u1eadp c\u01b0 (USCIS), c\u00e1c t\u1ed5 ch\u1ee9c h\u1ecdc thu\u1eadt, t\u00f2a \u00e1n v\u00e0 nhi\u1ec1u c\u01a1 quan ch\u00ednh ph\u1ee7 \u0111\u1ecba ph\u01b0\u01a1ng, ti\u1ec3u bang v\u00e0 li\u00ean bang. Do \u0111\u00f3 c\u00f4ng t\u00e1c d\u1ecbch v\u00e0 ki\u1ec3m tra l\u1ea1i c\u1ea9n th\u1eadn c\u00e1c t\u00e0i li\u1ec7u n\u00e0y n\u00ean \u0111\u01b0\u1ee3c giao cho bi\u00ean d\u1ecbch vi\u00ean \u0111\u1ea1t chu\u1ea9n, th\u00e0nh th\u1ea1o \u1edf c\u1ea3 ng\u00f4n ng\u1eef ngu\u1ed3n l\u1eabn ng\u00f4n ng\u1eef \u0111\u00edch, c\u0169ng nh\u01b0 c\u00f3 hi\u1ec3u bi\u1ebft v\u1ec1 th\u1ee7 t\u1ee5c ph\u00e1p l\u00fd. \u0110\u1ed9i ng\u0169 bi\u00ean d\u1ecbch c\u1ee7a ch\u00fang t\u00f4i ho\u00e0n to\u00e0n l\u00e0 ng\u01b0\u1eddi th\u1eadt v\u1edbi t\u00e1c phong chuy\u00ean nghi\u1ec7p, tu\u00e2n th\u1ee7 \u0111\u1ea7y \u0111\u1ee7 c\u00e1c y\u00eau c\u1ea7u c\u1ee7a ISO17100. N\u1ebfu b\u1ea1n \u0111ang t\u00ecm ki\u1ebfm m\u1ed9t nh\u00e0 cung c\u1ea5p d\u1ecbch v\u1ee5 ng\u00f4n ng\u1eef h\u00e0ng \u0111\u1ea7u, c\u00f3 kinh nghi\u1ec7m \u0111\u1ec3 x\u1eed l\u00fd c\u00e1c t\u00e0i li\u1ec7u nh\u1eadp c\u01b0, ki\u1ec7n t\u1ee5ng v\u00e0 s\u1edf h\u1eefu tr\u00ed tu\u1ec7 th\u00ec Hansem Vi\u1ec7t Nam ch\u00ednh l\u00e0 l\u1ef1a ch\u1ecdn th\u00edch h\u1ee3p nh\u1ea5t.<\/p>\n\n\n\n<div class=\"wp-block-group our_experience\"><div class=\"wp-block-group__inner-container is-layout-flow wp-block-group-is-layout-flow\">\n<h4 class=\"wp-block-heading\">Kinh nghi\u1ec7m d\u1ecbch thu\u1eadt c\u1ee7a ch\u00fang t\u00f4i:<\/h4>\n\n\n\n<div class=\"wp-block-columns is-layout-flex wp-container-core-columns-is-layout-9d6595d7 wp-block-columns-is-layout-flex\">\n<div class=\"wp-block-column is-layout-flow wp-block-column-is-layout-flow\">\n<ul class=\"wp-block-list\"><li>Nh\u1eadp c\u01b0<\/li><li>H\u1ecdc thu\u1eadt (B\u1ea3ng \u0111i\u1ec3m, V\u0103n b\u1eb1ng)<\/li><li>Gi\u1ea5y khai sinh\/k\u1ebft h\u00f4n<\/li><li>B\u1eb1ng c\u1ea5p<\/li><li>T\u00e0i li\u1ec7u t\u00f2a \u00e1n<\/li><li>B\u1eb1ng s\u00e1ng ch\u1ebf<\/li><li>H\u1ee3p \u0111\u1ed3ng kinh doanh<\/li><\/ul>\n<\/div>\n<\/div>\n<\/div><\/div>\n<\/div>\n<\/div>\n<\/div><\/div>","protected":false},"excerpt":{"rendered":"<p>Information Technology Hansem Vietnam is a language service expert in localizing software, documentation, and UI. Our team of experts has years of experience adapting technology to the local language, culture, and regulations. We make all platforms and applications palatable for their users \u2013 and highly&#8230;<\/p>","protected":false},"author":1,"featured_media":0,"parent":0,"menu_order":0,"comment_status":"closed","ping_status":"closed","template":"","meta":{"footnotes":""},"class_list":["post-212","page","type-page","status-publish","hentry"],"yoast_head":"<!-- This site is optimized with the Yoast SEO plugin v25.6 - https:\/\/yoast.com\/wordpress\/plugins\/seo\/ -->\n<title>Subjects - hansemvietnam<\/title>\n<meta name=\"robots\" content=\"index, follow, max-snippet:-1, max-image-preview:large, max-video-preview:-1\" \/>\n<link rel=\"canonical\" href=\"https:\/\/hansemvietnam.com\/vi\/subjects\/\" \/>\n<meta property=\"og:locale\" content=\"vi_VN\" \/>\n<meta property=\"og:type\" content=\"article\" \/>\n<meta property=\"og:title\" content=\"Subjects - hansemvietnam\" \/>\n<meta property=\"og:description\" content=\"Information Technology Hansem Vietnam is a language service expert in localizing software, documentation, and UI. Our team of experts has years of experience adapting technology to the local language, culture, and regulations. We make all platforms and applications palatable for their users \u2013 and highly...\" \/>\n<meta property=\"og:url\" content=\"https:\/\/hansemvietnam.com\/vi\/subjects\/\" \/>\n<meta property=\"og:site_name\" content=\"hansemvietnam\" \/>\n<meta property=\"article:modified_time\" content=\"2022-09-15T01:59:37+00:00\" \/>\n<meta property=\"og:image\" content=\"https:\/\/hansemvietnam.com\/wp-content\/uploads\/2022\/09\/subject_tech_mb-1.jpg\" \/>\n<meta name=\"twitter:card\" content=\"summary_large_image\" \/>\n<meta name=\"twitter:label1\" content=\"\u01af\u1edbc t\u00ednh th\u1eddi gian \u0111\u1ecdc\" \/>\n\t<meta name=\"twitter:data1\" content=\"3 ph\u00fat\" \/>\n<script type=\"application\/ld+json\" class=\"yoast-schema-graph\">{\"@context\":\"https:\/\/schema.org\",\"@graph\":[{\"@type\":\"WebPage\",\"@id\":\"https:\/\/hansemvietnam.com\/subjects\/\",\"url\":\"https:\/\/hansemvietnam.com\/subjects\/\",\"name\":\"Subjects - hansemvietnam\",\"isPartOf\":{\"@id\":\"https:\/\/hansemvietnam.com\/#website\"},\"primaryImageOfPage\":{\"@id\":\"https:\/\/hansemvietnam.com\/subjects\/#primaryimage\"},\"image\":{\"@id\":\"https:\/\/hansemvietnam.com\/subjects\/#primaryimage\"},\"thumbnailUrl\":\"https:\/\/hansemvietnam.com\/wp-content\/uploads\/2022\/09\/subject_tech_mb-1.jpg\",\"datePublished\":\"2022-09-07T10:52:01+00:00\",\"dateModified\":\"2022-09-15T01:59:37+00:00\",\"breadcrumb\":{\"@id\":\"https:\/\/hansemvietnam.com\/subjects\/#breadcrumb\"},\"inLanguage\":\"vi\",\"potentialAction\":[{\"@type\":\"ReadAction\",\"target\":[\"https:\/\/hansemvietnam.com\/subjects\/\"]}]},{\"@type\":\"ImageObject\",\"inLanguage\":\"vi\",\"@id\":\"https:\/\/hansemvietnam.com\/subjects\/#primaryimage\",\"url\":\"https:\/\/hansemvietnam.com\/wp-content\/uploads\/2022\/09\/subject_tech_mb-1.jpg\",\"contentUrl\":\"https:\/\/hansemvietnam.com\/wp-content\/uploads\/2022\/09\/subject_tech_mb-1.jpg\"},{\"@type\":\"BreadcrumbList\",\"@id\":\"https:\/\/hansemvietnam.com\/subjects\/#breadcrumb\",\"itemListElement\":[{\"@type\":\"ListItem\",\"position\":1,\"name\":\"\ud648\",\"item\":\"https:\/\/hansemvietnam.com\/\"},{\"@type\":\"ListItem\",\"position\":2,\"name\":\"Subjects\"}]},{\"@type\":\"WebSite\",\"@id\":\"https:\/\/hansemvietnam.com\/#website\",\"url\":\"https:\/\/hansemvietnam.com\/\",\"name\":\"hansemvietnam\",\"description\":\"\ub610 \ud558\ub098\uc758 \uc6cc\ub4dc\ud504\ub808\uc2a4 \uc0ac\uc774\ud2b8\",\"potentialAction\":[{\"@type\":\"SearchAction\",\"target\":{\"@type\":\"EntryPoint\",\"urlTemplate\":\"https:\/\/hansemvietnam.com\/?s={search_term_string}\"},\"query-input\":{\"@type\":\"PropertyValueSpecification\",\"valueRequired\":true,\"valueName\":\"search_term_string\"}}],\"inLanguage\":\"vi\"}]}<\/script>\n<!-- \/ Yoast SEO plugin. -->","yoast_head_json":{"title":"Subjects - hansemvietnam","robots":{"index":"index","follow":"follow","max-snippet":"max-snippet:-1","max-image-preview":"max-image-preview:large","max-video-preview":"max-video-preview:-1"},"canonical":"https:\/\/hansemvietnam.com\/vi\/subjects\/","og_locale":"vi_VN","og_type":"article","og_title":"Subjects - hansemvietnam","og_description":"Information Technology Hansem Vietnam is a language service expert in localizing software, documentation, and UI. Our team of experts has years of experience adapting technology to the local language, culture, and regulations. We make all platforms and applications palatable for their users \u2013 and highly...","og_url":"https:\/\/hansemvietnam.com\/vi\/subjects\/","og_site_name":"hansemvietnam","article_modified_time":"2022-09-15T01:59:37+00:00","og_image":[{"url":"https:\/\/hansemvietnam.com\/wp-content\/uploads\/2022\/09\/subject_tech_mb-1.jpg","type":"","width":"","height":""}],"twitter_card":"summary_large_image","twitter_misc":{"\u01af\u1edbc t\u00ednh th\u1eddi gian \u0111\u1ecdc":"3 ph\u00fat"},"schema":{"@context":"https:\/\/schema.org","@graph":[{"@type":"WebPage","@id":"https:\/\/hansemvietnam.com\/subjects\/","url":"https:\/\/hansemvietnam.com\/subjects\/","name":"Subjects - hansemvietnam","isPartOf":{"@id":"https:\/\/hansemvietnam.com\/#website"},"primaryImageOfPage":{"@id":"https:\/\/hansemvietnam.com\/subjects\/#primaryimage"},"image":{"@id":"https:\/\/hansemvietnam.com\/subjects\/#primaryimage"},"thumbnailUrl":"https:\/\/hansemvietnam.com\/wp-content\/uploads\/2022\/09\/subject_tech_mb-1.jpg","datePublished":"2022-09-07T10:52:01+00:00","dateModified":"2022-09-15T01:59:37+00:00","breadcrumb":{"@id":"https:\/\/hansemvietnam.com\/subjects\/#breadcrumb"},"inLanguage":"vi","potentialAction":[{"@type":"ReadAction","target":["https:\/\/hansemvietnam.com\/subjects\/"]}]},{"@type":"ImageObject","inLanguage":"vi","@id":"https:\/\/hansemvietnam.com\/subjects\/#primaryimage","url":"https:\/\/hansemvietnam.com\/wp-content\/uploads\/2022\/09\/subject_tech_mb-1.jpg","contentUrl":"https:\/\/hansemvietnam.com\/wp-content\/uploads\/2022\/09\/subject_tech_mb-1.jpg"},{"@type":"BreadcrumbList","@id":"https:\/\/hansemvietnam.com\/subjects\/#breadcrumb","itemListElement":[{"@type":"ListItem","position":1,"name":"\ud648","item":"https:\/\/hansemvietnam.com\/"},{"@type":"ListItem","position":2,"name":"Subjects"}]},{"@type":"WebSite","@id":"https:\/\/hansemvietnam.com\/#website","url":"https:\/\/hansemvietnam.com\/","name":"hansemvietnam","description":"\ub610 \ud558\ub098\uc758 \uc6cc\ub4dc\ud504\ub808\uc2a4 \uc0ac\uc774\ud2b8","potentialAction":[{"@type":"SearchAction","target":{"@type":"EntryPoint","urlTemplate":"https:\/\/hansemvietnam.com\/?s={search_term_string}"},"query-input":{"@type":"PropertyValueSpecification","valueRequired":true,"valueName":"search_term_string"}}],"inLanguage":"vi"}]}},"_links":{"self":[{"href":"https:\/\/hansemvietnam.com\/vi\/wp-json\/wp\/v2\/pages\/212","targetHints":{"allow":["GET"]}}],"collection":[{"href":"https:\/\/hansemvietnam.com\/vi\/wp-json\/wp\/v2\/pages"}],"about":[{"href":"https:\/\/hansemvietnam.com\/vi\/wp-json\/wp\/v2\/types\/page"}],"author":[{"embeddable":true,"href":"https:\/\/hansemvietnam.com\/vi\/wp-json\/wp\/v2\/users\/1"}],"replies":[{"embeddable":true,"href":"https:\/\/hansemvietnam.com\/vi\/wp-json\/wp\/v2\/comments?post=212"}],"version-history":[{"count":0,"href":"https:\/\/hansemvietnam.com\/vi\/wp-json\/wp\/v2\/pages\/212\/revisions"}],"wp:attachment":[{"href":"https:\/\/hansemvietnam.com\/vi\/wp-json\/wp\/v2\/media?parent=212"}],"curies":[{"name":"wp","href":"https:\/\/api.w.org\/{rel}","templated":true}]}}