{"id":214,"date":"2022-09-07T19:52:17","date_gmt":"2022-09-07T10:52:17","guid":{"rendered":"https:\/\/hansemvietnam.com\/?page_id=214"},"modified":"2022-09-15T11:00:42","modified_gmt":"2022-09-15T02:00:42","slug":"vision","status":"publish","type":"page","link":"https:\/\/hansemvietnam.com\/vi\/vision\/","title":{"rendered":"T\u1ea7m nh\u00ecn"},"content":{"rendered":"<div class=\"wp-block-group wrap\"><div class=\"wp-block-group__inner-container is-layout-flow wp-block-group-is-layout-flow\">\n<div class=\"pcView vision_blank\"><\/div>\n<div class=\"vision_wrap\">\n    <div class=\"vision_fixed\">\n        <div class=\"no1\">\n            <div class=\"title_big\">VISION<\/div>\n            <p class=\"title\">S\u1ed1 1<\/p>\n            <!--p class=\"img\"><img decoding=\"async\" src=\"https:\/\/hansemvietnam.com\/wp-content\/uploads\/2022\/08\/img_vision1-1024x1003.png\" alt=\"\"><\/p-->\n            <p class=\"img\"><span><img decoding=\"async\" src=\"https:\/\/hansemvietnam.com\/wp-content\/uploads\/2022\/09\/img_vision1-800x1204-1.png\" alt=\"\"><\/span><\/p>\n            <p class=\"moView txt\">Tr\u1edf th\u00e0nh LSP s\u1ed1 1 \u0110\u00f4ng Nam \u00c1 cung c\u1ea5p d\u1ecbch v\u1ee5 cho t\u1ea5t c\u1ea3 c\u00e1c c\u1eb7p ng\u00f4n ng\u1eef.<\/p>\n<p class=\"pcView txt\">Become the No. 1<br> LSP in South East Asia<br> providing services for<br> all language pairs.<\/p>\n        <\/div>\n    <\/div>\n    <div class=\"vision_fixed\">\n        <div class=\"mission\">\n            <div class=\"title_big\">MISSION<\/div>\n            <p class=\"title\">Ho\u00e0n h\u1ea3o<\/p>\n            <!--p class=\"img\"><img decoding=\"async\" src=\"https:\/\/hansemvietnam.com\/wp-content\/uploads\/2022\/08\/img_vision2-1024x1003.png\" alt=\"\"><\/p-->\n            <p class=\"img\"><span><img decoding=\"async\" src=\"https:\/\/hansemvietnam.com\/wp-content\/uploads\/2022\/09\/img_vision2-800x1204-1.png\" alt=\"\"><\/span><\/p>\n            <p class=\"moView txt\">Cung c\u1ea5p d\u1ecbch v\u1ee5 d\u1ecbch thu\u1eadt ho\u00e0n h\u1ea3o, hi\u1ec7n \u0111\u1ea1i, d\u1ec5 s\u1eed d\u1ee5ng cho Kh\u00e1ch h\u00e0ng.<\/p>\n<p class=\"pcView txt\">Provide user-friendly,<br> up-to-date, and perfect<br> translation service to our Client.<\/p>\n\n        <\/div>\n    <\/div>\n<\/div>\n<div class=\"pcView vision_blank\"><\/div>\n<\/div><\/div>","protected":false},"excerpt":{"rendered":"<p>VISION No.1 Become the No. 1 LSP in South East Asia providing services for all language pairs. Become the No. 1 LSP in South East Asia providing services for all language pairs. MISSION Perfection Provide user-friendly, up-to-date, and perfect translation service to our Client. Provide&#8230;<\/p>","protected":false},"author":1,"featured_media":0,"parent":0,"menu_order":0,"comment_status":"closed","ping_status":"closed","template":"","meta":{"footnotes":""},"class_list":["post-214","page","type-page","status-publish","hentry"],"yoast_head":"<!-- This site is optimized with the Yoast SEO plugin v25.6 - https:\/\/yoast.com\/wordpress\/plugins\/seo\/ -->\n<title>Vision - hansemvietnam<\/title>\n<meta name=\"robots\" content=\"index, follow, max-snippet:-1, max-image-preview:large, max-video-preview:-1\" \/>\n<link rel=\"canonical\" href=\"https:\/\/hansemvietnam.com\/vi\/vision\/\" \/>\n<meta property=\"og:locale\" content=\"vi_VN\" \/>\n<meta property=\"og:type\" content=\"article\" \/>\n<meta property=\"og:title\" content=\"Vision - hansemvietnam\" \/>\n<meta property=\"og:description\" content=\"VISION No.1 Become the No. 1 LSP in South East Asia providing services for all language pairs. Become the No. 1 LSP in South East Asia providing services for all language pairs. MISSION Perfection Provide user-friendly, up-to-date, and perfect translation service to our Client. Provide...\" \/>\n<meta property=\"og:url\" content=\"https:\/\/hansemvietnam.com\/vi\/vision\/\" \/>\n<meta property=\"og:site_name\" content=\"hansemvietnam\" \/>\n<meta property=\"article:modified_time\" content=\"2022-09-15T02:00:42+00:00\" \/>\n<meta property=\"og:image\" content=\"https:\/\/hansemvietnam.com\/wp-content\/uploads\/2022\/08\/img_vision1-1024x1003.png\" \/>\n<meta name=\"twitter:card\" content=\"summary_large_image\" \/>\n<script type=\"application\/ld+json\" class=\"yoast-schema-graph\">{\"@context\":\"https:\/\/schema.org\",\"@graph\":[{\"@type\":\"WebPage\",\"@id\":\"https:\/\/hansemvietnam.com\/vision\/\",\"url\":\"https:\/\/hansemvietnam.com\/vision\/\",\"name\":\"Vision - hansemvietnam\",\"isPartOf\":{\"@id\":\"https:\/\/hansemvietnam.com\/#website\"},\"primaryImageOfPage\":{\"@id\":\"https:\/\/hansemvietnam.com\/vision\/#primaryimage\"},\"image\":{\"@id\":\"https:\/\/hansemvietnam.com\/vision\/#primaryimage\"},\"thumbnailUrl\":\"https:\/\/hansemvietnam.com\/wp-content\/uploads\/2022\/08\/img_vision1-1024x1003.png\",\"datePublished\":\"2022-09-07T10:52:17+00:00\",\"dateModified\":\"2022-09-15T02:00:42+00:00\",\"breadcrumb\":{\"@id\":\"https:\/\/hansemvietnam.com\/vision\/#breadcrumb\"},\"inLanguage\":\"vi\",\"potentialAction\":[{\"@type\":\"ReadAction\",\"target\":[\"https:\/\/hansemvietnam.com\/vision\/\"]}]},{\"@type\":\"ImageObject\",\"inLanguage\":\"vi\",\"@id\":\"https:\/\/hansemvietnam.com\/vision\/#primaryimage\",\"url\":\"https:\/\/hansemvietnam.com\/wp-content\/uploads\/2022\/08\/img_vision1-1024x1003.png\",\"contentUrl\":\"https:\/\/hansemvietnam.com\/wp-content\/uploads\/2022\/08\/img_vision1-1024x1003.png\"},{\"@type\":\"BreadcrumbList\",\"@id\":\"https:\/\/hansemvietnam.com\/vision\/#breadcrumb\",\"itemListElement\":[{\"@type\":\"ListItem\",\"position\":1,\"name\":\"\ud648\",\"item\":\"https:\/\/hansemvietnam.com\/\"},{\"@type\":\"ListItem\",\"position\":2,\"name\":\"Vision\"}]},{\"@type\":\"WebSite\",\"@id\":\"https:\/\/hansemvietnam.com\/#website\",\"url\":\"https:\/\/hansemvietnam.com\/\",\"name\":\"hansemvietnam\",\"description\":\"\ub610 \ud558\ub098\uc758 \uc6cc\ub4dc\ud504\ub808\uc2a4 \uc0ac\uc774\ud2b8\",\"potentialAction\":[{\"@type\":\"SearchAction\",\"target\":{\"@type\":\"EntryPoint\",\"urlTemplate\":\"https:\/\/hansemvietnam.com\/?s={search_term_string}\"},\"query-input\":{\"@type\":\"PropertyValueSpecification\",\"valueRequired\":true,\"valueName\":\"search_term_string\"}}],\"inLanguage\":\"vi\"}]}<\/script>\n<!-- \/ Yoast SEO plugin. -->","yoast_head_json":{"title":"Vision - hansemvietnam","robots":{"index":"index","follow":"follow","max-snippet":"max-snippet:-1","max-image-preview":"max-image-preview:large","max-video-preview":"max-video-preview:-1"},"canonical":"https:\/\/hansemvietnam.com\/vi\/vision\/","og_locale":"vi_VN","og_type":"article","og_title":"Vision - hansemvietnam","og_description":"VISION No.1 Become the No. 1 LSP in South East Asia providing services for all language pairs. Become the No. 1 LSP in South East Asia providing services for all language pairs. MISSION Perfection Provide user-friendly, up-to-date, and perfect translation service to our Client. Provide...","og_url":"https:\/\/hansemvietnam.com\/vi\/vision\/","og_site_name":"hansemvietnam","article_modified_time":"2022-09-15T02:00:42+00:00","og_image":[{"url":"https:\/\/hansemvietnam.com\/wp-content\/uploads\/2022\/08\/img_vision1-1024x1003.png","type":"","width":"","height":""}],"twitter_card":"summary_large_image","schema":{"@context":"https:\/\/schema.org","@graph":[{"@type":"WebPage","@id":"https:\/\/hansemvietnam.com\/vision\/","url":"https:\/\/hansemvietnam.com\/vision\/","name":"Vision - hansemvietnam","isPartOf":{"@id":"https:\/\/hansemvietnam.com\/#website"},"primaryImageOfPage":{"@id":"https:\/\/hansemvietnam.com\/vision\/#primaryimage"},"image":{"@id":"https:\/\/hansemvietnam.com\/vision\/#primaryimage"},"thumbnailUrl":"https:\/\/hansemvietnam.com\/wp-content\/uploads\/2022\/08\/img_vision1-1024x1003.png","datePublished":"2022-09-07T10:52:17+00:00","dateModified":"2022-09-15T02:00:42+00:00","breadcrumb":{"@id":"https:\/\/hansemvietnam.com\/vision\/#breadcrumb"},"inLanguage":"vi","potentialAction":[{"@type":"ReadAction","target":["https:\/\/hansemvietnam.com\/vision\/"]}]},{"@type":"ImageObject","inLanguage":"vi","@id":"https:\/\/hansemvietnam.com\/vision\/#primaryimage","url":"https:\/\/hansemvietnam.com\/wp-content\/uploads\/2022\/08\/img_vision1-1024x1003.png","contentUrl":"https:\/\/hansemvietnam.com\/wp-content\/uploads\/2022\/08\/img_vision1-1024x1003.png"},{"@type":"BreadcrumbList","@id":"https:\/\/hansemvietnam.com\/vision\/#breadcrumb","itemListElement":[{"@type":"ListItem","position":1,"name":"\ud648","item":"https:\/\/hansemvietnam.com\/"},{"@type":"ListItem","position":2,"name":"Vision"}]},{"@type":"WebSite","@id":"https:\/\/hansemvietnam.com\/#website","url":"https:\/\/hansemvietnam.com\/","name":"hansemvietnam","description":"\ub610 \ud558\ub098\uc758 \uc6cc\ub4dc\ud504\ub808\uc2a4 \uc0ac\uc774\ud2b8","potentialAction":[{"@type":"SearchAction","target":{"@type":"EntryPoint","urlTemplate":"https:\/\/hansemvietnam.com\/?s={search_term_string}"},"query-input":{"@type":"PropertyValueSpecification","valueRequired":true,"valueName":"search_term_string"}}],"inLanguage":"vi"}]}},"_links":{"self":[{"href":"https:\/\/hansemvietnam.com\/vi\/wp-json\/wp\/v2\/pages\/214","targetHints":{"allow":["GET"]}}],"collection":[{"href":"https:\/\/hansemvietnam.com\/vi\/wp-json\/wp\/v2\/pages"}],"about":[{"href":"https:\/\/hansemvietnam.com\/vi\/wp-json\/wp\/v2\/types\/page"}],"author":[{"embeddable":true,"href":"https:\/\/hansemvietnam.com\/vi\/wp-json\/wp\/v2\/users\/1"}],"replies":[{"embeddable":true,"href":"https:\/\/hansemvietnam.com\/vi\/wp-json\/wp\/v2\/comments?post=214"}],"version-history":[{"count":0,"href":"https:\/\/hansemvietnam.com\/vi\/wp-json\/wp\/v2\/pages\/214\/revisions"}],"wp:attachment":[{"href":"https:\/\/hansemvietnam.com\/vi\/wp-json\/wp\/v2\/media?parent=214"}],"curies":[{"name":"wp","href":"https:\/\/api.w.org\/{rel}","templated":true}]}}