{"id":54,"date":"2022-09-07T18:28:04","date_gmt":"2022-09-07T09:28:04","guid":{"rendered":"https:\/\/hansemvietnam.com\/?page_id=54"},"modified":"2022-09-08T08:38:53","modified_gmt":"2022-09-07T23:38:53","slug":"business-inquiry","status":"publish","type":"page","link":"https:\/\/hansemvietnam.com\/vi\/business-inquiry\/","title":{"rendered":"C\u01a1 h\u1ed9i h\u1ee3p t\u00e1c"},"content":{"rendered":"<div class=\"wp-block-group wrap\"><div class=\"wp-block-group__inner-container is-layout-flow wp-block-group-is-layout-flow\">\n<p class=\"has-text-align-left busi_txt1\">C\u1ea3m \u01a1n b\u1ea1n \u0111\u00e3 quan t\u00e2m. Ch\u00fang t\u00f4i c\u00f3 th\u1ec3 gi\u00fap g\u00ec kh\u00f4ng?<\/p>\n\n\n\n<div class=\"wp-block-buttons tabBox is-content-justification-center is-layout-flex wp-container-core-buttons-is-layout-16018d1d wp-block-buttons-is-layout-flex\">\n<div class=\"wp-block-button has-custom-width wp-block-button__width-50 is-style-outline is-style-outline--1\"><a class=\"wp-block-button__link\" href=\"https:\/\/hansemvietnam.com\/vi\/business-inquiry\/\" style=\"border-radius:0px\">Y\u00caU C\u1ea6U B\u00c1O GI\u00c1<\/a><\/div>\n\n\n\n<div class=\"wp-block-button has-custom-width wp-block-button__width-50 is-style-outline is-style-outline--2\"><a class=\"wp-block-button__link has-text-color\" href=\"https:\/\/hansemvietnam.com\/vi\/business-inquiry\/2\/\" style=\"border-radius:0px;color:#c8c8c8\">C\u01a1 h\u1ed9i c\u1ed9ng t\u00e1c<\/a><\/div>\n<\/div>\n\n\n\n<p class=\"busi_txt2\">H\u01a1n 120 kh\u00e1ch h\u00e0ng tr\u00ean kh\u1eafp th\u1ebf gi\u1edbi h\u00e0i l\u00f2ng v\u1edbi d\u1ecbch v\u1ee5 c\u1ee7a ch\u00fang t\u00f4i<em>.<\/em><\/p>\n\n\n\n<h3 class=\"wp-block-heading\">B\u00e1o gi\u00e1<\/h3>\n\n\n\n<div class=\"wp-block-contact-form-7-contact-form-selector\"><p class=\"wpcf7-contact-form-not-found\"><strong>L\u1ed7i:<\/strong> Kh\u00f4ng t\u00ecm th\u1ea5y bi\u1ec3u m\u1eabu li\u00ean h\u1ec7.<\/p><\/div>\n<\/div><\/div>\n\n\n\n<!--nextpage-->\n\n\n\n<div class=\"wp-block-group wrap\"><div class=\"wp-block-group__inner-container is-layout-flow wp-block-group-is-layout-flow\">\n<p class=\"has-text-align-left busi_txt1\">C\u1ea3m \u01a1n b\u1ea1n \u0111\u00e3 quan t\u00e2m. Ch\u00fang t\u00f4i c\u00f3 th\u1ec3 gi\u00fap g\u00ec kh\u00f4ng?<\/p>\n\n\n\n<div class=\"wp-block-buttons tabBox is-horizontal is-content-justification-center is-layout-flex wp-container-core-buttons-is-layout-499968f5 wp-block-buttons-is-layout-flex\">\n<div class=\"wp-block-button has-custom-width wp-block-button__width-50 is-style-outline is-style-outline--3\"><a class=\"wp-block-button__link has-text-color\" href=\"https:\/\/hansemvietnam.com\/vi\/business-inquiry\/\" style=\"border-radius:0px;color:#c8c8c8\">Y\u00caU C\u1ea6U B\u00c1O GI\u00c1<\/a><\/div>\n\n\n\n<div class=\"wp-block-button has-custom-width wp-block-button__width-50 is-style-outline is-style-outline--4\"><a class=\"wp-block-button__link\" href=\"https:\/\/hansemvietnam.com\/vi\/business-inquiry\/2\/\" style=\"border-radius:0px\">C\u01a1 h\u1ed9i c\u1ed9ng t\u00e1c<\/a><\/div>\n<\/div>\n\n\n\n<p class=\"busi_txt2\">H\u01a1n 1000 nh\u00e2n l\u1ef1c gi\u00e0u kinh nghi\u1ec7m tr\u00ean to\u00e0n c\u1ea7u<em>.<\/em><\/p>\n\n\n\n<h3 class=\"wp-block-heading\">C\u1ed9ng t\u00e1c vi\u00ean<\/h3>\n\n\n\n<div class=\"wp-block-contact-form-7-contact-form-selector\">\n<div class=\"wpcf7 no-js\" id=\"wpcf7-f178-o1\" lang=\"ko-KR\" dir=\"ltr\" data-wpcf7-id=\"178\">\n<div class=\"screen-reader-response\"><p role=\"status\" aria-live=\"polite\" aria-atomic=\"true\"><\/p> <ul><\/ul><\/div>\n<form action=\"\/vi\/wp-json\/wp\/v2\/pages\/54#wpcf7-f178-o1\" method=\"post\" class=\"wpcf7-form init\" aria-label=\"\ubb38\uc758 \uc591\uc2dd\" enctype=\"multipart\/form-data\" novalidate=\"novalidate\" data-status=\"init\" data-trp-original-action=\"\/vi\/wp-json\/wp\/v2\/pages\/54#wpcf7-f178-o1\">\n<fieldset class=\"hidden-fields-container\"><input type=\"hidden\" name=\"_wpcf7\" value=\"178\" \/><input type=\"hidden\" name=\"_wpcf7_version\" value=\"6.1.1\" \/><input type=\"hidden\" name=\"_wpcf7_locale\" value=\"ko_KR\" \/><input type=\"hidden\" name=\"_wpcf7_unit_tag\" value=\"wpcf7-f178-o1\" \/><input type=\"hidden\" name=\"_wpcf7_container_post\" value=\"0\" \/><input type=\"hidden\" name=\"_wpcf7_posted_data_hash\" value=\"\" \/>\n<\/fieldset>\n<ul id=\"js_mail_form\">\n\t<li>\n\t\t<p><label class=\"get_name\"> <span>T\u00ean<em>.<\/em><\/span> <span class=\"wpcf7-form-control-wrap\" data-name=\"get_name\"><input size=\"40\" maxlength=\"400\" class=\"wpcf7-form-control wpcf7-text wpcf7-validates-as-required\" aria-required=\"true\" aria-invalid=\"false\" placeholder=\"T\u00ean c\u1ee7a b\u1ea1n\" value=\"\" type=\"text\" name=\"get_name\" \/><\/span> <\/label>\n\t\t<\/p>\n\t<\/li>\n\t<li>\n\t\t<p><label class=\"get_pair\"> <span>C\u1eb7p ng\u00f4n ng\u1eef<em>.<\/em><\/span> <span class=\"wpcf7-form-control-wrap\" data-name=\"get_pair\"><input size=\"40\" maxlength=\"400\" class=\"wpcf7-form-control wpcf7-text wpcf7-validates-as-required\" aria-required=\"true\" aria-invalid=\"false\" placeholder=\"C\u1eb7p ng\u00f4n ng\u1eef\" value=\"\" type=\"text\" name=\"get_pair\" \/><\/span> <\/label>\n\t\t<\/p>\n\t<\/li>\n\t<li>\n\t\t<p><label class=\"get_tools\"> <span>C\u00f4ng c\u1ee5 d\u1ecbch thu\u1eadt<em>.<\/em><\/span> <span class=\"wpcf7-form-control-wrap\" data-name=\"get_tools\"><input size=\"40\" maxlength=\"400\" class=\"wpcf7-form-control wpcf7-text wpcf7-validates-as-required\" aria-required=\"true\" aria-invalid=\"false\" placeholder=\"C\u00f4ng c\u1ee5 d\u1ecbch thu\u1eadt\" value=\"\" type=\"text\" name=\"get_tools\" \/><\/span> <\/label>\n\t\t<\/p>\n\t<\/li>\n\t<li>\n\t\t<p><label class=\"get_mail\"> <span>E-mail<em>.<\/em><\/span> <span class=\"wpcf7-form-control-wrap\" data-name=\"get_mail\"><input size=\"40\" maxlength=\"400\" class=\"wpcf7-form-control wpcf7-email wpcf7-validates-as-required wpcf7-text wpcf7-validates-as-email\" aria-required=\"true\" aria-invalid=\"false\" placeholder=\"\u0110\u1ecba ch\u1ec9 e-mail\" value=\"\" type=\"email\" name=\"get_mail\" \/><\/span> <\/label>\n\t\t<\/p>\n\t<\/li>\n\t<li>\n\t\t<p><label class=\"get_phone\"> <span>S\u1ed1 \u0111i\u1ec7n tho\u1ea1i<em>.<\/em><\/span> <span class=\"wpcf7-form-control-wrap\" data-name=\"get_phone\"><input size=\"40\" maxlength=\"400\" class=\"wpcf7-form-control wpcf7-tel wpcf7-validates-as-required wpcf7-text wpcf7-validates-as-tel\" aria-required=\"true\" aria-invalid=\"false\" placeholder=\"S\u1ed1 \u0111i\u1ec7n tho\u1ea1i\" value=\"\" type=\"tel\" name=\"get_phone\" \/><\/span> <\/label>\n\t\t<\/p>\n\t<\/li>\n\t<li>\n\t\t<p><label class=\"get_message\"> <span class=\"tit\">L\u1eddi nh\u1eafn<\/span> <span class=\"wpcf7-form-control-wrap\" data-name=\"get_message\"><textarea cols=\"40\" rows=\"10\" maxlength=\"2000\" class=\"wpcf7-form-control wpcf7-textarea\" aria-invalid=\"false\" placeholder=\"L\u1eddi nh\u1eafn\" name=\"get_message\"><\/textarea><\/span> <\/label>\n\t\t<\/p>\n\t<\/li>\n\t<li>\n\t\t<p><label class=\"get_file\"> <span class=\"tit\">Ph\u1ea7n \u0111\u00ednh k\u00e8m<\/span><span class=\"wpcf7-form-control-wrap\" data-name=\"get_file\"><input size=\"40\" class=\"wpcf7-form-control wpcf7-file\" accept=\".pptx,.ppt,.docx,.doc,.pdf,.xls,.xlsx\" aria-invalid=\"false\" type=\"file\" name=\"get_file\" \/><\/span><\/label>\n\t\t<\/p>\n\t<\/li>\n<\/ul>\n<div class=\"form_text\">\n\t<p class=\"tit\">CH\u00cdNH S\u00c1CH B\u1ea2O M\u1eacT CHO C\u00d4NG TY TNHH HANSEM VI\u1ec6T NAM\n\t<\/p>\n\t<p><br \/>\nT\u1ea1i Hansem Vi\u1ec7t Nam, m\u1ed9t trong nh\u1eefng \u01b0u ti\u00ean ch\u00ednh c\u1ee7a ch\u00fang t\u00f4i l\u00e0 b\u1ea3o m\u1eadt c\u1ee7a kh\u00e1ch truy c\u1eadp. Ch\u00ednh s\u00e1ch b\u1ea3o m\u1eadt n\u00e0y bao g\u1ed3m c\u00e1c lo\u1ea1i th\u00f4ng tin kh\u00e1c nhau \u0111\u01b0\u1ee3c trang web c\u1ee7a ch\u00fang t\u00f4i thu th\u1eadp v\u00e0 ghi l\u1ea1i c\u0169ng nh\u01b0 c\u00e1ch th\u00f4ng tin \u0111\u00f3 \u0111\u01b0\u1ee3c s\u1eed d\u1ee5ng.<br \/>\nN\u1ebfu b\u1ea1n c\u00f3 th\u00eam c\u00e2u h\u1ecfi ho\u1eb7c y\u00eau c\u1ea7u th\u00eam th\u00f4ng tin v\u1ec1 Ch\u00ednh s\u00e1ch b\u1ea3o m\u1eadt c\u1ee7a ch\u00fang t\u00f4i, vui l\u00f2ng li\u00ean h\u1ec7 v\u1edbi ch\u00fang t\u00f4i qua \u0111\u1ecba ch\u1ec9 email: am_hsvn@hansem.com. Ch\u00ednh s\u00e1ch b\u1ea3o m\u1eadt n\u00e0y \u00e1p d\u1ee5ng cho t\u00e0i li\u1ec7u tr\u1ef1c tuy\u1ebfn c\u1ee7a ch\u00fang t\u00f4i v\u00e0 cho ng\u01b0\u1eddi d\u00f9ng truy c\u1eadp trang web c\u1ee7a ch\u00fang t\u00f4i, li\u00ean quan \u0111\u1ebfn th\u00f4ng tin m\u00e0 h\u1ecd ch\u1ecdn chia s\u1ebb ho\u1eb7c th\u00f4ng tin do hansemvietnam.com thu th\u1eadp. Ch\u00ednh s\u00e1ch n\u00e0y kh\u00f4ng \u00e1p d\u1ee5ng cho b\u1ea5t k\u1ef3 th\u00f4ng tin n\u00e0o \u0111\u01b0\u1ee3c thu th\u1eadp ngo\u1ea1i tuy\u1ebfn ho\u1eb7c qua c\u00e1c k\u00eanh b\u00ean ngo\u00e0i.\n\t<\/p>\n\t<p class=\"tit\">\u0110\u1ed3ng \u00fd\n\t<\/p>\n\t<p>B\u1eb1ng c\u00e1ch s\u1eed d\u1ee5ng trang web c\u1ee7a ch\u00fang t\u00f4i, b\u1ea1n \u0111\u1ed3ng \u00fd v\u1edbi Ch\u00ednh s\u00e1ch b\u1ea3o m\u1eadt c\u1ee7a ch\u00fang t\u00f4i v\u00e0 \u0111\u1ed3ng \u00fd v\u1edbi c\u00e1c \u0111i\u1ec1u kho\u1ea3n c\u1ee7a ch\u00ednh s\u00e1ch.\n\t<\/p>\n\t<p class=\"tit\">Th\u00f4ng tin ch\u00fang t\u00f4i thu th\u1eadp\n\t<\/p>\n\t<p><br \/>\nTh\u00f4ng tin c\u00e1 nh\u00e2n m\u00e0 b\u1ea1n \u0111\u01b0\u1ee3c y\u00eau c\u1ea7u cung c\u1ea5p v\u00e0 l\u00fd do thu th\u1eadp s\u1ebd \u0111\u01b0\u1ee3c chuy\u1ec3n \u0111\u1ebfn b\u1ea1n m\u1ed9t c\u00e1ch r\u00f5 r\u00e0ng khi \u0111\u01b0\u1ee3c y\u00eau c\u1ea7u.<br \/>\nN\u1ebfu b\u1ea1n li\u00ean h\u1ec7 tr\u1ef1c ti\u1ebfp v\u1edbi ch\u00fang t\u00f4i, ch\u00fang t\u00f4i c\u00f3 th\u1ec3 nh\u1eadn \u0111\u01b0\u1ee3c th\u00f4ng tin c\u00e1 nh\u00e2n b\u1ed5 sung nh\u01b0 t\u00ean, \u0111\u1ecba ch\u1ec9 email, s\u1ed1 \u0111i\u1ec7n tho\u1ea1i c\u1ee7a b\u1ea1n, n\u1ed9i dung th\u01b0 v\u00e0\/ho\u1eb7c t\u1ec7p \u0111\u00ednh k\u00e8m b\u1ea1n g\u1eedi cho ch\u00fang t\u00f4i v\u00e0 b\u1ea5t k\u1ef3 th\u00f4ng tin n\u00e0o kh\u00e1c m\u00e0 b\u1ea1n ch\u1ecdn cung c\u1ea5p.<br \/>\nKhi b\u1ea1n g\u1eedi cho ch\u00fang t\u00f4i y\u00eau c\u1ea7u li\u00ean quan \u0111\u1ebfn c\u00f4ng vi\u1ec7c, ch\u00fang t\u00f4i c\u00f3 th\u1ec3 y\u00eau c\u1ea7u th\u00f4ng tin li\u00ean h\u1ec7 c\u1ee7a b\u1ea1n, bao g\u1ed3m t\u00ean, t\u00ean c\u00f4ng ty, \u0111\u1ecba ch\u1ec9, \u0111\u1ecba ch\u1ec9 email v\u00e0 s\u1ed1 \u0111i\u1ec7n tho\u1ea1i.\n\t<\/p>\n\t<p class=\"tit\">C\u00e1ch ch\u00fang t\u00f4i s\u1eed d\u1ee5ng th\u00f4ng tin c\u1ee7a b\u1ea1n\n\t<\/p>\n\t<p>Ch\u00fang t\u00f4i s\u1eed d\u1ee5ng th\u00f4ng tin thu th\u1eadp \u0111\u01b0\u1ee3c theo nhi\u1ec1u c\u00e1ch kh\u00e1c nhau, bao g\u1ed3m nh\u01b0ng kh\u00f4ng gi\u1edbi h\u1ea1n \u1edf vi\u1ec7c:\n\t<\/p>\n\t<ul>\n\t\t<li>\n\t\t\t<p>Cung c\u1ea5p, v\u1eadn h\u00e0nh v\u00e0 duy tr\u00ec trang web c\u1ee7a ch\u00fang t\u00f4i\n\t\t\t<\/p>\n\t\t<\/li>\n\t\t<li>\n\t\t\t<p>C\u1ea3i thi\u1ec7n, c\u00e1 nh\u00e2n h\u00f3a v\u00e0 m\u1edf r\u1ed9ng trang web c\u1ee7a ch\u00fang t\u00f4i\n\t\t\t<\/p>\n\t\t<\/li>\n\t\t<li>\n\t\t\t<p>Hi\u1ec3u v\u00e0 ph\u00e2n t\u00edch c\u00e1ch b\u1ea1n s\u1eed d\u1ee5ng trang web c\u1ee7a ch\u00fang t\u00f4i\n\t\t\t<\/p>\n\t\t<\/li>\n\t\t<li>\n\t\t\t<p>Ph\u00e1t tri\u1ec3n c\u00e1c s\u1ea3n ph\u1ea9m, d\u1ecbch v\u1ee5, t\u00ednh n\u0103ng v\u00e0 ch\u1ee9c n\u0103ng m\u1edbi\n\t\t\t<\/p>\n\t\t<\/li>\n\t\t<li>\n\t\t\t<p>Li\u00ean l\u1ea1c tr\u1ef1c ti\u1ebfp \u0111\u1ec3 b\u00e1n h\u00e0ng, ti\u1ebfp th\u1ecb, d\u1ecbch v\u1ee5 kh\u00e1ch h\u00e0ng v\u00e0 cung c\u1ea5p cho b\u1ea1n c\u00e1c b\u1ea3n c\u1eadp nh\u1eadt v\u00e0 th\u00f4ng tin kh\u00e1c li\u00ean quan \u0111\u1ebfn trang web, cho c\u00e1c m\u1ee5c \u0111\u00edch ti\u1ebfp th\u1ecb v\u00e0 khuy\u1ebfn m\u1ea1i\n\t\t\t<\/p>\n\t\t<\/li>\n\t\t<li>\n\t\t\t<p>G\u1eedi email cho b\u1ea1n\n\t\t\t<\/p>\n\t\t<\/li>\n\t<\/ul>\n\t<p class=\"tit\">T\u1ec7p nh\u1eadt k\u00fd\n\t<\/p>\n\t<p><br \/>\nHansemvietnam.com tu\u00e2n theo quy tr\u00ecnh s\u1eed d\u1ee5ng t\u1ec7p nh\u1eadt k\u00fd ti\u00eau chu\u1ea9n. Nh\u1eefng t\u1ec7p n\u00e0y ghi l\u1ea1i kh\u00e1ch truy c\u1eadp khi h\u1ecd truy c\u1eadp trang web c\u1ee7a ch\u00fang t\u00f4i. \u0110\u00e2y l\u00e0 m\u1ed9t th\u00f4ng l\u1ec7 cho t\u1ea5t c\u1ea3 c\u00e1c c\u00f4ng ty l\u01b0u tr\u1eef nh\u01b0 l\u00e0 m\u1ed9t ph\u1ea7n c\u1ee7a ph\u00e2n t\u00edch l\u01b0u l\u01b0\u1ee3ng truy c\u1eadp trang web. Th\u00f4ng tin \u0111\u01b0\u1ee3c thu th\u1eadp trong c\u00e1c t\u1ec7p nh\u1eadt k\u00fd n\u00e0y bao g\u1ed3m \u0111\u1ecba ch\u1ec9 giao th\u1ee9c internet (IP), lo\u1ea1i tr\u00ecnh duy\u1ec7t, Nh\u00e0 cung c\u1ea5p d\u1ecbch v\u1ee5 Internet (ISP), ng\u00e0y v\u00e0 gi\u1edd truy c\u1eadp, c\u00e1c trang chuy\u1ec3n h\u01b0\u1edbng\/tho\u00e1t v\u00e0 c\u00f3 th\u1ec3 l\u00e0 s\u1ed1 l\u1ea7n nh\u1ea5p chu\u1ed9t. D\u1eef li\u1ec7u n\u00e0y kh\u00f4ng \u0111\u01b0\u1ee3c li\u00ean k\u1ebft v\u1edbi b\u1ea5t k\u1ef3 th\u00f4ng tin n\u00e0o c\u00f3 th\u1ec3 nh\u1eadn d\u1ea1ng c\u00e1 nh\u00e2n. M\u1ee5c \u0111\u00edch c\u1ee7a th\u00f4ng tin l\u00e0 ph\u00e2n t\u00edch xu h\u01b0\u1edbng, qu\u1ea3n l\u00fd trang web, theo d\u00f5i chuy\u1ec3n \u0111\u1ed9ng c\u1ee7a ng\u01b0\u1eddi d\u00f9ng trong trang web v\u00e0 thu th\u1eadp th\u00f4ng tin v\u1ec1 nh\u00e2n kh\u1ea9u.\n\t<\/p>\n\t<p class=\"tit\">Ch\u00ednh s\u00e1ch b\u1ea3o m\u1eadt c\u1ee7a \u0110\u1ed1i t\u00e1c qu\u1ea3ng c\u00e1o\n\t<\/p>\n\t<p><br \/>\nB\u1ea1n c\u00f3 th\u1ec3 tham kh\u1ea3o danh s\u00e1ch n\u00e0y \u0111\u1ec3 t\u00ecm Ch\u00ednh s\u00e1ch b\u1ea3o m\u1eadt cho t\u1eebng \u0111\u1ed1i t\u00e1c qu\u1ea3ng c\u00e1o c\u1ee7a ch\u00fang t\u00f4i.<br \/>\nC\u00e1c nh\u00e0 qu\u1ea3ng c\u00e1o b\u00ean th\u1ee9 ba ho\u1eb7c m\u1ea1ng l\u01b0\u1edbi qu\u1ea3ng c\u00e1o s\u1eed d\u1ee5ng c\u00e1c c\u00f4ng ngh\u1ec7 nh\u01b0 cookie, JavaScript ho\u1eb7c Web Beacon \u0111\u01b0\u1ee3c s\u1eed d\u1ee5ng trong c\u00e1c qu\u1ea3ng c\u00e1o v\u00e0 li\u00ean k\u1ebft t\u01b0\u01a1ng \u1ee9ng c\u1ee7a h\u1ecd xu\u1ea5t hi\u1ec7n tr\u00ean hansemvietnam.com. Ch\u00fang t\u1ef1 \u0111\u1ed9ng nh\u1eadn \u0111\u1ecba ch\u1ec9 IP c\u1ee7a b\u1ea1n khi qu\u00e1 tr\u00ecnh n\u00e0y x\u1ea3y ra. Nh\u1eefng c\u00f4ng ngh\u1ec7 n\u00e0y \u0111\u01b0\u1ee3c s\u1eed d\u1ee5ng \u0111\u1ec3 \u0111o l\u01b0\u1eddng hi\u1ec7u qu\u1ea3 c\u1ee7a c\u00e1c chi\u1ebfn d\u1ecbch qu\u1ea3ng c\u00e1o c\u1ee7a h\u1ecd v\u00e0\/ho\u1eb7c \u0111\u1ec3 c\u00e1 nh\u00e2n h\u00f3a n\u1ed9i dung qu\u1ea3ng c\u00e1o m\u00e0 b\u1ea1n th\u1ea5y tr\u00ean c\u00e1c trang web b\u1ea1n ch\u1ecdn truy c\u1eadp.<br \/>\nNote that Hansemglobal.com has no access to or control over the cookies used by third-party advertisers.\n\t<\/p>\n\t<p class=\"tit\">Ch\u00ednh s\u00e1ch b\u1ea3o m\u1eadt c\u1ee7a b\u00ean th\u1ee9 ba\n\t<\/p>\n\t<p><br \/>\nCh\u00ednh s\u00e1ch b\u1ea3o m\u1eadt c\u1ee7a Hansemvietnam.com kh\u00f4ng \u00e1p d\u1ee5ng cho c\u00e1c nh\u00e0 qu\u1ea3ng c\u00e1o ho\u1eb7c trang web kh\u00e1c. Do \u0111\u00f3, ch\u00fang t\u00f4i khuy\u00ean b\u1ea1n n\u00ean tham kh\u1ea3o Ch\u00ednh s\u00e1ch b\u1ea3o m\u1eadt c\u1ee7a c\u00e1c nh\u00e0 qu\u1ea3ng c\u00e1o b\u00ean th\u1ee9 ba n\u00e0y \u0111\u1ec3 bi\u1ebft th\u00eam th\u00f4ng tin. C\u00e1c ch\u00ednh s\u00e1ch n\u00e0y c\u00f3 th\u1ec3 bao g\u1ed3m c\u00e1c ph\u01b0\u01a1ng ph\u00e1p th\u1ef1c hi\u1ec7n c\u1ee7a h\u1ecd v\u00e0 h\u01b0\u1edbng d\u1eabn c\u00e1ch ch\u1ecdn kh\u00f4ng tham gia m\u1ed9t s\u1ed1 t\u00f9y ch\u1ecdn. B\u1ea1n c\u00f3 th\u1ec3 t\u00ecm th\u1ea5y danh s\u00e1ch \u0111\u1ea7y \u0111\u1ee7 c\u00e1c Ch\u00ednh s\u00e1ch b\u1ea3o m\u1eadt n\u00e0y v\u00e0 c\u00e1c li\u00ean k\u1ebft tr\u1ef1c ti\u1ebfp t\u1ea1i \u0111\u00e2y: Li\u00ean k\u1ebft Ch\u00ednh s\u00e1ch b\u1ea3o m\u1eadt.<br \/>\nB\u1ea1n c\u00f3 th\u1ec3 ch\u1ecdn t\u1eaft cookie th\u00f4ng qua c\u00e0i \u0111\u1eb7t tr\u00ecnh duy\u1ec7t c\u00e1 nh\u00e2n c\u1ee7a m\u00ecnh. \u0110\u1ec3 bi\u1ebft th\u00eam th\u00f4ng tin v\u1ec1 qu\u1ea3n l\u00fd cookie v\u1edbi c\u00e1c tr\u00ecnh duy\u1ec7t web c\u1ee5 th\u1ec3, vui l\u00f2ng tham kh\u1ea3o trang ch\u1ee7 tr\u00ecnh duy\u1ec7t c\u1ee7a b\u1ea1n. Cookie l\u00e0 g\u00ec?\n\t<\/p>\n\t<p class=\"tit\">Ch\u00ednh s\u00e1ch b\u1ea3o m\u1eadt c\u1ee7a CCPA (Kh\u00f4ng b\u00e1n th\u00f4ng tin c\u00e1 nh\u00e2n c\u1ee7a t\u00f4i)\n\t<\/p>\n\t<p><br \/>\nTheo CCPA, trong s\u1ed1 c\u00e1c quy\u1ec1n kh\u00e1c, ng\u01b0\u1eddi ti\u00eau d\u00f9ng California c\u00f3 quy\u1ec1n:<br \/>\nY\u00eau c\u1ea7u doanh nghi\u1ec7p thu th\u1eadp d\u1eef li\u1ec7u c\u00e1 nh\u00e2n c\u1ee7a ng\u01b0\u1eddi ti\u00eau d\u00f9ng ti\u1ebft l\u1ed9 c\u00e1c danh m\u1ee5c v\u00e0 ph\u1ea7n d\u1eef li\u1ec7u c\u00e1 nh\u00e2n c\u1ee5 th\u1ec3 m\u00e0 doanh nghi\u1ec7p \u0111\u00e3 thu th\u1eadp v\u1ec1 ng\u01b0\u1eddi ti\u00eau d\u00f9ng.<br \/>\nY\u00eau c\u1ea7u doanh nghi\u1ec7p x\u00f3a m\u1ecdi d\u1eef li\u1ec7u c\u00e1 nh\u00e2n v\u1ec1 ng\u01b0\u1eddi ti\u00eau d\u00f9ng m\u00e0 doanh nghi\u1ec7p \u0111\u00e3 thu th\u1eadp.<br \/>\nY\u00eau c\u1ea7u doanh nghi\u1ec7p b\u00e1n d\u1eef li\u1ec7u c\u00e1 nh\u00e2n c\u1ee7a ng\u01b0\u1eddi ti\u00eau d\u00f9ng, kh\u00f4ng b\u00e1n d\u1eef li\u1ec7u c\u00e1 nh\u00e2n c\u1ee7a ng\u01b0\u1eddi ti\u00eau d\u00f9ng.<br \/>\nN\u1ebfu b\u1ea1n \u0111\u01b0a ra y\u00eau c\u1ea7u, ch\u00fang t\u00f4i c\u00f3 m\u1ed9t th\u00e1ng \u0111\u1ec3 ph\u1ea3n h\u1ed3i b\u1ea1n. N\u1ebfu b\u1ea1n mu\u1ed1n th\u1ef1c hi\u1ec7n b\u1ea5t k\u1ef3 quy\u1ec1n n\u00e0o trong s\u1ed1 n\u00e0y, vui l\u00f2ng li\u00ean h\u1ec7 v\u1edbi ch\u00fang t\u00f4i.\n\t<\/p>\n\t<p class=\"tit\">Ch\u00ednh s\u00e1ch b\u1ea3o m\u1eadt c\u1ee7a GDPR (Quy\u1ec1n b\u1ea3o v\u1ec7 d\u1eef li\u1ec7u)\n\t<\/p>\n\t<p><br \/>\nCh\u00fang t\u00f4i mu\u1ed1n \u0111\u1ea3m b\u1ea3o r\u1eb1ng b\u1ea1n nh\u1eadn th\u1ee9c \u0111\u1ea7y \u0111\u1ee7 v\u1ec1 t\u1ea5t c\u1ea3 c\u00e1c quy\u1ec1n b\u1ea3o v\u1ec7 d\u1eef li\u1ec7u c\u1ee7a m\u00ecnh. M\u1ecdi ng\u01b0\u1eddi d\u00f9ng \u0111\u01b0\u1ee3c h\u01b0\u1edfng nh\u1eefng \u0111i\u1ec1u sau \u0111\u00e2y:<br \/>\nQuy\u1ec1n truy c\u1eadp - B\u1ea1n c\u00f3 quy\u1ec1n y\u00eau c\u1ea7u b\u1ea3n sao d\u1eef li\u1ec7u c\u00e1 nh\u00e2n c\u1ee7a m\u00ecnh. Ch\u00fang t\u00f4i c\u00f3 th\u1ec3 t\u00ednh m\u1ed9t kho\u1ea3n ph\u00ed nh\u1ecf cho d\u1ecbch v\u1ee5 n\u00e0y.<br \/>\nQuy\u1ec1n c\u1ea3i ch\u00ednh - B\u1ea1n c\u00f3 quy\u1ec1n y\u00eau c\u1ea7u ch\u00fang t\u00f4i ch\u1ec9nh s\u1eeda b\u1ea5t k\u1ef3 th\u00f4ng tin n\u00e0o m\u00e0 b\u1ea1n cho l\u00e0 kh\u00f4ng ch\u00ednh x\u00e1c. B\u1ea1n c\u0169ng c\u00f3 quy\u1ec1n y\u00eau c\u1ea7u ch\u00fang t\u00f4i \u0111i\u1ec1n \u0111\u1ea7y \u0111\u1ee7 th\u00f4ng tin m\u00e0 b\u1ea1n cho l\u00e0 ch\u01b0a \u0111\u1ea7y \u0111\u1ee7.<br \/>\nQuy\u1ec1n x\u00f3a - B\u1ea1n c\u00f3 quy\u1ec1n y\u00eau c\u1ea7u ch\u00fang t\u00f4i x\u00f3a d\u1eef li\u1ec7u c\u00e1 nh\u00e2n c\u1ee7a b\u1ea1n, theo m\u1ed9t s\u1ed1 \u0111i\u1ec1u ki\u1ec7n nh\u1ea5t \u0111\u1ecbnh.<br \/>\nQuy\u1ec1n h\u1ea1n ch\u1ebf x\u1eed l\u00fd - B\u1ea1n c\u00f3 quy\u1ec1n y\u00eau c\u1ea7u ch\u00fang t\u00f4i h\u1ea1n ch\u1ebf vi\u1ec7c x\u1eed l\u00fd d\u1eef li\u1ec7u c\u00e1 nh\u00e2n c\u1ee7a b\u1ea1n, theo m\u1ed9t s\u1ed1 \u0111i\u1ec1u ki\u1ec7n nh\u1ea5t \u0111\u1ecbnh.<br \/>\nQuy\u1ec1n ph\u1ea3n \u0111\u1ed1i vi\u1ec7c x\u1eed l\u00fd - B\u1ea1n c\u00f3 quy\u1ec1n ph\u1ea3n \u0111\u1ed1i vi\u1ec7c ch\u00fang t\u00f4i x\u1eed l\u00fd d\u1eef li\u1ec7u c\u00e1 nh\u00e2n c\u1ee7a b\u1ea1n, theo m\u1ed9t s\u1ed1 \u0111i\u1ec1u ki\u1ec7n nh\u1ea5t \u0111\u1ecbnh.<br \/>\nQuy\u1ec1n v\u1ec1 kh\u1ea3 n\u0103ng di chuy\u1ec3n d\u1eef li\u1ec7u - B\u1ea1n c\u00f3 quy\u1ec1n y\u00eau c\u1ea7u ch\u00fang t\u00f4i chuy\u1ec3n d\u1eef li\u1ec7u m\u00e0 ch\u00fang t\u00f4i \u0111\u00e3 thu th\u1eadp \u0111\u01b0\u1ee3c cho m\u1ed9t t\u1ed5 ch\u1ee9c kh\u00e1c ho\u1eb7c tr\u1ef1c ti\u1ebfp cho b\u1ea1n, theo m\u1ed9t s\u1ed1 \u0111i\u1ec1u ki\u1ec7n nh\u1ea5t \u0111\u1ecbnh.<br \/>\nN\u1ebfu b\u1ea1n \u0111\u01b0a ra y\u00eau c\u1ea7u, ch\u00fang t\u00f4i c\u00f3 m\u1ed9t th\u00e1ng \u0111\u1ec3 ph\u1ea3n h\u1ed3i b\u1ea1n. N\u1ebfu b\u1ea1n mu\u1ed1n th\u1ef1c hi\u1ec7n b\u1ea5t k\u1ef3 quy\u1ec1n n\u00e0o trong s\u1ed1 n\u00e0y, vui l\u00f2ng li\u00ean h\u1ec7 v\u1edbi ch\u00fang t\u00f4i.\n\t<\/p>\n\t<p class=\"tit\">Th\u00f4ng tin ng\u01b0\u1eddi d\u00f9ng ch\u01b0a \u0111\u1ee7 tu\u1ed5i\n\t<\/p>\n\t<p><br \/>\nM\u1ed9t ph\u1ea7n \u01b0u ti\u00ean kh\u00e1c c\u1ee7a ch\u00fang t\u00f4i l\u00e0 t\u0103ng c\u01b0\u1eddng b\u1ea3o v\u1ec7 cho tr\u1ebb em ch\u01b0a \u0111\u1ee7 tu\u1ed5i s\u1eed d\u1ee5ng Internet. Ch\u00fang t\u00f4i khuy\u1ebfn kh\u00edch cha m\u1eb9 v\u00e0 ng\u01b0\u1eddi gi\u00e1m h\u1ed9 quan s\u00e1t, tham gia v\u00e0\/ho\u1eb7c gi\u00e1m s\u00e1t v\u00e0 h\u01b0\u1edbng d\u1eabn ho\u1ea1t \u0111\u1ed9ng tr\u1ef1c tuy\u1ebfn c\u1ee7a tr\u1ebb.<br \/>\nhansemvietnam.com kh\u00f4ng c\u1ed1 \u00fd thu th\u1eadp b\u1ea5t k\u1ef3 Th\u00f4ng tin nh\u1eadn d\u1ea1ng c\u00e1 nh\u00e2n n\u00e0o t\u1eeb tr\u1ebb em d\u01b0\u1edbi 13 tu\u1ed5i. N\u1ebfu b\u1ea1n cho r\u1eb1ng con b\u1ea1n \u0111\u00e3 cung c\u1ea5p lo\u1ea1i th\u00f4ng tin n\u00e0y tr\u00ean trang web c\u1ee7a ch\u00fang t\u00f4i, ch\u00fang t\u00f4i \u0111\u1eb7c bi\u1ec7t khuy\u1ebfn kh\u00edch b\u1ea1n li\u00ean h\u1ec7 v\u1edbi ch\u00fang t\u00f4i ngay l\u1eadp t\u1ee9c, ch\u00fang t\u00f4i s\u1ebd nhanh ch\u00f3ng x\u00f3a th\u00f4ng tin \u0111\u00f3 kh\u1ecfi d\u1eef li\u1ec7u c\u1ee7a m\u00ecnh.\n\t<\/p>\n<\/div>\n<div class=\"form_accep\">\n\t<p><span class=\"wpcf7-form-control-wrap\" data-name=\"freelancer\"><span class=\"wpcf7-form-control wpcf7-acceptance\"><span class=\"wpcf7-list-item\"><label><input type=\"checkbox\" name=\"freelancer\" value=\"1\" aria-invalid=\"false\" \/><span class=\"wpcf7-list-item-label\">T\u00f4i ch\u1ea5p nh\u1eadn c\u00e1c \u0111i\u1ec1u kho\u1ea3n c\u1ee7a ch\u00ednh s\u00e1ch b\u1ea3o m\u1eadt<\/span><\/label><\/span><\/span><\/span>\n\t<\/p>\n\t<p><input class=\"wpcf7-form-control wpcf7-submit has-spinner\" type=\"submit\" value=\"G\u1eedi\" \/>\n\t<\/p>\n<\/div><div class=\"wpcf7-response-output\" aria-hidden=\"true\"><\/div>\n<input type=\"hidden\" name=\"trp-form-language\" value=\"vi\"\/><\/form>\n<\/div>\n<\/div>\n<\/div><\/div>","protected":false},"excerpt":{"rendered":"<p>Thanks for your interest. How can we help? More than 120+ satisfied clients all around the world. Quotation<\/p>","protected":false},"author":1,"featured_media":0,"parent":0,"menu_order":0,"comment_status":"closed","ping_status":"closed","template":"","meta":{"footnotes":""},"class_list":["post-54","page","type-page","status-publish","hentry"],"yoast_head":"<!-- This site is optimized with the Yoast SEO plugin v25.6 - https:\/\/yoast.com\/wordpress\/plugins\/seo\/ -->\n<title>Business Inquiry - hansemvietnam<\/title>\n<meta name=\"robots\" content=\"index, follow, max-snippet:-1, max-image-preview:large, max-video-preview:-1\" \/>\n<link rel=\"canonical\" href=\"https:\/\/hansemvietnam.com\/vi\/business-inquiry\/\" \/>\n<link rel=\"next\" href=\"https:\/\/hansemvietnam.com\/business-inquiry\/2\/\" \/>\n<meta property=\"og:locale\" content=\"vi_VN\" \/>\n<meta property=\"og:type\" content=\"article\" \/>\n<meta property=\"og:title\" content=\"Business Inquiry - hansemvietnam\" \/>\n<meta property=\"og:description\" content=\"Thanks for your interest. How can we help? More than 120+ satisfied clients all around the world. Quotation\" \/>\n<meta property=\"og:url\" content=\"https:\/\/hansemvietnam.com\/vi\/business-inquiry\/\" \/>\n<meta property=\"og:site_name\" content=\"hansemvietnam\" \/>\n<meta property=\"article:modified_time\" content=\"2022-09-07T23:38:53+00:00\" \/>\n<meta name=\"twitter:card\" content=\"summary_large_image\" \/>\n<script type=\"application\/ld+json\" class=\"yoast-schema-graph\">{\"@context\":\"https:\/\/schema.org\",\"@graph\":[{\"@type\":\"WebPage\",\"@id\":\"https:\/\/hansemvietnam.com\/business-inquiry\/\",\"url\":\"https:\/\/hansemvietnam.com\/business-inquiry\/\",\"name\":\"Business Inquiry - hansemvietnam\",\"isPartOf\":{\"@id\":\"https:\/\/hansemvietnam.com\/#website\"},\"datePublished\":\"2022-09-07T09:28:04+00:00\",\"dateModified\":\"2022-09-07T23:38:53+00:00\",\"inLanguage\":\"vi\",\"potentialAction\":[{\"@type\":\"ReadAction\",\"target\":[\"https:\/\/hansemvietnam.com\/business-inquiry\/\"]}]},{\"@type\":\"WebSite\",\"@id\":\"https:\/\/hansemvietnam.com\/#website\",\"url\":\"https:\/\/hansemvietnam.com\/\",\"name\":\"hansemvietnam\",\"description\":\"\ub610 \ud558\ub098\uc758 \uc6cc\ub4dc\ud504\ub808\uc2a4 \uc0ac\uc774\ud2b8\",\"potentialAction\":[{\"@type\":\"SearchAction\",\"target\":{\"@type\":\"EntryPoint\",\"urlTemplate\":\"https:\/\/hansemvietnam.com\/?s={search_term_string}\"},\"query-input\":{\"@type\":\"PropertyValueSpecification\",\"valueRequired\":true,\"valueName\":\"search_term_string\"}}],\"inLanguage\":\"vi\"}]}<\/script>\n<!-- \/ Yoast SEO plugin. -->","yoast_head_json":{"title":"Business Inquiry - hansemvietnam","robots":{"index":"index","follow":"follow","max-snippet":"max-snippet:-1","max-image-preview":"max-image-preview:large","max-video-preview":"max-video-preview:-1"},"canonical":"https:\/\/hansemvietnam.com\/vi\/business-inquiry\/","next":"https:\/\/hansemvietnam.com\/business-inquiry\/2\/","og_locale":"vi_VN","og_type":"article","og_title":"Business Inquiry - hansemvietnam","og_description":"Thanks for your interest. How can we help? More than 120+ satisfied clients all around the world. Quotation","og_url":"https:\/\/hansemvietnam.com\/vi\/business-inquiry\/","og_site_name":"hansemvietnam","article_modified_time":"2022-09-07T23:38:53+00:00","twitter_card":"summary_large_image","schema":{"@context":"https:\/\/schema.org","@graph":[{"@type":"WebPage","@id":"https:\/\/hansemvietnam.com\/business-inquiry\/","url":"https:\/\/hansemvietnam.com\/business-inquiry\/","name":"Business Inquiry - hansemvietnam","isPartOf":{"@id":"https:\/\/hansemvietnam.com\/#website"},"datePublished":"2022-09-07T09:28:04+00:00","dateModified":"2022-09-07T23:38:53+00:00","inLanguage":"vi","potentialAction":[{"@type":"ReadAction","target":["https:\/\/hansemvietnam.com\/business-inquiry\/"]}]},{"@type":"WebSite","@id":"https:\/\/hansemvietnam.com\/#website","url":"https:\/\/hansemvietnam.com\/","name":"hansemvietnam","description":"\ub610 \ud558\ub098\uc758 \uc6cc\ub4dc\ud504\ub808\uc2a4 \uc0ac\uc774\ud2b8","potentialAction":[{"@type":"SearchAction","target":{"@type":"EntryPoint","urlTemplate":"https:\/\/hansemvietnam.com\/?s={search_term_string}"},"query-input":{"@type":"PropertyValueSpecification","valueRequired":true,"valueName":"search_term_string"}}],"inLanguage":"vi"}]}},"_links":{"self":[{"href":"https:\/\/hansemvietnam.com\/vi\/wp-json\/wp\/v2\/pages\/54","targetHints":{"allow":["GET"]}}],"collection":[{"href":"https:\/\/hansemvietnam.com\/vi\/wp-json\/wp\/v2\/pages"}],"about":[{"href":"https:\/\/hansemvietnam.com\/vi\/wp-json\/wp\/v2\/types\/page"}],"author":[{"embeddable":true,"href":"https:\/\/hansemvietnam.com\/vi\/wp-json\/wp\/v2\/users\/1"}],"replies":[{"embeddable":true,"href":"https:\/\/hansemvietnam.com\/vi\/wp-json\/wp\/v2\/comments?post=54"}],"version-history":[{"count":0,"href":"https:\/\/hansemvietnam.com\/vi\/wp-json\/wp\/v2\/pages\/54\/revisions"}],"wp:attachment":[{"href":"https:\/\/hansemvietnam.com\/vi\/wp-json\/wp\/v2\/media?parent=54"}],"curies":[{"name":"wp","href":"https:\/\/api.w.org\/{rel}","templated":true}]}}