{"id":9,"date":"2022-09-07T18:16:49","date_gmt":"2022-09-07T09:16:49","guid":{"rendered":"https:\/\/hansemvietnam.com\/?page_id=9"},"modified":"2022-09-23T11:53:32","modified_gmt":"2022-09-23T02:53:32","slug":"aboutus","status":"publish","type":"page","link":"https:\/\/hansemvietnam.com\/vi\/aboutus\/","title":{"rendered":"V\u1ec1 ch\u00fang t\u00f4i"},"content":{"rendered":"<div class=\"wp-block-group team\"><div class=\"wp-block-group__inner-container is-layout-flow wp-block-group-is-layout-flow\">\n<div class=\"wp-block-columns wrap is-layout-flex wp-container-core-columns-is-layout-9d6595d7 wp-block-columns-is-layout-flex\">\n<div class=\"wp-block-column left is-layout-flow wp-block-column-is-layout-flow\" style=\"flex-basis:42.5%\">\n<h3>Gi\u1edbi thi\u1ec7u \u0111\u1ed9i ng\u0169<\/h3>\n<\/div>\n\n\n\n<div class=\"wp-block-column right txt is-layout-flow wp-block-column-is-layout-flow\" style=\"flex-basis:57.5%\">\n<p>Hansem Vi\u1ec7t Nam may m\u1eafn s\u1edf h\u1eefu \u0111\u1ed9i ng\u0169 nh\u00e2n vi\u00ean ch\u0103m ch\u1ec9 v\u00e0 ch\u00ednh tr\u1ef1c. Ch\u00fang t\u00f4i tin t\u01b0\u1edfng v\u00e0o s\u1ee9c m\u1ea1nh \u0111\u1ed3ng \u0111\u1ed9i v\u00e0 h\u1ecdc h\u1ecfi t\u1eeb nh\u1eefng c\u00e1 nh\u00e2n c\u00f9ng chung ch\u00ed h\u01b0\u1edbng. V\u1edbi t\u01b0 t\u01b0\u1edfng \u0111\u00f3, v\u00e0o n\u0103m 2015, ch\u00fang t\u00f4i \u0111\u00e3 t\u1eadp h\u1ee3p m\u1ed9t \u0111\u1ed9i ng\u0169 n\u00f2ng c\u1ed1t g\u1ed3m nh\u1eefng th\u00e0nh vi\u00ean l\u00e0nh ngh\u1ec1 v\u00e0 nhi\u1ec7t huy\u1ebft. Ch\u00fang t\u00f4i \u0111\u00e3 g\u1eafn b\u00f3, h\u1ee3p t\u00e1c v\u00e0 h\u1ed7 tr\u1ee3 nhau v\u00ec m\u1ed9t m\u1ee5c \u0111\u00edch, \u0111\u00f3 l\u00e0 mang \u0111\u1ebfn n\u1ed9i dung b\u1ea3n \u0111\u1ecba h\u00f3a t\u1ed1t nh\u1ea5t cho h\u00e0ng ngh\u00ecn Kh\u00e1ch h\u00e0ng tr\u00ean to\u00e0n th\u1ebf gi\u1edbi.<\/p>\n<\/div>\n<\/div>\n<\/div><\/div>\n\n\n\n<!--\n<marquee loop=\"infinite\" behavior=\"scroll\" direction=\"left\" scrollamount=\"10\" class=\"marquee1\">\n         <span><img decoding=\"async\" src=\"https:\/\/hansemvietnam.com\/wp-content\/uploads\/2022\/07\/team01.png\" alt=\"\"><\/span>\n         <span><img decoding=\"async\" src=\"https:\/\/hansemvietnam.com\/wp-content\/uploads\/2022\/07\/team02.png\" alt=\"\"><\/span>\n         <span><img decoding=\"async\" src=\"https:\/\/hansemvietnam.com\/wp-content\/uploads\/2022\/07\/team03.png\" alt=\"\"><\/span>\n         <span><img decoding=\"async\" src=\"https:\/\/hansemvietnam.com\/wp-content\/uploads\/2022\/07\/team04.png\" alt=\"\"><\/span>\n<\/marquee>\n-->\n\n<div class=\"about_visual\">\n    <ul class=\"about_visual_in\">\n        <li><img decoding=\"async\" src=\"https:\/\/hansemvietnam.com\/wp-content\/uploads\/2022\/09\/teams01.jpg\" alt=\"\"><\/li>\n        <li><img decoding=\"async\" src=\"https:\/\/hansemvietnam.com\/wp-content\/uploads\/2022\/09\/teams02.jpg\" alt=\"\"><\/li>\n        <li><img decoding=\"async\" src=\"https:\/\/hansemvietnam.com\/wp-content\/uploads\/2022\/09\/teams03.jpg\" alt=\"\"><\/li>\n        <li><img decoding=\"async\" src=\"https:\/\/hansemvietnam.com\/wp-content\/uploads\/2022\/09\/teams04.jpg\" alt=\"\"><\/li>\n        <li><img decoding=\"async\" src=\"https:\/\/hansemvietnam.com\/wp-content\/uploads\/2022\/09\/teams05.jpg\" alt=\"\"><\/li>\n        <li><img decoding=\"async\" src=\"https:\/\/hansemvietnam.com\/wp-content\/uploads\/2022\/09\/teams06.jpg\" alt=\"\"><\/li>\n        <li><img decoding=\"async\" src=\"https:\/\/hansemvietnam.com\/wp-content\/uploads\/2022\/09\/teams01.jpg\" alt=\"\"><\/li>\n        <li><img decoding=\"async\" src=\"https:\/\/hansemvietnam.com\/wp-content\/uploads\/2022\/09\/teams02.jpg\" alt=\"\"><\/li>\n        <li><img decoding=\"async\" src=\"https:\/\/hansemvietnam.com\/wp-content\/uploads\/2022\/09\/teams03.jpg\" alt=\"\"><\/li>\n        <li><img decoding=\"async\" src=\"https:\/\/hansemvietnam.com\/wp-content\/uploads\/2022\/09\/teams04.jpg\" alt=\"\"><\/li>\n        <li><img decoding=\"async\" src=\"https:\/\/hansemvietnam.com\/wp-content\/uploads\/2022\/09\/teams05.jpg\" alt=\"\"><\/li>\n        <li><img decoding=\"async\" src=\"https:\/\/hansemvietnam.com\/wp-content\/uploads\/2022\/09\/teams06.jpg\" alt=\"\"><\/li>\n    <\/ul>\n<\/div>\n<!--\n<div class=\"aboutMarquee\">\n    <div class=\"marquee-inner\">        \n        <span class=\"marquee-item\"><img decoding=\"async\" src=\"https:\/\/hansemvietnam.com\/wp-content\/uploads\/2022\/08\/teams01.png\" alt=\"\"><\/span>\n        <span class=\"marquee-item\"><img decoding=\"async\" src=\"https:\/\/hansemvietnam.com\/wp-content\/uploads\/2022\/08\/teams02.png\" alt=\"\"><\/span>\n        <span class=\"marquee-item\"><img decoding=\"async\" src=\"https:\/\/hansemvietnam.com\/wp-content\/uploads\/2022\/08\/teams03.png\" alt=\"\"><\/span>\n        <span class=\"marquee-item\"><img decoding=\"async\" src=\"https:\/\/hansemvietnam.com\/wp-content\/uploads\/2022\/08\/teams04.png\" alt=\"\"><\/span>\n        <span class=\"marquee-item\"><img decoding=\"async\" src=\"https:\/\/hansemvietnam.com\/wp-content\/uploads\/2022\/08\/teams05.png\" alt=\"\"><\/span>\n        <span class=\"marquee-item\"><img decoding=\"async\" src=\"https:\/\/hansemvietnam.com\/wp-content\/uploads\/2022\/08\/teams06.png\" alt=\"\"><\/span>\n        <span class=\"marquee-item\"><img decoding=\"async\" src=\"https:\/\/hansemvietnam.com\/wp-content\/uploads\/2022\/08\/teams01.png\" alt=\"\"><\/span>\n        <span class=\"marquee-item\"><img decoding=\"async\" src=\"https:\/\/hansemvietnam.com\/wp-content\/uploads\/2022\/08\/teams02.png\" alt=\"\"><\/span>\n    <\/div>\n<\/div>\n-->\n\n\n\n<div class=\"wp-block-group message\"><div class=\"wp-block-group__inner-container is-layout-flow wp-block-group-is-layout-flow\">\n<div class=\"wp-block-group wrap\"><div class=\"wp-block-group__inner-container is-layout-flow wp-block-group-is-layout-flow\">\n<h3 class=\"wp-block-heading\">Th\u00f4ng \u0111i\u1ec7p t\u1eeb T\u1ed5ng Gi\u00e1m \u0111\u1ed1c<\/h3>\n\n\n\n<div class=\"wp-block-columns is-layout-flex wp-container-core-columns-is-layout-9d6595d7 wp-block-columns-is-layout-flex\">\n<div class=\"wp-block-column left is-layout-flow wp-block-column-is-layout-flow\" style=\"flex-basis:50%\">\n<figure class=\"wp-block-image size-full moView\"><img loading=\"lazy\" decoding=\"async\" width=\"700\" height=\"350\" src=\"https:\/\/hansemvietnam.com\/wp-content\/uploads\/2022\/09\/ilhong-1.png\" alt=\"\" class=\"wp-image-354\" srcset=\"https:\/\/hansemvietnam.com\/wp-content\/uploads\/2022\/09\/ilhong-1.png 700w, https:\/\/hansemvietnam.com\/wp-content\/uploads\/2022\/09\/ilhong-1-300x150.png 300w\" sizes=\"auto, (max-width: 700px) 100vw, 700px\" \/><\/figure>\n\n\n\n<figure class=\"wp-block-image size-full pcView\"><img loading=\"lazy\" decoding=\"async\" width=\"1024\" height=\"720\" src=\"https:\/\/hansemvietnam.com\/wp-content\/uploads\/2022\/09\/ilhong_pc-1.jpg\" alt=\"\" class=\"wp-image-355\" srcset=\"https:\/\/hansemvietnam.com\/wp-content\/uploads\/2022\/09\/ilhong_pc-1.jpg 1024w, https:\/\/hansemvietnam.com\/wp-content\/uploads\/2022\/09\/ilhong_pc-1-300x211.jpg 300w, https:\/\/hansemvietnam.com\/wp-content\/uploads\/2022\/09\/ilhong_pc-1-768x540.jpg 768w\" sizes=\"auto, (max-width: 1024px) 100vw, 1024px\" \/><\/figure>\n<\/div>\n\n\n\n<div class=\"wp-block-column right is-layout-flow wp-block-column-is-layout-flow\" style=\"flex-basis:50%\">\n<p>\u0110\u1ea7u ti\u00ean t\u00f4i xin g\u1eedi l\u1eddi ch\u00e0o tr\u00e2n tr\u1ecdng nh\u1ea5t \u0111\u1ebfn ng\u01b0\u1eddi truy c\u1eadp trang web Hansem Vi\u1ec7t Nam.<\/p>\n\n\n\n<p>Th\u1ebf k\u1ef7 21 \u0111\u00e1nh d\u1ea5u m\u1ed9t b\u01b0\u1edbc ngo\u1eb7t quan tr\u1ecdng \u0111\u1ed1i v\u1edbi x\u00e3 h\u1ed9i c\u1ee7a ch\u00fang ta. Trong th\u1eddi \u0111\u1ea1i to\u00e0n c\u1ea7u h\u00f3a n\u00e0y, ng\u00f4n ng\u1eef kh\u00f4ng c\u00f2n b\u1ecb h\u1ea1n ch\u1ebf trong m\u1ed9t khu v\u1ef1c, n\u00f3 k\u1ebft n\u1ed1i h\u00e0ng tri\u1ec7u ng\u01b0\u1eddi tr\u00ean to\u00e0n th\u1ebf gi\u1edbi.<\/p>\n\n\n\n<p>Nhi\u1ec1u c\u00f4ng ty \u0111ang ph\u00e1t tri\u1ec3n c\u00e1c gi\u1ea3i ph\u00e1p d\u1ecbch thu\u1eadt kh\u00e1c nhau v\u1edbi s\u1ef1 tr\u1ee3 gi\u00fap c\u1ee7a tr\u00ed tu\u1ec7 nh\u00e2n t\u1ea1o. H\u1ecd li\u00ean t\u1ee5c nghi\u00ean c\u1ee9u, thi\u1ebft k\u1ebf v\u00e0 x\u00e2y d\u1ef1ng c\u00e1c c\u00f4ng c\u1ee5 t\u1ef1 \u0111\u1ed9ng h\u00f3a do m\u00e1y t\u00ednh h\u1ed7 tr\u1ee3 \u0111\u1ec3 x\u1eed l\u00fd nhanh c\u00e1c b\u1ea3n d\u1ecbch quy m\u00f4 l\u1edbn.<\/p>\n\n\n\n<p>Tuy nhi\u00ean, ngay c\u1ea3 khi \u0111\u00e3 nh\u1eefng c\u00f4ng c\u1ee5 d\u1ecbch thu\u1eadt n\u00e0y, v\u1eabn c\u00f3 nh\u1eefng r\u00e0o c\u1ea3n v\u1ec1 m\u1eb7t ng\u00f4n ng\u1eef v\u00e0 kh\u00e1i qu\u00e1t kh\u00f4ng th\u1ec3 v\u01b0\u1ee3t qua. Do \u0111\u00f3, c\u00f4ng vi\u1ec7c B\u1ea3n \u0111\u1ecba h\u00f3a (hay \u201cL10N\u201d) tr\u1edf n\u00ean quan tr\u1ecdng h\u01a1n bao gi\u1edd h\u1ebft. Qu\u00e1 tr\u00ecnh n\u00e0y gi\u00fap nghi\u00ean c\u1ee9u t\u00ecnh h\u00ecnh n\u1ed9i \u0111\u1ecba hi\u1ec7n t\u1ea1i t\u1eeb A \u0111\u1ebfn Z, ch\u1eb3ng h\u1ea1n nh\u01b0 v\u0103n h\u00f3a, phong t\u1ee5c v\u00e0 m\u00f4i tr\u01b0\u1eddng s\u1ed1ng.<\/p>\n\n\n\n<p>Xuy\u00ean su\u1ed1t l\u1ecbch s\u1eed 30 n\u0103m c\u1ee7a c\u00f4ng ty, Hansem Vi\u1ec7t Nam v\u1edbi m\u1ee5c ti\u00eau \"Mang l\u1ea1i gi\u00e1 tr\u1ecb t\u1ed1i \u0111a cho kh\u00e1ch h\u00e0ng\" l\u00e0 \u01b0u ti\u00ean h\u00e0ng \u0111\u1ea7u c\u1ee7a ch\u00fang t\u00f4i. Ch\u00fang t\u00f4i kh\u00f4ng ng\u1eebng c\u1ed1 g\u1eafng mang l\u1ea1i cho kh\u00e1ch h\u00e0ng nh\u1eefng b\u00ed quy\u1ebft v\u00e0 kinh nghi\u1ec7m kh\u00f4ng gi\u1edbi h\u1ea1n trong ng\u00e0nh c\u00f4ng nghi\u1ec7p b\u1ea3n \u0111\u1ecba h\u00f3a. \u0110\u1ec3 th\u1ef1c hi\u1ec7n s\u1ee9 m\u1ec7nh n\u00e0y, ch\u00fang t\u00f4i n\u1ed7 l\u1ef1c k\u1ebft n\u1ed1i kh\u00e1ch h\u00e0ng c\u1ee7a m\u00ecnh v\u1edbi \u0111\u1ed1i t\u01b0\u1ee3ng m\u1ee5c ti\u00eau c\u1ee7a h\u1ecd b\u1eb1ng d\u1ecbch v\u1ee5 b\u1ea3n \u0111\u1ecba h\u00f3a t\u1ed1t nh\u1ea5t v\u00e0 tr\u1edf th\u00e0nh c\u00f4ng ty \u0111\u1ed3ng h\u00e0nh c\u1ee7a kh\u00e1ch h\u00e0ng khi h\u1ecd c\u1ea7n \u0111\u1ebfn c\u00f4ng t\u00e1c d\u1ecbch thu\u1eadt.<\/p>\n\n\n\n<p>Hansem Vi\u1ec7t Nam mong m\u1ecfi c\u00f3 \u0111\u01b0\u1ee3c s\u1ef1 \u1ee7ng h\u1ed9 c\u1ee7a qu\u00fd kh\u00e1ch tr\u01b0\u1edbc nh\u1eefng thay \u0111\u1ed5i v\u00e0 th\u00e1ch th\u1ee9c s\u1eafp t\u1edbi, v\u00e0 t\u00f4i hy v\u1ecdng r\u1eb1ng m\u1ed7i kho\u1ea3nh kh\u1eafc trong cu\u1ed9c s\u1ed1ng h\u00e0ng ng\u00e0y c\u1ee7a qu\u00fd kh\u00e1ch s\u1ebd tr\u00e0n ng\u1eadp ni\u1ec1m vui v\u00e0 hy v\u1ecdng.<\/p>\n\n\n\n<p>Ch\u00e2n th\u00e0nh c\u1ea3m \u01a1n qu\u00fd kh\u00e1ch \u0111\u00e3 kh\u00f4ng ng\u1eebng \u1ee7ng h\u1ed9 v\u00e0 h\u1ee3p t\u00e1c v\u1edbi ch\u00fang t\u00f4i.<\/p>\n\n\n\n<div class=\"wp-block-group signBox\"><div class=\"wp-block-group__inner-container is-layout-flow wp-block-group-is-layout-flow\">\n<p>T\u1ed5ng Gi\u00e1m \u0111\u1ed1c \u0111\u1ea1i di\u1ec7n c\u1ee7a Hansem Vi\u1ec7t Nam<\/p>\n\n\n\n<figure class=\"wp-block-image size-full is-resized sign\"><img loading=\"lazy\" decoding=\"async\" src=\"https:\/\/hansemvietnam.com\/wp-content\/uploads\/2022\/08\/ceo_kimilhong.png\" alt=\"\" class=\"wp-image-36\" width=\"250\" height=\"68\"><\/figure>\n<\/div><\/div>\n<\/div>\n<\/div>\n<\/div><\/div>\n<\/div><\/div>","protected":false},"excerpt":{"rendered":"<p>Meet Our Team Hansem Vietnam is a team of sincere and hardworking individuals. We believe in the power of teamwork and learning from like-minded people. With this in mind, since 2015, we have begun gathering a core team full of solid and dedicated members. Together,&#8230;<\/p>","protected":false},"author":1,"featured_media":0,"parent":0,"menu_order":0,"comment_status":"closed","ping_status":"closed","template":"","meta":{"footnotes":""},"class_list":["post-9","page","type-page","status-publish","hentry"],"yoast_head":"<!-- This site is optimized with the Yoast SEO plugin v25.6 - https:\/\/yoast.com\/wordpress\/plugins\/seo\/ -->\n<title>About us - hansemvietnam<\/title>\n<meta name=\"robots\" content=\"index, follow, max-snippet:-1, max-image-preview:large, max-video-preview:-1\" \/>\n<link rel=\"canonical\" href=\"https:\/\/hansemvietnam.com\/vi\/aboutus\/\" \/>\n<meta property=\"og:locale\" content=\"vi_VN\" \/>\n<meta property=\"og:type\" content=\"article\" \/>\n<meta property=\"og:title\" content=\"About us - hansemvietnam\" \/>\n<meta property=\"og:description\" content=\"Meet Our Team Hansem Vietnam is a team of sincere and hardworking individuals. We believe in the power of teamwork and learning from like-minded people. With this in mind, since 2015, we have begun gathering a core team full of solid and dedicated members. Together,...\" \/>\n<meta property=\"og:url\" content=\"https:\/\/hansemvietnam.com\/vi\/aboutus\/\" \/>\n<meta property=\"og:site_name\" content=\"hansemvietnam\" \/>\n<meta property=\"article:modified_time\" content=\"2022-09-23T02:53:32+00:00\" \/>\n<meta property=\"og:image\" content=\"https:\/\/hansemvietnam.com\/wp-content\/uploads\/2022\/07\/team01.png\" \/>\n<meta name=\"twitter:card\" content=\"summary_large_image\" \/>\n<meta name=\"twitter:label1\" content=\"\u01af\u1edbc t\u00ednh th\u1eddi gian \u0111\u1ecdc\" \/>\n\t<meta name=\"twitter:data1\" content=\"1 ph\u00fat\" \/>\n<script type=\"application\/ld+json\" class=\"yoast-schema-graph\">{\"@context\":\"https:\/\/schema.org\",\"@graph\":[{\"@type\":\"WebPage\",\"@id\":\"https:\/\/hansemvietnam.com\/vi\/aboutus\/\",\"url\":\"https:\/\/hansemvietnam.com\/vi\/aboutus\/\",\"name\":\"About us - hansemvietnam\",\"isPartOf\":{\"@id\":\"https:\/\/hansemvietnam.com\/#website\"},\"primaryImageOfPage\":{\"@id\":\"https:\/\/hansemvietnam.com\/vi\/aboutus\/#primaryimage\"},\"image\":{\"@id\":\"https:\/\/hansemvietnam.com\/vi\/aboutus\/#primaryimage\"},\"thumbnailUrl\":\"https:\/\/hansemvietnam.com\/wp-content\/uploads\/2022\/07\/team01.png\",\"datePublished\":\"2022-09-07T09:16:49+00:00\",\"dateModified\":\"2022-09-23T02:53:32+00:00\",\"breadcrumb\":{\"@id\":\"https:\/\/hansemvietnam.com\/vi\/aboutus\/#breadcrumb\"},\"inLanguage\":\"vi\",\"potentialAction\":[{\"@type\":\"ReadAction\",\"target\":[\"https:\/\/hansemvietnam.com\/vi\/aboutus\/\"]}]},{\"@type\":\"ImageObject\",\"inLanguage\":\"vi\",\"@id\":\"https:\/\/hansemvietnam.com\/vi\/aboutus\/#primaryimage\",\"url\":\"https:\/\/hansemvietnam.com\/wp-content\/uploads\/2022\/07\/team01.png\",\"contentUrl\":\"https:\/\/hansemvietnam.com\/wp-content\/uploads\/2022\/07\/team01.png\"},{\"@type\":\"BreadcrumbList\",\"@id\":\"https:\/\/hansemvietnam.com\/vi\/aboutus\/#breadcrumb\",\"itemListElement\":[{\"@type\":\"ListItem\",\"position\":1,\"name\":\"\ud648\",\"item\":\"https:\/\/hansemvietnam.com\/\"},{\"@type\":\"ListItem\",\"position\":2,\"name\":\"About us\"}]},{\"@type\":\"WebSite\",\"@id\":\"https:\/\/hansemvietnam.com\/#website\",\"url\":\"https:\/\/hansemvietnam.com\/\",\"name\":\"hansemvietnam\",\"description\":\"\ub610 \ud558\ub098\uc758 \uc6cc\ub4dc\ud504\ub808\uc2a4 \uc0ac\uc774\ud2b8\",\"potentialAction\":[{\"@type\":\"SearchAction\",\"target\":{\"@type\":\"EntryPoint\",\"urlTemplate\":\"https:\/\/hansemvietnam.com\/?s={search_term_string}\"},\"query-input\":{\"@type\":\"PropertyValueSpecification\",\"valueRequired\":true,\"valueName\":\"search_term_string\"}}],\"inLanguage\":\"vi\"}]}<\/script>\n<!-- \/ Yoast SEO plugin. -->","yoast_head_json":{"title":"About us - hansemvietnam","robots":{"index":"index","follow":"follow","max-snippet":"max-snippet:-1","max-image-preview":"max-image-preview:large","max-video-preview":"max-video-preview:-1"},"canonical":"https:\/\/hansemvietnam.com\/vi\/aboutus\/","og_locale":"vi_VN","og_type":"article","og_title":"About us - hansemvietnam","og_description":"Meet Our Team Hansem Vietnam is a team of sincere and hardworking individuals. We believe in the power of teamwork and learning from like-minded people. With this in mind, since 2015, we have begun gathering a core team full of solid and dedicated members. Together,...","og_url":"https:\/\/hansemvietnam.com\/vi\/aboutus\/","og_site_name":"hansemvietnam","article_modified_time":"2022-09-23T02:53:32+00:00","og_image":[{"url":"https:\/\/hansemvietnam.com\/wp-content\/uploads\/2022\/07\/team01.png","type":"","width":"","height":""}],"twitter_card":"summary_large_image","twitter_misc":{"\u01af\u1edbc t\u00ednh th\u1eddi gian \u0111\u1ecdc":"1 ph\u00fat"},"schema":{"@context":"https:\/\/schema.org","@graph":[{"@type":"WebPage","@id":"https:\/\/hansemvietnam.com\/vi\/aboutus\/","url":"https:\/\/hansemvietnam.com\/vi\/aboutus\/","name":"About us - hansemvietnam","isPartOf":{"@id":"https:\/\/hansemvietnam.com\/#website"},"primaryImageOfPage":{"@id":"https:\/\/hansemvietnam.com\/vi\/aboutus\/#primaryimage"},"image":{"@id":"https:\/\/hansemvietnam.com\/vi\/aboutus\/#primaryimage"},"thumbnailUrl":"https:\/\/hansemvietnam.com\/wp-content\/uploads\/2022\/07\/team01.png","datePublished":"2022-09-07T09:16:49+00:00","dateModified":"2022-09-23T02:53:32+00:00","breadcrumb":{"@id":"https:\/\/hansemvietnam.com\/vi\/aboutus\/#breadcrumb"},"inLanguage":"vi","potentialAction":[{"@type":"ReadAction","target":["https:\/\/hansemvietnam.com\/vi\/aboutus\/"]}]},{"@type":"ImageObject","inLanguage":"vi","@id":"https:\/\/hansemvietnam.com\/vi\/aboutus\/#primaryimage","url":"https:\/\/hansemvietnam.com\/wp-content\/uploads\/2022\/07\/team01.png","contentUrl":"https:\/\/hansemvietnam.com\/wp-content\/uploads\/2022\/07\/team01.png"},{"@type":"BreadcrumbList","@id":"https:\/\/hansemvietnam.com\/vi\/aboutus\/#breadcrumb","itemListElement":[{"@type":"ListItem","position":1,"name":"\ud648","item":"https:\/\/hansemvietnam.com\/"},{"@type":"ListItem","position":2,"name":"About us"}]},{"@type":"WebSite","@id":"https:\/\/hansemvietnam.com\/#website","url":"https:\/\/hansemvietnam.com\/","name":"hansemvietnam","description":"\ub610 \ud558\ub098\uc758 \uc6cc\ub4dc\ud504\ub808\uc2a4 \uc0ac\uc774\ud2b8","potentialAction":[{"@type":"SearchAction","target":{"@type":"EntryPoint","urlTemplate":"https:\/\/hansemvietnam.com\/?s={search_term_string}"},"query-input":{"@type":"PropertyValueSpecification","valueRequired":true,"valueName":"search_term_string"}}],"inLanguage":"vi"}]}},"_links":{"self":[{"href":"https:\/\/hansemvietnam.com\/vi\/wp-json\/wp\/v2\/pages\/9","targetHints":{"allow":["GET"]}}],"collection":[{"href":"https:\/\/hansemvietnam.com\/vi\/wp-json\/wp\/v2\/pages"}],"about":[{"href":"https:\/\/hansemvietnam.com\/vi\/wp-json\/wp\/v2\/types\/page"}],"author":[{"embeddable":true,"href":"https:\/\/hansemvietnam.com\/vi\/wp-json\/wp\/v2\/users\/1"}],"replies":[{"embeddable":true,"href":"https:\/\/hansemvietnam.com\/vi\/wp-json\/wp\/v2\/comments?post=9"}],"version-history":[{"count":0,"href":"https:\/\/hansemvietnam.com\/vi\/wp-json\/wp\/v2\/pages\/9\/revisions"}],"wp:attachment":[{"href":"https:\/\/hansemvietnam.com\/vi\/wp-json\/wp\/v2\/media?parent=9"}],"curies":[{"name":"wp","href":"https:\/\/api.w.org\/{rel}","templated":true}]}}